{"id":123,"date":"2018-09-19T12:33:17","date_gmt":"2018-09-19T12:33:17","guid":{"rendered":"http:\/\/portal.uab.pt\/alv\/?page_id=123"},"modified":"2024-06-28T18:12:50","modified_gmt":"2024-06-28T18:12:50","slug":"programas-alv","status":"publish","type":"page","link":"https:\/\/portal.uab.pt\/alv\/en\/","title":{"rendered":"Lifelong Learning Programs"},"content":{"rendered":"<p><\/p>\n<p style=\"text-align: center\"><strong>Lifelong Learning Programs<\/strong><\/p>\n<p style=\"text-align: center\">Microcredenciais &#8212; Micro-credentials<br \/>\nForma\u00e7\u00e3o Profissional &#8212; Professional Training<br \/>\nP\u00f3s-gradua\u00e7\u00f5es &#8212; Postgraduate courses<br \/>\nForma\u00e7\u00e3o Cont\u00ednua de Professores &#8212; Continuous Teacher Training<br \/>\nExtens\u00e3o Cultural Universit\u00e1ria &#8212;\u00a0 University and Cultural Extension<br \/>\nEstudos Integrados e Complementares &#8212; Integrated and Complementary Studies<br \/>\nForma\u00e7\u00f5es Modulares Certificadas &#8212; Certified Modular Training<br \/>\nMaiores de 23 anos &#8212; Over 23s<br \/>\nUnidades Curriculares Isoladas &#8212; Isolated Curricular Units<\/p>\n<p>&nbsp;<\/p>","protected":false},"excerpt":{"rendered":"<p>Lifelong Learning Programs Microcredenciais &#8212; Micro-credentials Forma\u00e7\u00e3o Profissional &#8212; Professional Training P\u00f3s-gradua\u00e7\u00f5es &#8212; Postgraduate courses Forma\u00e7\u00e3o Cont\u00ednua de Professores &#8212; Continuous Teacher Training Extens\u00e3o Cultural Universit\u00e1ria &#8212;\u00a0 University and Cultural Extension Estudos Integrados e Complementares &#8212; Integrated and Complementary Studies Forma\u00e7\u00f5es Modulares Certificadas &#8212; Certified Modular Training Maiores de 23 anos &#8212; Over 23s Unidades&#x2026; <a class=\"\" href=\"https:\/\/portal.uab.pt\/alv\/en\/\">Ler +<\/a><\/p>\n","protected":false},"author":1,"featured_media":0,"parent":0,"menu_order":0,"comment_status":"closed","ping_status":"closed","template":"T-programas-alv.php","meta":{"footnotes":""},"class_list":["post-123","page","type-page","status-publish","hentry"],"_links":{"self":[{"href":"https:\/\/portal.uab.pt\/alv\/en\/wp-json\/wp\/v2\/pages\/123","targetHints":{"allow":["GET"]}}],"collection":[{"href":"https:\/\/portal.uab.pt\/alv\/en\/wp-json\/wp\/v2\/pages"}],"about":[{"href":"https:\/\/portal.uab.pt\/alv\/en\/wp-json\/wp\/v2\/types\/page"}],"author":[{"embeddable":true,"href":"https:\/\/portal.uab.pt\/alv\/en\/wp-json\/wp\/v2\/users\/1"}],"replies":[{"embeddable":true,"href":"https:\/\/portal.uab.pt\/alv\/en\/wp-json\/wp\/v2\/comments?post=123"}],"version-history":[{"count":17,"href":"https:\/\/portal.uab.pt\/alv\/en\/wp-json\/wp\/v2\/pages\/123\/revisions"}],"predecessor-version":[{"id":8639,"href":"https:\/\/portal.uab.pt\/alv\/en\/wp-json\/wp\/v2\/pages\/123\/revisions\/8639"}],"wp:attachment":[{"href":"https:\/\/portal.uab.pt\/alv\/en\/wp-json\/wp\/v2\/media?parent=123"}],"curies":[{"name":"wp","href":"https:\/\/api.w.org\/{rel}","templated":true}]}}