{"id":115,"date":"2020-08-10T08:40:18","date_gmt":"2020-08-10T08:40:18","guid":{"rendered":"http:\/\/portal.uab.pt\/alv\/?page_id=115"},"modified":"2025-01-17T14:39:14","modified_gmt":"2025-01-17T14:39:14","slug":"apresentacao","status":"publish","type":"page","link":"https:\/\/portal.uab.pt\/alv\/apresentacao\/","title":{"rendered":"Apresenta\u00e7\u00e3o"},"content":{"rendered":"<p>A Aprendizagem ao Longo da Vida (ALV), conceito fixado em 1996 num relat\u00f3rio do Conselho da Europa, viu o seu programa de a\u00e7\u00e3o estabelecido pela Decis\u00e3o 2006\/1720\/CE, de 15.11.2006, adotada pelo Parlamento Europeu e pelo Conselho da Uni\u00e3o Europeia.<\/p>\n<p>Sendo uma das prioridades estrat\u00e9gicas da UAb, a ALV visa, atrav\u00e9s de cursos n\u00e3o formais, isto \u00e9, cursos n\u00e3o conferentes de grau acad\u00e9mico, a aquisi\u00e7\u00e3o e a melhoria de compet\u00eancias, aptid\u00f5es e conhecimentos de adultos, tendo em vista a constru\u00e7\u00e3o de uma cidadania ativa e o aumento da empregabilidade.<\/p>\n<p>A Unidade para a Aprendizagem ao Longo da Vida (UALV) tem por miss\u00e3o organizar e gerir recursos espec\u00edficos em \u00e1reas estrat\u00e9gicas para a Universidade Aberta, vocacionadas para a cria\u00e7\u00e3o, o desenvolvimento e a oferta de programas e cursos de Aprendizagem ao Longo da Vida (ALV), em articula\u00e7\u00e3o com os Departamentos.<\/p>\n<p>&nbsp;<\/p>\n<p><iframe loading=\"lazy\" title=\"Unidade de Aprendizagem ao Longo da Vida (UALV)\" width=\"620\" height=\"349\" src=\"https:\/\/www.youtube.com\/embed\/kU_JSL7BcXk?feature=oembed\" frameborder=\"0\" allow=\"accelerometer; autoplay; clipboard-write; encrypted-media; gyroscope; picture-in-picture; web-share\" referrerpolicy=\"strict-origin-when-cross-origin\" allowfullscreen><\/iframe><\/p>\n<p>&nbsp;<\/p>\n<p><strong>EQUIPA:<\/strong><\/p>\n<p>Diretor: Fernando Caetano<\/p>\n<p>Assessora: Telma Viegas<br \/>\nSecretariado Executivo: Pedro Santos<br \/>\nSecretariado Administrativo: Ana Pereira<\/p>\n<p>Projeto Impulso 2025 (PRR) &#8211;<br \/>\nGestor de Projeto: Negesse Pina;<br \/>\nSecretariado: Joana Francisco, Milena Cunha, Patr\u00edcia Almeida;<\/p>\n<p>&nbsp;<\/p>","protected":false},"excerpt":{"rendered":"<p>A Aprendizagem ao Longo da Vida (ALV), conceito fixado em 1996 num relat\u00f3rio do Conselho da Europa, viu o seu programa de a\u00e7\u00e3o estabelecido pela Decis\u00e3o 2006\/1720\/CE, de 15.11.2006, adotada pelo Parlamento Europeu e pelo Conselho da Uni\u00e3o Europeia. Sendo uma das prioridades estrat\u00e9gicas da UAb, a ALV visa, atrav\u00e9s de cursos n\u00e3o formais, isto&#x2026; <a class=\"\" href=\"https:\/\/portal.uab.pt\/alv\/apresentacao\/\">Ler +<\/a><\/p>\n","protected":false},"author":1,"featured_media":0,"parent":0,"menu_order":0,"comment_status":"closed","ping_status":"closed","template":"","meta":{"footnotes":""},"class_list":["post-115","page","type-page","status-publish","hentry"],"_links":{"self":[{"href":"https:\/\/portal.uab.pt\/alv\/wp-json\/wp\/v2\/pages\/115","targetHints":{"allow":["GET"]}}],"collection":[{"href":"https:\/\/portal.uab.pt\/alv\/wp-json\/wp\/v2\/pages"}],"about":[{"href":"https:\/\/portal.uab.pt\/alv\/wp-json\/wp\/v2\/types\/page"}],"author":[{"embeddable":true,"href":"https:\/\/portal.uab.pt\/alv\/wp-json\/wp\/v2\/users\/1"}],"replies":[{"embeddable":true,"href":"https:\/\/portal.uab.pt\/alv\/wp-json\/wp\/v2\/comments?post=115"}],"version-history":[{"count":26,"href":"https:\/\/portal.uab.pt\/alv\/wp-json\/wp\/v2\/pages\/115\/revisions"}],"predecessor-version":[{"id":9338,"href":"https:\/\/portal.uab.pt\/alv\/wp-json\/wp\/v2\/pages\/115\/revisions\/9338"}],"wp:attachment":[{"href":"https:\/\/portal.uab.pt\/alv\/wp-json\/wp\/v2\/media?parent=115"}],"curies":[{"name":"wp","href":"https:\/\/api.w.org\/{rel}","templated":true}]}}