{"id":103,"date":"2018-01-03T09:00:42","date_gmt":"2018-01-03T09:00:42","guid":{"rendered":"http:\/\/portal.uab.pt\/dcet\/?page_id=103"},"modified":"2026-02-11T12:15:33","modified_gmt":"2026-02-11T12:15:33","slug":"docentes","status":"publish","type":"page","link":"https:\/\/portal.uab.pt\/dcet\/en\/docentes\/","title":{"rendered":"Academic Staff"},"content":{"rendered":"<p><\/p>\n<ul>\n<li><a href=\"https:\/\/www2.uab.pt\/departamentos\/DCT\/detaildocente.php?doc=91\" target=\"_blank\" rel=\"noopener noreferrer\">Ad\u00e9rito Fernandes Marcos<\/a><\/li>\n<li><a href=\"https:\/\/www2.uab.pt\/departamentos\/DCT\/detaildocente.php?doc=29\" target=\"_blank\" rel=\"noopener noreferrer\">Am\u00edlcar Manuel Ros\u00e1rio Oliveira<\/a><\/li>\n<li><a href=\"https:\/\/www2.uab.pt\/departamentos\/DCT\/detaildocente.php?doc=30\" target=\"_blank\" rel=\"noopener noreferrer\">Ana Lu\u00edsa Pinto de Moura Leite Cunha<\/a><\/li>\n<li><a href=\"https:\/\/www2.uab.pt\/departamentos\/DCT\/detaildocente.php?doc=32\" target=\"_blank\" rel=\"noopener noreferrer\">Ana Paula Figueira Vaz Fernandes<\/a><\/li>\n<li><a href=\"https:\/\/www2.uab.pt\/departamentos\/DCT\/detaildocente.php?doc=33\" target=\"_blank\" rel=\"noopener noreferrer\">Ana Paula Teixeira Martinho<\/a><\/li>\n<li><a href=\"https:\/\/www2.uab.pt\/departamentos\/DCT\/detaildocente.php?doc=34\" target=\"_blank\" rel=\"noopener noreferrer\">Ant\u00f3nio Jorge do Nascimento Morais<\/a><\/li>\n<li><a href=\"https:\/\/www2.uab.pt\/departamentos\/DCT\/detaildocente.php?doc=35\" target=\"_blank\" rel=\"noopener noreferrer\">Ant\u00f3nio Manuel Bandeira Barata Alves de Ara\u00fajo<\/a><\/li>\n<li><a href=\"https:\/\/www2.uab.pt\/departamentos\/DCT\/detaildocente.php?doc=157\" target=\"_blank\" rel=\"noopener noreferrer\">Arnaldo Manuel Pinto dos Santos<\/a><\/li>\n<li><a href=\"https:\/\/www2.uab.pt\/departamentos\/DCT\/detaildocente.php?doc=39\" target=\"_blank\" rel=\"noopener noreferrer\">Carla Maria Bispo Padrel de Oliveira<\/a><\/li>\n<li><a href=\"https:\/\/www2.uab.pt\/departamentos\/DCT\/detaildocente.php?doc=130\" target=\"_blank\" rel=\"noopener noreferrer\">Catarina Sofia da Costa Nunes Duarte<\/a><\/li>\n<li><a href=\"https:\/\/www2.uab.pt\/departamentos\/DCT\/detaildocente.php?doc=170\">C\u00e9lia Maria Dias Ferreira<\/a><\/li>\n<li><a href=\"https:\/\/www2.uab.pt\/departamentos\/DCT\/detaildocente.php?doc=40\" target=\"_blank\" rel=\"noopener noreferrer\">Cristina Maria Pereira Carapeto<\/a><\/li>\n<li><a href=\"https:\/\/www2.uab.pt\/departamentos\/DCT\/detaildocente.php?doc=42\" target=\"_blank\" rel=\"noopener noreferrer\">Fernando Jos\u00e9 Pires Caetano<\/a><\/li>\n<li><a href=\"https:\/\/www2.uab.pt\/departamentos\/DCT\/detaildocente.php?doc=74\" target=\"_blank\" rel=\"noopener noreferrer\">Fernando Manuel Pestana da Costa<\/a><\/li>\n<li><a href=\"https:\/\/www2.uab.pt\/departamentos\/DCT\/detaildocente.php?doc=161\">Gilda Maria Saraiva Dias Ferreira<\/a><\/li>\n<li><a href=\"https:\/\/www2.uab.pt\/departamentos\/DCT\/detaildocente.php?doc=43\" target=\"_blank\" rel=\"noopener noreferrer\">Gracinda Maria Mesquita de Sousa Carvalho<\/a><\/li>\n<li><a href=\"https:\/\/www2.uab.pt\/departamentos\/DCT\/detaildocente.php?doc=162\">Jorge Manuel do Ros\u00e1rio Trindade<\/a><\/li>\n<li><a href=\"https:\/\/www2.uab.pt\/departamentos\/DCT\/detaildocente.php?doc=48\" target=\"_blank\" rel=\"noopener noreferrer\">Jos\u00e9 Henrique S\u00e3o Mamede<\/a><\/li>\n<li><a href=\"https:\/\/www2.uab.pt\/departamentos\/DCT\/detaildocente.php?doc=47\" target=\"_blank\" rel=\"noopener noreferrer\">Jos\u00e9 Pedro Fernandes da Silva Coelho<\/a><\/li>\n<li><a href=\"https:\/\/www2.uab.pt\/departamentos\/DCT\/detaildocente.php?doc=132\" target=\"_blank\" rel=\"noopener noreferrer\">Leonel Caseiro Morgado<\/a><\/li>\n<li><a href=\"https:\/\/www2.uab.pt\/departamentos\/DCT\/detaildocente.php?doc=51\" target=\"_blank\" rel=\"noopener noreferrer\">Lu\u00eds Manuel Pereira Sales Cavique Santos<\/a><\/li>\n<li><a href=\"https:\/\/www2.uab.pt\/departamentos\/DCT\/detaildocente.php?doc=53\" target=\"_blank\" rel=\"noopener noreferrer\">Maria do Ros\u00e1rio Olaia Duarte Ramos<\/a><\/li>\n<li><a href=\"https:\/\/www2.uab.pt\/departamentos\/DCT\/detaildocente.php?doc=55\" target=\"_blank\" rel=\"noopener noreferrer\">Maria Jo\u00e3o Chaves Marques da Cunha Oliveira<\/a><\/li>\n<li><a href=\"https:\/\/www2.uab.pt\/departamentos\/DCT\/detaildocente.php?doc=58\" target=\"_blank\" rel=\"noopener noreferrer\">Nuno Miguel Marques de Sousa<\/a><\/li>\n<li><a href=\"https:\/\/www2.uab.pt\/departamentos\/DCT\/detaildocente.php?doc=59\" target=\"_blank\" rel=\"noopener noreferrer\">Paula Bacelar Valente Costa Nicolau<\/a><\/li>\n<li><a href=\"https:\/\/www2.uab.pt\/departamentos\/DCT\/detaildocente.php?doc=61\" target=\"_blank\" rel=\"noopener noreferrer\">Paulo Miguel Garcia e Costa O\u2019Connor Shirley<\/a><\/li>\n<li>Pedro Duarte Leal Gomes Pestana<\/li>\n<li><a href=\"http:\/\/www2.uab.pt\/departamentos\/DCT\/detaildocente.php?doc=197\">Pedro Jorge Agostinho Alves da Veiga<\/a><\/li>\n<li><a href=\"https:\/\/www2.uab.pt\/departamentos\/DCT\/detaildocente.php?doc=62\" target=\"_blank\" rel=\"noopener noreferrer\">Pedro Jos\u00e9 Silva Pereira<\/a><\/li>\n<li><a href=\"https:\/\/www2.uab.pt\/departamentos\/DCT\/detaildocente.php?doc=111\" target=\"_blank\" rel=\"noopener noreferrer\">Pedro Miguel Picado de Carvalho Serranho<\/a><\/li>\n<li><a href=\"http:\/\/www2.uab.pt\/departamentos\/DCT\/detaildocente.php?doc=184\">Pedro Ricardo Sim\u00e3o Antunes<\/a><\/li>\n<li><a href=\"https:\/\/www2.uab.pt\/departamentos\/DCT\/detaildocente.php?doc=63\" target=\"_blank\" rel=\"noopener noreferrer\">Rafael Silva Sasportes<\/a><\/li>\n<li><a href=\"https:\/\/www2.uab.pt\/departamentos\/DCT\/detaildocente.php?doc=64\" target=\"_blank\" rel=\"noopener noreferrer\">Sandra Sofia Ferreira da Silva Caeiro<\/a><\/li>\n<li><a href=\"https:\/\/www2.uab.pt\/departamentos\/DCT\/detaildocente.php?doc=65\" target=\"_blank\" rel=\"noopener noreferrer\">S\u00f3nia Isabel Fernandes Borges Pena Seixas<\/a><\/li>\n<li><a href=\"https:\/\/www2.uab.pt\/departamentos\/DCT\/detaildocente.php?doc=66\" target=\"_blank\" rel=\"noopener noreferrer\">Teresa Paula Costa Azinheira Oliveira<\/a><\/li>\n<li><a href=\"https:\/\/www2.uab.pt\/departamentos\/DCT\/detaildocente.php?doc=68\" target=\"_blank\" rel=\"noopener noreferrer\">V\u00edtor Jorge Ramos Rocio<\/a><\/li>\n<li><a href=\"https:\/\/www2.uab.pt\/departamentos\/DCT\/detaildocente.php?doc=69\" target=\"_blank\" rel=\"noopener noreferrer\">V\u00edtor Jos\u00e9 Crespo Cardoso<\/a><\/li>\n<li><a href=\"http:\/\/www2.uab.pt\/departamentos\/DCT\/detaildocente.php?doc=196\">Wolfram Florian Bentz<\/a><\/li>\n<\/ul>\n<h1 class=\"entry-title\">Invited Academic Staff<\/h1>\n<ul>\n<li>Angel Alejandro Juan Perez<\/li>\n<li>D\u00e1rio Jorge da Concei\u00e7\u00e3o Ferreira<\/li>\n<li>Francesco Matucci<\/li>\n<li>Jo\u00e3o Jorge Ribeiro Soares Gon\u00e7alves Ara\u00fajo<\/li>\n<li>Jonathan Andrew Davis Wattis<\/li>\n<li>Jos\u00e9 Alberto Sousa Gomes<\/li>\n<li>Lia Maldonado Teles de Vasconcelos<\/li>\n<li>Lu\u00eds Miguel Lindinho da Cunha Mendes Grilo<\/li>\n<li>Lu\u00eds Miguel Soares Ribeiro Leite da Cunha<\/li>\n<li>Maria de F\u00e1tima Filipe Po\u00e7as<\/li>\n<li>Michael Grinfeld<\/li>\n<li>Michael Kenneth Kinyon<\/li>\n<li>Nuno Miguel Baptista Brites<\/li>\n<li>Patr\u00edcia da Concei\u00e7\u00e3o Martins Engr\u00e1cia<\/li>\n<li>Ricardo Jos\u00e9 Vieira Baptista<\/li>\n<li>Rui Jo\u00e3o Teles da Silva Ramalho<\/li>\n<li>Tiago Daniel Adriano Fernandes<\/li>\n<\/ul>\n<p><\/p>","protected":false},"excerpt":{"rendered":"<p>Ad\u00e9rito Fernandes Marcos Am\u00edlcar Manuel Ros\u00e1rio Oliveira Ana Lu\u00edsa Pinto de Moura Leite Cunha Ana Paula Figueira Vaz Fernandes Ana Paula Teixeira Martinho Ant\u00f3nio Jorge do Nascimento Morais Ant\u00f3nio Manuel Bandeira Barata Alves de Ara\u00fajo Arnaldo Manuel Pinto dos Santos Carla Maria Bispo Padrel de Oliveira Catarina Sofia da Costa Nunes Duarte C\u00e9lia Maria Dias&#x2026; <a class=\"\" href=\"https:\/\/portal.uab.pt\/dcet\/en\/docentes\/\">Ler +<\/a><\/p>\n","protected":false},"author":1,"featured_media":0,"parent":0,"menu_order":0,"comment_status":"closed","ping_status":"closed","template":"","meta":{"footnotes":""},"class_list":["post-103","page","type-page","status-publish","hentry"],"_links":{"self":[{"href":"https:\/\/portal.uab.pt\/dcet\/en\/wp-json\/wp\/v2\/pages\/103","targetHints":{"allow":["GET"]}}],"collection":[{"href":"https:\/\/portal.uab.pt\/dcet\/en\/wp-json\/wp\/v2\/pages"}],"about":[{"href":"https:\/\/portal.uab.pt\/dcet\/en\/wp-json\/wp\/v2\/types\/page"}],"author":[{"embeddable":true,"href":"https:\/\/portal.uab.pt\/dcet\/en\/wp-json\/wp\/v2\/users\/1"}],"replies":[{"embeddable":true,"href":"https:\/\/portal.uab.pt\/dcet\/en\/wp-json\/wp\/v2\/comments?post=103"}],"version-history":[{"count":109,"href":"https:\/\/portal.uab.pt\/dcet\/en\/wp-json\/wp\/v2\/pages\/103\/revisions"}],"predecessor-version":[{"id":1383,"href":"https:\/\/portal.uab.pt\/dcet\/en\/wp-json\/wp\/v2\/pages\/103\/revisions\/1383"}],"wp:attachment":[{"href":"https:\/\/portal.uab.pt\/dcet\/en\/wp-json\/wp\/v2\/media?parent=103"}],"curies":[{"name":"wp","href":"https:\/\/api.w.org\/{rel}","templated":true}]}}