{"id":20,"date":"2017-10-25T10:09:20","date_gmt":"2017-10-25T10:09:20","guid":{"rendered":"http:\/\/portal.uab.pt\/dcet\/?page_id=20"},"modified":"2026-03-23T11:55:23","modified_gmt":"2026-03-23T11:55:23","slug":"cursos","status":"publish","type":"page","link":"https:\/\/portal.uab.pt\/dcet\/","title":{"rendered":"Cursos"},"content":{"rendered":"<p><\/p>\n<h2><span style=\"font-family: arial, helvetica, sans-serif\"><strong>LICENCIATURAS\u00a0<\/strong><strong>(1.\u00ba Ciclo):<\/strong><\/span><\/h2>\n<p style=\"padding-left: 30px\"><a href=\"https:\/\/guiadoscursos.uab.pt\/cursos\/licenciatura-em-ciencias-do-ambiente\/\"><span style=\"font-family: arial, helvetica, sans-serif\"><strong>Ci\u00eancias do Ambiente\u00a0<\/strong><\/span><\/a><\/p>\n<p style=\"padding-left: 30px\"><strong><span style=\"font-family: arial, helvetica, sans-serif\"><a href=\"https:\/\/guiadoscursos.uab.pt\/cursos\/licenciatura-em-engenharia-informatica\/\">Engenharia Inform\u00e1tica<\/a> |\u00a0<a href=\"https:\/\/www.youtube.com\/watch?v=fodWdCDdElM&amp;list=PLKwvz9avawn-6nOmPWNd_fi-5BhYjAfTl&amp;index=4\">Video (depoimentos de estudantes)<\/a> |\u00a0<span style=\"color: #808080\"><a style=\"color: #808080\" href=\"https:\/\/portal.uab.pt\/dcet\/wp-content\/uploads\/sites\/12\/2019\/02\/cartaz_lei_impressao.pdf\">Cartaz<\/a><\/span><\/span><\/strong><\/p>\n<p style=\"padding-left: 30px\"><a href=\"https:\/\/guiadoscursos.uab.pt\/cursos\/licenciatura-em-matematica-e-aplicacoes\/\"><span style=\"font-family: arial, helvetica, sans-serif\"><strong>Matem\u00e1tica e Aplica\u00e7\u00f5es<\/strong>\u00a0<\/span><\/a><\/p>\n<p><span style=\"font-family: arial,helvetica,sans-serif\">\u00a0 \u00a0 \u00a0\u00a0 <a href=\"https:\/\/guiadoscursos.uab.pt\/cursos\/licenciatura-em-matematica-aplicada-a-gestao\/\">Matem\u00e1tica Aplicada \u00e0 Gest\u00e3o<\/a><\/span><\/p>\n<p><span style=\"font-family: arial,helvetica,sans-serif\"> \u00a0\u00a0\u00a0\u00a0 <\/span><\/p>\n<h2><span style=\"font-family: arial, helvetica, sans-serif\"><strong>MESTRADOS<\/strong><strong>\u00a0(<\/strong><strong>2.\u00ba Ciclo<\/strong><strong>):<\/strong><\/span><\/h2>\n<p style=\"padding-left: 30px\"><a href=\"https:\/\/guiadoscursos.uab.pt\/cursos\/mestrado-em-bioestatistica-e-biometria\/\"><span style=\"font-family: arial, helvetica, sans-serif\"><strong>Bioestat\u00edstica e Biometria<\/strong>\u00a0<\/span><\/a><\/p>\n<ul>\n<li><a href=\"https:\/\/repositorioaberto.uab.pt\/handle\/10400.2\/3058\"><span style=\"color: #008080\">Disserta\u00e7\u00f5es defendidas<\/span><\/a><\/li>\n<\/ul>\n<p style=\"padding-left: 30px\"><a href=\"https:\/\/guiadoscursos.uab.pt\/cursos\/mestrado-em-cidadania-ambiental-e-participacao\/\"><span style=\"font-family: arial, helvetica, sans-serif\"><strong>Cidadania Ambiental e Participa\u00e7\u00e3o<\/strong>\u00a0<\/span><\/a><\/p>\n<ul>\n<li><span style=\"color: #008080\"><a style=\"color: #008080\" href=\"https:\/\/repositorioaberto.uab.pt\/handle\/10400.2\/1392\">Disserta\u00e7\u00f5es defendidas<\/a><\/span><\/li>\n<\/ul>\n<p style=\"padding-left: 30px\"><a href=\"https:\/\/guiadoscursos.uab.pt\/cursos\/mestrado-em-ciencias-do-consumo-alimentar\/\"><span style=\"font-family: arial, helvetica, sans-serif\"><strong>Ci\u00eancias do Consumo Alimentar<\/strong>\u00a0<\/span><\/a><\/p>\n<p style=\"padding-left: 60px\"><span style=\"font-family: arial, helvetica, sans-serif\"><a href=\"http:\/\/www2.uab.pt\/TVUAb\/videoDetail.php?Video=482&amp;Menu=27\" target=\"_blank\" rel=\"noopener noreferrer\">Curso apoiado pela FAO\u00a0(Food and Agriculture Organization of the United Nations)<\/a><\/span><\/p>\n<ul>\n<li><span style=\"color: #008080\"><a style=\"color: #008080\" href=\"https:\/\/repositorioaberto.uab.pt\/handle\/10400.2\/479\">Disserta\u00e7\u00f5es defendidas<\/a><\/span><\/li>\n<\/ul>\n<p style=\"padding-left: 30px\"><span style=\"font-family: arial, helvetica, sans-serif\"><a href=\"https:\/\/guiadoscursos.uab.pt\/cursos\/mestrado-em-estatistica-matematica-e-computacao\/\"><strong>Estat\u00edstica, Matem\u00e1tica<\/strong> <strong>e Computa\u00e7\u00e3o<\/strong> <\/a>|\u00a0<a href=\"https:\/\/portal.uab.pt\/dcet\/wp-content\/uploads\/sites\/12\/2020\/04\/Cartaz_MEMC_2020.pdf\"><span style=\"color: #808080\">Cartaz<\/span><\/a><\/span><\/p>\n<ul>\n<li><span style=\"color: #008080\"><a style=\"color: #008080\" href=\"https:\/\/repositorioaberto.uab.pt\/handle\/10400.2\/1436\">Disserta\u00e7\u00f5es defendidas<\/a><\/span><\/li>\n<\/ul>\n<p style=\"padding-left: 30px\"><span style=\"font-family: arial, helvetica, sans-serif\"><a href=\"https:\/\/guiadoscursos.uab.pt\/cursos\/mestrado-em-informacao-e-sistemas-empresariais\/\"><strong>Informa\u00e7\u00e3o e Sistemas Empresariais<\/strong> <\/a>|\u00a0<\/span><span style=\"font-family: arial, helvetica, sans-serif\"><a href=\"https:\/\/www.youtube.com\/watch?v=ypPYtxamT9c&amp;feature=youtu.be\">Video\u00a0(depoimentos de estudantes)<\/a> | <a href=\"https:\/\/www.youtube.com\/watch?v=bZQW8NZlYs4\">Video Semana Presencial em Set\u00fabal 2018<\/a><br \/>\n<\/span><\/p>\n<ul>\n<li><span style=\"color: #008080\"><a style=\"color: #008080\" href=\"https:\/\/repositorioaberto.uab.pt\/handle\/10400.2\/5506\">Disserta\u00e7\u00f5es defendidas<\/a><\/span><\/li>\n<\/ul>\n<p style=\"padding-left: 30px\"><span style=\"font-family: arial, helvetica, sans-serif\"><a href=\"https:\/\/guiadoscursos.uab.pt\/cursos\/mestrado-em-engenharia-informatica-e-tecnologia-web\/\"><strong>Engenharia Inform\u00e1tica e Tecnologia Web<\/strong><\/a><br \/>\n<\/span><\/p>\n<ul>\n<li><span style=\"color: #008080\"><a style=\"color: #008080\" href=\"https:\/\/repositorioaberto.uab.pt\/handle\/10400.2\/10986\">Disserta\u00e7\u00f5es defendidas<\/a><\/span><\/li>\n<\/ul>\n<p>Transi\u00e7\u00e3o e Transforma\u00e7\u00e3o Digital nas Organiza\u00e7\u00f5es (novo)<\/p>\n<p>&nbsp;<\/p>\n<h2><span style=\"font-family: arial, helvetica, sans-serif\"><strong>DOUTORAMENTOS<\/strong><strong>\u00a0(<\/strong><strong>3.\u00ba Ciclo<\/strong><strong>): <\/strong><\/span><\/h2>\n<p style=\"padding-left: 30px\"><a href=\"https:\/\/guiadoscursos.uab.pt\/cursos\/doutoramento-em-ciencia-e-tecnologia-web\/\"><span style=\"font-family: arial, helvetica, sans-serif\"><strong>Ci\u00eancia e Tecnologia Web<\/strong><\/span><\/a><\/p>\n<ul>\n<li><span style=\"color: #008080\"><a style=\"color: #008080\" href=\"https:\/\/repositorioaberto.uab.pt\/handle\/10400.2\/7786\">Teses defendidas<\/a><\/span><\/li>\n<\/ul>\n<p style=\"padding-left: 30px\"><span style=\"font-family: arial, helvetica, sans-serif\"><a href=\"https:\/\/guiadoscursos.uab.pt\/cursos\/doutoramento-em-matematica-aplicada-e-modelacao\/\"><strong>Matem\u00e1tica Aplicada e Modela\u00e7\u00e3o<\/strong><\/a>\u00a0| <a href=\"http:\/\/www.univ-ab.pt\/~pserranho\/Testemunho%20Denise%20Candeias.mp4\">Video (depoimento de estudante) <\/a><\/span><\/p>\n<ul>\n<li><span style=\"color: #008080\">Teses defendidas<\/span><\/li>\n<\/ul>\n<p style=\"padding-left: 30px\"><span style=\"font-family: arial, helvetica, sans-serif\"><a href=\"https:\/\/guiadoscursos.uab.pt\/cursos\/doutoramento-em-media-arte-digital\/\"><strong>M\u00e9dia-Arte Digital<\/strong><\/a> | <a href=\"https:\/\/www.youtube.com\/watch?v=bK8ulro_mHU&amp;feature=youtu.be\">Video Retiro Doutoral Lisboa, Alfama 2016<\/a> | <a href=\"https:\/\/www.youtube.com\/watch?v=KL88fQmHPaw&amp;feature=youtu.be\">Video Retiro Doutoral Faro 2017<\/a> | <\/span><a href=\"https:\/\/www.dropbox.com\/s\/ge3vf9nff6beaz8\/CartazDMAD2017.pdf?dl=0\" target=\"_blank\" rel=\"noopener noreferrer\">Cartaz<\/a><\/p>\n<ul>\n<li><span style=\"color: #008080\"><a style=\"color: #008080\" href=\"https:\/\/repositorioaberto.uab.pt\/handle\/10400.2\/4524\">Teses defendidas<\/a><\/span><\/li>\n<\/ul>\n<p style=\"padding-left: 30px\"><span style=\"font-family: arial, helvetica, sans-serif\"><a href=\"https:\/\/guiadoscursos.uab.pt\/cursos\/doutoramento-em-sustentabilidade-social-e-desenvolvimento\/\"><strong>Sustentabilidade Social e Desenvolvimento<\/strong><\/a><br \/>\n<\/span><\/p>\n<ul>\n<li><span style=\"color: #008080\"><a style=\"color: #008080\" href=\"https:\/\/repositorioaberto.uab.pt\/handle\/10400.2\/5174\">Teses defendidas<\/a><\/span><\/li>\n<\/ul>\n<p><\/p>","protected":false},"excerpt":{"rendered":"<p>LICENCIATURAS\u00a0(1.\u00ba Ciclo): Ci\u00eancias do Ambiente\u00a0 Engenharia Inform\u00e1tica |\u00a0Video (depoimentos de estudantes) |\u00a0Cartaz Matem\u00e1tica e Aplica\u00e7\u00f5es\u00a0 \u00a0 \u00a0 \u00a0\u00a0 Matem\u00e1tica Aplicada \u00e0 Gest\u00e3o \u00a0\u00a0\u00a0\u00a0 MESTRADOS\u00a0(2.\u00ba Ciclo): Bioestat\u00edstica e Biometria\u00a0 Disserta\u00e7\u00f5es defendidas Cidadania Ambiental e Participa\u00e7\u00e3o\u00a0 Disserta\u00e7\u00f5es defendidas Ci\u00eancias do Consumo Alimentar\u00a0 Curso apoiado pela FAO\u00a0(Food and Agriculture Organization of the United Nations) Disserta\u00e7\u00f5es defendidas Estat\u00edstica, Matem\u00e1tica&#x2026; <a class=\"\" href=\"https:\/\/portal.uab.pt\/dcet\/\">Ler +<\/a><\/p>\n","protected":false},"author":1,"featured_media":0,"parent":0,"menu_order":0,"comment_status":"closed","ping_status":"closed","template":"","meta":{"footnotes":""},"class_list":["post-20","page","type-page","status-publish","hentry"],"_links":{"self":[{"href":"https:\/\/portal.uab.pt\/dcet\/wp-json\/wp\/v2\/pages\/20","targetHints":{"allow":["GET"]}}],"collection":[{"href":"https:\/\/portal.uab.pt\/dcet\/wp-json\/wp\/v2\/pages"}],"about":[{"href":"https:\/\/portal.uab.pt\/dcet\/wp-json\/wp\/v2\/types\/page"}],"author":[{"embeddable":true,"href":"https:\/\/portal.uab.pt\/dcet\/wp-json\/wp\/v2\/users\/1"}],"replies":[{"embeddable":true,"href":"https:\/\/portal.uab.pt\/dcet\/wp-json\/wp\/v2\/comments?post=20"}],"version-history":[{"count":102,"href":"https:\/\/portal.uab.pt\/dcet\/wp-json\/wp\/v2\/pages\/20\/revisions"}],"predecessor-version":[{"id":1385,"href":"https:\/\/portal.uab.pt\/dcet\/wp-json\/wp\/v2\/pages\/20\/revisions\/1385"}],"wp:attachment":[{"href":"https:\/\/portal.uab.pt\/dcet\/wp-json\/wp\/v2\/media?parent=20"}],"curies":[{"name":"wp","href":"https:\/\/api.w.org\/{rel}","templated":true}]}}