{"id":26,"date":"2017-10-25T10:11:12","date_gmt":"2017-10-25T10:11:12","guid":{"rendered":"http:\/\/portal.uab.pt\/dcet\/?page_id=26"},"modified":"2020-02-18T15:42:58","modified_gmt":"2020-02-18T15:42:58","slug":"seccoes","status":"publish","type":"page","link":"https:\/\/portal.uab.pt\/dcet\/seccoes\/","title":{"rendered":"Sec\u00e7\u00f5es"},"content":{"rendered":"<p>As tr\u00eas Sec\u00e7\u00f5es do Departamento de Ci\u00eancias e Tecnologia s\u00e3o unidades acad\u00e9micas da Universidade Aberta (UAb) que enquadram a atividade docente na \u00e1reas cient\u00edficas indicadas, ao n\u00edvel de gradua\u00e7\u00e3o e de p\u00f3s-gradua\u00e7\u00e3o, em cursos sob a sua responsabilidade direta. Os programas podem ser lecionados em colabora\u00e7\u00e3o com outros departamentos da UAb e\/ou docentes e investigadores de outras institui\u00e7\u00f5es.<\/p>","protected":false},"excerpt":{"rendered":"<p>As tr\u00eas Sec\u00e7\u00f5es do Departamento de Ci\u00eancias e Tecnologia s\u00e3o unidades acad\u00e9micas da Universidade Aberta (UAb) que enquadram a atividade docente na \u00e1reas cient\u00edficas indicadas, ao n\u00edvel de gradua\u00e7\u00e3o e de p\u00f3s-gradua\u00e7\u00e3o, em cursos sob a sua responsabilidade direta. Os programas podem ser lecionados em colabora\u00e7\u00e3o com outros departamentos da UAb e\/ou docentes e investigadores&#x2026; <a class=\"\" href=\"https:\/\/portal.uab.pt\/dcet\/seccoes\/\">Ler +<\/a><\/p>\n","protected":false},"author":1,"featured_media":0,"parent":0,"menu_order":0,"comment_status":"closed","ping_status":"closed","template":"T-seccao.php","meta":{"footnotes":""},"class_list":["post-26","page","type-page","status-publish","hentry"],"_links":{"self":[{"href":"https:\/\/portal.uab.pt\/dcet\/wp-json\/wp\/v2\/pages\/26","targetHints":{"allow":["GET"]}}],"collection":[{"href":"https:\/\/portal.uab.pt\/dcet\/wp-json\/wp\/v2\/pages"}],"about":[{"href":"https:\/\/portal.uab.pt\/dcet\/wp-json\/wp\/v2\/types\/page"}],"author":[{"embeddable":true,"href":"https:\/\/portal.uab.pt\/dcet\/wp-json\/wp\/v2\/users\/1"}],"replies":[{"embeddable":true,"href":"https:\/\/portal.uab.pt\/dcet\/wp-json\/wp\/v2\/comments?post=26"}],"version-history":[{"count":8,"href":"https:\/\/portal.uab.pt\/dcet\/wp-json\/wp\/v2\/pages\/26\/revisions"}],"predecessor-version":[{"id":591,"href":"https:\/\/portal.uab.pt\/dcet\/wp-json\/wp\/v2\/pages\/26\/revisions\/591"}],"wp:attachment":[{"href":"https:\/\/portal.uab.pt\/dcet\/wp-json\/wp\/v2\/media?parent=26"}],"curies":[{"name":"wp","href":"https:\/\/api.w.org\/{rel}","templated":true}]}}