{"id":10,"date":"2017-11-14T12:01:41","date_gmt":"2017-11-14T12:01:41","guid":{"rendered":"http:\/\/portal.uab.pt\/dcsg\/?page_id=10"},"modified":"2025-05-02T15:25:45","modified_gmt":"2025-05-02T15:25:45","slug":"estrutura","status":"publish","type":"page","link":"https:\/\/portal.uab.pt\/dcsg\/estrutura\/","title":{"rendered":"Estrutura"},"content":{"rendered":"<p><\/p>\n<h4><span style=\"font-size: 18pt\"><a href=\"https:\/\/portal.uab.pt\/dcsg\/wp-content\/uploads\/sites\/13\/2017\/11\/Regulamento_DCSG_DR98_22maio2014.pdf\" target=\"_blank\" rel=\"noopener noreferrer\">REGULAMENTO<\/a><\/span><\/h4>\n<hr \/>\n<h4><span style=\"font-family: arial, helvetica, sans-serif\"><strong>Diretor:<\/strong><\/span><\/h4>\n<p><a href=\"http:\/\/www2.uab.pt\/departamentos\/DCSG\/detaildocente.php?doc=27\" target=\"_blank\" rel=\"noopener noreferrer\">Jos\u00e9 Ant\u00f3nio Ferreira Porf\u00edrio<\/a><\/p>\n<h4><span style=\"font-family: arial,helvetica,sans-serif\"><strong>Conselho Coordenador:<\/strong><\/span><\/h4>\n<ul>\n<li><a href=\"http:\/\/www2.uab.pt\/departamentos\/DCSG\/detaildocente.php?doc=57\" target=\"_blank\" rel=\"noopener noreferrer\">Carlos Pedro Ramos dos Santos Pinho<\/a><\/li>\n<li><a href=\"https:\/\/www2.uab.pt\/departamentos\/DCSG\/detaildocente.php?doc=61\">Joaquim Jo\u00e3o Casimiro Gronita<\/a><\/li>\n<li><a href=\"https:\/\/www2.uab.pt\/departamentos\/DCT\/detaildocente.php?doc=146\">Jos\u00e9 Eduardo Franco<\/a><\/li>\n<li>Pedro Eug\u00e9nio Dias Ferreira de Almeida Flor<\/li>\n<li>Pedro Ant\u00f3nio da Silva Abrantes<\/li>\n<li><a href=\"http:\/\/www2.uab.pt\/departamentos\/DCSG\/detaildocente.php?doc=53\" target=\"_blank\" rel=\"noopener noreferrer\">Tiago Carrilho Ribeiro Mendes<\/a><\/li>\n<\/ul>\n<h4><\/h4>\n<h4><span style=\"font-family: arial, helvetica, sans-serif\"><strong>Plen\u00e1rio:<\/strong><\/span><\/h4>\n<p><a href=\"https:\/\/portal.uab.pt\/dcsg\/Docentes\/#content\">Membros<\/a><\/p>\n<hr \/>\n<p><span style=\"font-family: arial,helvetica,sans-serif;font-size: 14pt\">Representantes do DCSG no Conselho Cient\u00edfico<\/span><\/p>\n<p><a href=\"https:\/\/www2.uab.pt\/departamentos\/DCSG\/detaildocente.php?doc=67\" target=\"_blank\" rel=\"noopener noreferrer\">M\u00e1rio Fernando Carrilho Negas<\/a><\/p>\n<hr \/>\n<p><span style=\"font-family: arial,helvetica,sans-serif;font-size: 14pt\">Representantes do DCSG no Conselho Pedag\u00f3gico<\/span><\/p>\n<p><a href=\"http:\/\/www2.uab.pt\/departamentos\/DCSG\/detaildocente.php?doc=39\" target=\"_blank\" rel=\"noopener noreferrer\">Maria Ros\u00e1rio da Costa Bastos<\/a><\/p>\n<hr \/>\n<p><span style=\"font-size: 14pt\"><strong><span style=\"font-family: arial,helvetica,sans-serif\"><a href=\"\/dcsg\/seccoes\/\">Sec\u00e7\u00f5es<\/a><\/span><\/strong><\/span><\/p>\n<div id=\"regulamento\"><\/div>\n<div><\/div>\n<p><\/p>","protected":false},"excerpt":{"rendered":"<p>REGULAMENTO Diretor: Jos\u00e9 Ant\u00f3nio Ferreira Porf\u00edrio Conselho Coordenador: Carlos Pedro Ramos dos Santos Pinho Joaquim Jo\u00e3o Casimiro Gronita Jos\u00e9 Eduardo Franco Pedro Eug\u00e9nio Dias Ferreira de Almeida Flor Pedro Ant\u00f3nio da Silva Abrantes Tiago Carrilho Ribeiro Mendes Plen\u00e1rio: Membros Representantes do DCSG no Conselho Cient\u00edfico M\u00e1rio Fernando Carrilho Negas Representantes do DCSG no Conselho Pedag\u00f3gico&#x2026; <a class=\"\" href=\"https:\/\/portal.uab.pt\/dcsg\/estrutura\/\">Ler +<\/a><\/p>\n","protected":false},"author":1,"featured_media":0,"parent":0,"menu_order":0,"comment_status":"closed","ping_status":"closed","template":"","meta":{"footnotes":""},"class_list":["post-10","page","type-page","status-publish","hentry"],"_links":{"self":[{"href":"https:\/\/portal.uab.pt\/dcsg\/wp-json\/wp\/v2\/pages\/10","targetHints":{"allow":["GET"]}}],"collection":[{"href":"https:\/\/portal.uab.pt\/dcsg\/wp-json\/wp\/v2\/pages"}],"about":[{"href":"https:\/\/portal.uab.pt\/dcsg\/wp-json\/wp\/v2\/types\/page"}],"author":[{"embeddable":true,"href":"https:\/\/portal.uab.pt\/dcsg\/wp-json\/wp\/v2\/users\/1"}],"replies":[{"embeddable":true,"href":"https:\/\/portal.uab.pt\/dcsg\/wp-json\/wp\/v2\/comments?post=10"}],"version-history":[{"count":35,"href":"https:\/\/portal.uab.pt\/dcsg\/wp-json\/wp\/v2\/pages\/10\/revisions"}],"predecessor-version":[{"id":873,"href":"https:\/\/portal.uab.pt\/dcsg\/wp-json\/wp\/v2\/pages\/10\/revisions\/873"}],"wp:attachment":[{"href":"https:\/\/portal.uab.pt\/dcsg\/wp-json\/wp\/v2\/media?parent=10"}],"curies":[{"name":"wp","href":"https:\/\/api.w.org\/{rel}","templated":true}]}}