{"id":15,"date":"2017-11-14T12:11:27","date_gmt":"2017-11-14T12:11:27","guid":{"rendered":"http:\/\/portal.uab.pt\/dcsg\/?page_id=15"},"modified":"2017-11-27T15:24:42","modified_gmt":"2017-11-27T15:24:42","slug":"unidades-curriculares","status":"publish","type":"page","link":"https:\/\/portal.uab.pt\/dcsg\/unidades-curriculares\/","title":{"rendered":"Unidades Curriculares"},"content":{"rendered":"<p><\/p>\n<div>\n<header class=\"entry-header\"><\/header>\n<p style=\"padding-left: 30px;\"><a href=\"http:\/\/www2.uab.pt\/guiainformativo\/detailsearchDepartamento.php?departamento=3\" target=\"_blank\" rel=\"noopener\">Gradua\u00e7\u00e3o<\/a><br \/>\n<a href=\"http:\/\/www2.uab.pt\/guiainformativo\/detailsearchDepartamento2.php?departamento=3\" target=\"_blank\" rel=\"noopener\">P\u00f3s-Gradua\u00e7\u00e3o<\/a><\/p>\n<\/div>\n<p><\/p>","protected":false},"excerpt":{"rendered":"<p>Gradua\u00e7\u00e3o P\u00f3s-Gradua\u00e7\u00e3o<\/p>\n","protected":false},"author":1,"featured_media":0,"parent":0,"menu_order":0,"comment_status":"closed","ping_status":"closed","template":"","meta":{"footnotes":""},"class_list":["post-15","page","type-page","status-publish","hentry"],"_links":{"self":[{"href":"https:\/\/portal.uab.pt\/dcsg\/wp-json\/wp\/v2\/pages\/15","targetHints":{"allow":["GET"]}}],"collection":[{"href":"https:\/\/portal.uab.pt\/dcsg\/wp-json\/wp\/v2\/pages"}],"about":[{"href":"https:\/\/portal.uab.pt\/dcsg\/wp-json\/wp\/v2\/types\/page"}],"author":[{"embeddable":true,"href":"https:\/\/portal.uab.pt\/dcsg\/wp-json\/wp\/v2\/users\/1"}],"replies":[{"embeddable":true,"href":"https:\/\/portal.uab.pt\/dcsg\/wp-json\/wp\/v2\/comments?post=15"}],"version-history":[{"count":5,"href":"https:\/\/portal.uab.pt\/dcsg\/wp-json\/wp\/v2\/pages\/15\/revisions"}],"predecessor-version":[{"id":40,"href":"https:\/\/portal.uab.pt\/dcsg\/wp-json\/wp\/v2\/pages\/15\/revisions\/40"}],"wp:attachment":[{"href":"https:\/\/portal.uab.pt\/dcsg\/wp-json\/wp\/v2\/media?parent=15"}],"curies":[{"name":"wp","href":"https:\/\/api.w.org\/{rel}","templated":true}]}}