{"id":6,"date":"2017-11-14T11:57:27","date_gmt":"2017-11-14T11:57:27","guid":{"rendered":"http:\/\/portal.uab.pt\/dcsg\/?page_id=6"},"modified":"2023-12-19T10:48:02","modified_gmt":"2023-12-19T10:48:02","slug":"cursos","status":"publish","type":"page","link":"https:\/\/portal.uab.pt\/dcsg\/","title":{"rendered":"Cursos"},"content":{"rendered":"<p>&nbsp;<\/p>\n<h2><span style=\"font-family: arial, helvetica, sans-serif;color: #000000\"><strong>LICENCIATURAS\u00a0<\/strong><strong>(1.\u00ba Ciclo):<\/strong><\/span><\/h2>\n<ul>\n<li>\n<h5 style=\"text-align: left\"><span style=\"font-family: arial, helvetica, sans-serif;color: #000000\"><a style=\"color: #000000\" href=\"https:\/\/guiadoscursos.uab.pt\/cursos\/licenciatura-em-ciencias-sociais\/\" target=\"_blank\" rel=\"noopener noreferrer\"><span style=\"font-size: 18pt\"><span style=\"font-size: 12pt\">Ci\u00eancias Sociais<\/span><\/span><\/a><span style=\"font-size: 12pt\">\u00a0<\/span><\/span><\/h5>\n<\/li>\n<li style=\"text-align: left\">\n<h5><span style=\"font-size: 12pt\"><span style=\"font-family: arial, helvetica, sans-serif;color: #000000\"><a style=\"color: #000000\" href=\"https:\/\/guiadoscursos.uab.pt\/cursos\/licenciatura-em-gestao\/\" target=\"_blank\" rel=\"noopener noreferrer\">Gest\u00e3o<\/a><\/span>\u00a0<\/span><\/h5>\n<\/li>\n<li style=\"text-align: left\">\n<h5><a href=\"https:\/\/guiadoscursos.uab.pt\/cursos\/licenciatura-em-gestao-de-vendas-e-do-retalho\/\">Gest\u00e3o de Vendas e do Retalho<\/a><\/h5>\n<\/li>\n<li style=\"text-align: left\">\n<h5><span style=\"font-family: arial, helvetica, sans-serif;color: #000000;font-size: 12pt\"><a style=\"color: #000000\" href=\"https:\/\/guiadoscursos.uab.pt\/cursos\/licenciatura-em-historia\/\" target=\"_blank\" rel=\"noopener noreferrer\">Hist\u00f3ria<\/a><\/span><\/h5>\n<\/li>\n<li>\n<h5 style=\"text-align: left\"><span style=\"color: #000000;font-size: 12pt\"><a style=\"color: #000000\" href=\"https:\/\/guiadoscursos.uab.pt\/cursos\/licenciatura-em-matematica-aplicada-a-gestao\/\">Matem\u00e1tica Aplicada \u00e0 Gest\u00e3o<\/a><\/span><\/h5>\n<\/li>\n<\/ul>\n<h5><\/h5>\n<p>&nbsp;<\/p>\n<h2><span style=\"font-family: arial, helvetica, sans-serif;color: #000000\"><strong>MESTRADOS<\/strong><strong>\u00a0(<\/strong><strong>2.\u00ba Ciclo<\/strong><strong>):<\/strong><\/span><\/h2>\n<ul>\n<li>\n<h5><a href=\"https:\/\/guiadoscursos.uab.pt\/cursos\/mestrado-em-empreendedorismo-e-cidadania-global\/\">Empreendedorismo e Cidadania Global<\/a><\/h5>\n<\/li>\n<li>\n<h5><span style=\"font-family: arial, helvetica, sans-serif;color: #000000\"><strong><a style=\"color: #000000\" href=\"https:\/\/guiadoscursos.uab.pt\/cursos\/mestrado-em-estudos-do-patrimonio\/\" target=\"_blank\" rel=\"noopener noreferrer\"><span style=\"font-size: 14pt\"><span style=\"font-size: 18pt\"><span style=\"font-size: 12pt\">Estudos do Patrim\u00f3nio<\/span><\/span><\/span><\/a><\/strong><\/span><\/h5>\n<\/li>\n<li>\n<h5><strong><span style=\"font-family: arial, helvetica, sans-serif;font-size: 12pt;color: #000000\"><a style=\"color: #000000\" href=\"https:\/\/guiadoscursos.uab.pt\/cursos\/mestrado-em-estudos-sobre-as-mulheres-genero-cidadania-e-desenvolvimento\/\" target=\"_blank\" rel=\"noopener noreferrer\">Estudos sobre as Mulheres &#8211; G\u00e9nero, Cidadania e Desenvolvimento<\/a>\u00a0<\/span><\/strong><\/h5>\n<\/li>\n<li>\n<h5><span style=\"font-family: arial, helvetica, sans-serif;font-size: 12pt;color: #000000\"><strong><a style=\"color: #000000\" href=\"https:\/\/guiadoscursos.uab.pt\/cursos\/mestrado-em-gestao\/\" target=\"_blank\" rel=\"noopener noreferrer\">Gest\u00e3o<\/a><\/strong>\u00a0<\/span><\/h5>\n<\/li>\n<li>\n<h5><span style=\"font-family: arial, helvetica, sans-serif;color: #000000;font-size: 12pt\"><strong><a style=\"color: #000000\" href=\"https:\/\/guiadoscursos.uab.pt\/cursos\/mestrado-em-relacoes-interculturais\/\" target=\"_blank\" rel=\"noopener noreferrer\">Rela\u00e7\u00f5es Interculturais<\/a><\/strong><\/span><\/h5>\n<\/li>\n<\/ul>\n<p>&nbsp;<\/p>\n<h2><span style=\"font-family: arial, helvetica, sans-serif;color: #000000\"><strong>DOUTORAMENTOS<\/strong><strong>\u00a0(<\/strong><strong>3.\u00ba Ciclo<\/strong><strong>):<\/strong><\/span><\/h2>\n<ul>\n<li>\n<h5><span style=\"color: #000000\"><a style=\"color: #000000\" href=\"https:\/\/guiadoscursos.uab.pt\/cursos\/doutoramento-em-estudos-globais\/\"><span style=\"font-family: arial, helvetica, sans-serif;font-size: 14pt\"><span style=\"font-size: 18pt\"><span style=\"font-size: 12pt\"><strong>Estudos Globais<\/strong><\/span><\/span><\/span><\/a><\/span><\/h5>\n<\/li>\n<li>\n<h5><span style=\"font-family: arial, helvetica, sans-serif;font-size: 12pt;color: #000000\"><b><a style=\"color: #000000\" href=\"https:\/\/guiadoscursos.uab.pt\/cursos\/doutoramento-em-estudos-medievais\/\" target=\"_blank\" rel=\"noopener noreferrer\">Estudos Medievais<\/a>\u00a0<\/b><\/span><\/h5>\n<\/li>\n<li>\n<h5><span style=\"font-family: arial, helvetica, sans-serif;font-size: 12pt;color: #000000\"><strong><a style=\"color: #000000\" href=\"https:\/\/guiadoscursos.uab.pt\/cursos\/doutoramento-em-historia\/\" target=\"_blank\" rel=\"noopener noreferrer\">Hist\u00f3ria<\/a><\/strong><\/span><\/h5>\n<\/li>\n<li>\n<h5><span style=\"font-family: arial, helvetica, sans-serif;font-size: 12pt;color: #000000\"><strong><a style=\"color: #000000\" href=\"https:\/\/guiadoscursos.uab.pt\/cursos\/doutoramento-em-relacoes-interculturais\/\" target=\"_blank\" rel=\"noopener noreferrer\">Rela\u00e7\u00f5es Interculturais<\/a><\/strong><\/span><\/h5>\n<\/li>\n<li>\n<h5><strong><span style=\"font-family: arial, helvetica, sans-serif;font-size: 12pt;color: #000000\"><a style=\"color: #000000\" href=\"https:\/\/guiadoscursos.uab.pt\/cursos\/doutoramento-em-sustentabilidade-social-e-desenvolvimento\/\" target=\"_blank\" rel=\"noopener noreferrer\">Sustentabilidade Social\u00a0e Desenvolvimento<\/a>\u00a0<\/span><\/strong><\/h5>\n<\/li>\n<\/ul>\n<p>&nbsp;<\/p>\n<p>&nbsp;<\/p>\n<p><\/p>","protected":false},"excerpt":{"rendered":"<p>&nbsp; LICENCIATURAS\u00a0(1.\u00ba Ciclo): Ci\u00eancias Sociais\u00a0 Gest\u00e3o\u00a0 Gest\u00e3o de Vendas e do Retalho Hist\u00f3ria Matem\u00e1tica Aplicada \u00e0 Gest\u00e3o &nbsp; MESTRADOS\u00a0(2.\u00ba Ciclo): Empreendedorismo e Cidadania Global Estudos do Patrim\u00f3nio Estudos sobre as Mulheres &#8211; G\u00e9nero, Cidadania e Desenvolvimento\u00a0 Gest\u00e3o\u00a0 Rela\u00e7\u00f5es Interculturais &nbsp; DOUTORAMENTOS\u00a0(3.\u00ba Ciclo): Estudos Globais Estudos Medievais\u00a0 Hist\u00f3ria Rela\u00e7\u00f5es Interculturais Sustentabilidade Social\u00a0e Desenvolvimento\u00a0 &nbsp; &nbsp;<\/p>\n","protected":false},"author":1,"featured_media":0,"parent":0,"menu_order":0,"comment_status":"closed","ping_status":"closed","template":"","meta":{"footnotes":""},"class_list":["post-6","page","type-page","status-publish","hentry"],"_links":{"self":[{"href":"https:\/\/portal.uab.pt\/dcsg\/wp-json\/wp\/v2\/pages\/6","targetHints":{"allow":["GET"]}}],"collection":[{"href":"https:\/\/portal.uab.pt\/dcsg\/wp-json\/wp\/v2\/pages"}],"about":[{"href":"https:\/\/portal.uab.pt\/dcsg\/wp-json\/wp\/v2\/types\/page"}],"author":[{"embeddable":true,"href":"https:\/\/portal.uab.pt\/dcsg\/wp-json\/wp\/v2\/users\/1"}],"replies":[{"embeddable":true,"href":"https:\/\/portal.uab.pt\/dcsg\/wp-json\/wp\/v2\/comments?post=6"}],"version-history":[{"count":54,"href":"https:\/\/portal.uab.pt\/dcsg\/wp-json\/wp\/v2\/pages\/6\/revisions"}],"predecessor-version":[{"id":821,"href":"https:\/\/portal.uab.pt\/dcsg\/wp-json\/wp\/v2\/pages\/6\/revisions\/821"}],"wp:attachment":[{"href":"https:\/\/portal.uab.pt\/dcsg\/wp-json\/wp\/v2\/media?parent=6"}],"curies":[{"name":"wp","href":"https:\/\/api.w.org\/{rel}","templated":true}]}}