{"id":91,"date":"2018-01-04T09:12:32","date_gmt":"2018-01-04T09:12:32","guid":{"rendered":"http:\/\/portal.uab.pt\/deed\/?page_id=91"},"modified":"2025-09-25T07:49:31","modified_gmt":"2025-09-25T07:49:31","slug":"docentes","status":"publish","type":"page","link":"https:\/\/portal.uab.pt\/deed\/docentes\/","title":{"rendered":"Docentes"},"content":{"rendered":"<p><\/p>\n<h3><\/h3>\n<p style=\"text-align: left\"><span style=\"font-size: 12pt\"><a href=\"https:\/\/paginapessoal.uab.pt\/ananobre\" target=\"_blank\" rel=\"noopener noreferrer\">Ana Maria<\/a><a href=\"https:\/\/paginapessoal.uab.pt\/ananobre\" target=\"_blank\" rel=\"noopener noreferrer\"> de Jesus Ferreira\u00a0 Nobre<\/a><\/span><\/p>\n<p style=\"text-align: left\"><span style=\"font-size: 12pt\"><a href=\"https:\/\/paginapessoal.uab.pt\/ammlopes\">Ana Maria Mouraz Lopes<\/a><\/span><\/p>\n<p style=\"text-align: left\"><span style=\"font-size: 12pt\"><a href=\"https:\/\/paginapessoal.uab.pt\/apalmeida\">Ana Patr\u00edcia Tavares de Almeida<\/a><\/span><\/p>\n<p style=\"text-align: left\"><a href=\"https:\/\/paginapessoal.uab.pt\/aafonso\">Ana Paula Varela Pereira Afonso<\/a><\/p>\n<p style=\"text-align: left\"><span style=\"font-size: 12pt\"><a href=\"http:\/\/www2.uab.pt\/departamentos\/DEED\/detaildocente.php?doc=72\" target=\"_blank\" rel=\"noopener noreferrer\">Ant\u00f3nio Manuel Quintas-Mendes<\/a><\/span><\/p>\n<p style=\"text-align: left\"><span style=\"font-size: 12pt\"><a href=\"https:\/\/paginapessoal.uab.pt\/amt\" target=\"_blank\" rel=\"noopener noreferrer\">Ant\u00f3nio Moreira Teixeira<\/a><\/span><\/p>\n<p style=\"text-align: left\"><span style=\"font-size: 12pt\"><a href=\"https:\/\/paginapessoal.uab.pt\/cneves\" target=\"_blank\" rel=\"noopener noreferrer\">Cl\u00e1udia Susana Coelho Neves<\/a><\/span><\/p>\n<p style=\"text-align: left\"><span style=\"font-size: 12pt\"><a href=\"https:\/\/paginapessoal.uab.pt\/dbarros\" target=\"_blank\" rel=\"noopener noreferrer\">Daniela Melar\u00e9 Vieira Barros<\/a><\/span><\/p>\n<p style=\"text-align: left\"><span style=\"font-size: 12pt\"><a href=\"https:\/\/paginapessoal.uab.pt\/dcasanova\">Diogo Gonzalez Casa Nova<\/a><\/span><\/p>\n<p style=\"text-align: left\"><span style=\"font-size: 12pt\"><a href=\"https:\/\/paginapessoal.uab.pt\/fseabra\" target=\"_blank\" rel=\"noopener noreferrer\">Filipa Isabel Barreto de Seabra Borges<\/a><\/span><\/p>\n<p style=\"text-align: left\"><span style=\"font-size: 12pt\"><a href=\"https:\/\/paginapessoal.uab.pt\/gloria\" target=\"_blank\" rel=\"noopener noreferrer\">Gl\u00f3ria Maria Louren\u00e7o Bastos<\/a><\/span><\/p>\n<p style=\"text-align: left\"><span style=\"font-size: 12pt\"><a href=\"https:\/\/paginapessoal.uab.pt\/ihsilva\">Isabel Maria Catarino Huet e Silva<\/a><\/span><\/p>\n<p style=\"text-align: left\"><span style=\"font-size: 12pt\"><a href=\"https:\/\/paginapessoal.uab.pt\/jmoreira\" target=\"_blank\" rel=\"noopener noreferrer\">Jos\u00e9 Ant\u00f3nio Marques Moreira<\/a><\/span><\/p>\n<p style=\"text-align: left\"><span style=\"font-size: 12pt\"><a href=\"https:\/\/paginapessoal.uab.pt\/bidarra\">Jos\u00e9 Manuel Emiliano Bidarra Almeida<\/a><\/span><\/p>\n<p style=\"text-align: left\"><span style=\"font-size: 12pt\"><a href=\"https:\/\/paginapessoal.uab.pt\/lmorgado\" target=\"_blank\" rel=\"noopener noreferrer\">Lina\u00a0 Maria Gaspar Morgado<\/a><\/span><\/p>\n<p style=\"text-align: left\"><span style=\"font-size: 12pt\"><a href=\"https:\/\/paginapessoal.uab.pt\/lamante\" target=\"_blank\" rel=\"noopener noreferrer\">L\u00facia da Gra\u00e7a Cruz Domingues Amante<\/a><\/span><\/p>\n<p style=\"text-align: left\"><span style=\"font-size: 12pt\"><a href=\"https:\/\/paginapessoal.uab.pt\/fgoulao\" target=\"_blank\" rel=\"noopener noreferrer\">Maria de F\u00e1tima Preto Barrocas Goul\u00e3o<\/a><\/span><\/p>\n<p style=\"text-align: left\"><span style=\"font-size: 12pt\"><a href=\"https:\/\/paginapessoal.uab.pt\/laires\" target=\"_blank\" rel=\"noopener noreferrer\">Maria Lu\u00edsa Lebres Aires<\/a><\/span><\/p>\n<p style=\"text-align: left\"><span style=\"font-size: 12pt\"><a href=\"https:\/\/paginapessoal.uab.pt\/mmpinto\">Maribel dos Santos Miranda Pinto<\/a><\/span><\/p>\n<p style=\"text-align: left\"><span style=\"font-size: 12pt\"><a href=\"https:\/\/paginapessoal.uab.pt\/mabelha\">Marta Cristina Lopes Abelha<\/a><\/span><\/p>\n<p style=\"text-align: left\"><span style=\"font-size: 12pt\"><a href=\"https:\/\/paginapessoal.uab.pt\/susanah\" target=\"_blank\" rel=\"noopener noreferrer\">Susana Alexandra Frutuoso Henriques<\/a><\/span><\/p>\n<p style=\"text-align: left\"><span style=\"font-size: 12pt\"><a href=\"https:\/\/paginapessoal.uab.pt\/tcardoso\" target=\"_blank\" rel=\"noopener noreferrer\">Teresa Margarida Loureiro Cardoso<\/a><\/span><\/p>\n<p><a href=\"https:\/\/paginapessoal.uab.pt\/rjmachado\">Ricardo Jorge da Rocha Machado<\/a><\/p>\n<h3><span style=\"font-size: 12pt\">Docentes convidados:<\/span><\/h3>\n<p><strong><span style=\"font-size: 12pt\">Ana Rita Gomes Costa<\/span><\/strong><\/p>\n<p><strong><span style=\"font-size: 12pt\">Fernando Manuel da Silva Alexandre<\/span><\/strong><\/p>\n<p><strong><span style=\"font-size: 12pt\">Jo\u00e3o Carlos Sacadura de Sousa Paz<\/span><\/strong><\/p>\n<p><strong><span style=\"font-size: 12pt\">J\u00falio Martin P\u00e9rez Coelho da Fonseca<\/span><\/strong><\/p>\n<p><strong>Lu\u00eds Miguel Gon\u00e7alves Pereira<\/strong><\/p>\n<p><strong><span style=\"font-size: 12pt\">Maria Filomena Gon\u00e7alves Sobral<\/span><\/strong><\/p>\n<p><strong>Maria Idalina Lourido Figueiredo dos Santos<\/strong><\/p>\n<p><strong><span style=\"font-size: 12pt\">Maria Manuela Amado Silva Francisco<\/span><\/strong><\/p>\n<p><strong><span style=\"font-size: 12pt\">Marlene Filipa da Natividade Sousa<\/span><\/strong><\/p>\n<p><strong><span style=\"font-size: 12pt\">Pedro Manuel Barbosa de Almeida Cabral<\/span><\/strong><\/p>","protected":false},"excerpt":{"rendered":"<p>Ana Maria de Jesus Ferreira\u00a0 Nobre Ana Maria Mouraz Lopes Ana Patr\u00edcia Tavares de Almeida Ana Paula Varela Pereira Afonso Ant\u00f3nio Manuel Quintas-Mendes Ant\u00f3nio Moreira Teixeira Cl\u00e1udia Susana Coelho Neves Daniela Melar\u00e9 Vieira Barros Diogo Gonzalez Casa Nova Filipa Isabel Barreto de Seabra Borges Gl\u00f3ria Maria Louren\u00e7o Bastos Isabel Maria Catarino Huet e Silva Jos\u00e9&#x2026; <a class=\"\" href=\"https:\/\/portal.uab.pt\/deed\/docentes\/\">Ler +<\/a><\/p>\n","protected":false},"author":1,"featured_media":0,"parent":0,"menu_order":0,"comment_status":"closed","ping_status":"closed","template":"","meta":{"footnotes":""},"class_list":["post-91","page","type-page","status-publish","hentry"],"_links":{"self":[{"href":"https:\/\/portal.uab.pt\/deed\/wp-json\/wp\/v2\/pages\/91","targetHints":{"allow":["GET"]}}],"collection":[{"href":"https:\/\/portal.uab.pt\/deed\/wp-json\/wp\/v2\/pages"}],"about":[{"href":"https:\/\/portal.uab.pt\/deed\/wp-json\/wp\/v2\/types\/page"}],"author":[{"embeddable":true,"href":"https:\/\/portal.uab.pt\/deed\/wp-json\/wp\/v2\/users\/1"}],"replies":[{"embeddable":true,"href":"https:\/\/portal.uab.pt\/deed\/wp-json\/wp\/v2\/comments?post=91"}],"version-history":[{"count":77,"href":"https:\/\/portal.uab.pt\/deed\/wp-json\/wp\/v2\/pages\/91\/revisions"}],"predecessor-version":[{"id":604,"href":"https:\/\/portal.uab.pt\/deed\/wp-json\/wp\/v2\/pages\/91\/revisions\/604"}],"wp:attachment":[{"href":"https:\/\/portal.uab.pt\/deed\/wp-json\/wp\/v2\/media?parent=91"}],"curies":[{"name":"wp","href":"https:\/\/api.w.org\/{rel}","templated":true}]}}