{"id":20,"date":"2017-11-27T10:51:19","date_gmt":"2017-11-27T10:51:19","guid":{"rendered":"http:\/\/portal.uab.pt\/dh\/?page_id=20"},"modified":"2026-03-05T13:38:20","modified_gmt":"2026-03-05T13:38:20","slug":"cursos","status":"publish","type":"page","link":"https:\/\/portal.uab.pt\/dh\/","title":{"rendered":"Cursos"},"content":{"rendered":"<p>&nbsp;<\/p>\n<h2><strong><span style=\"font-family: arial, helvetica, sans-serif\">LICENCIATURAS<\/span> (1.\u00ba Ciclo):<\/strong><\/h2>\n<p style=\"padding-left: 30px\"><span style=\"font-family: arial, helvetica, sans-serif\"><a href=\"https:\/\/guiadoscursos.uab.pt\/cursos\/licenciatura-em-estudos-europeus\/\" target=\"_blank\" rel=\"noopener noreferrer\"><strong>Estudos Europeus<\/strong><\/a>\u00a0 <\/span><\/p>\n<p style=\"padding-left: 30px\"><span style=\"font-family: arial, helvetica, sans-serif\"><a href=\"https:\/\/guiadoscursos.uab.pt\/cursos\/licenciatura-em-humanidades\/\" target=\"_blank\" rel=\"noopener noreferrer\"><strong>Humanidades<\/strong><\/a> <\/span><\/p>\n<p style=\"padding-left: 30px\"><span style=\"font-family: arial, helvetica, sans-serif\"><a href=\"https:\/\/guiadoscursos.uab.pt\/cursos\/licenciatura-em-linguas-aplicadas\/\" target=\"_blank\" rel=\"noopener noreferrer\"><strong>L\u00ednguas Aplicadas<\/strong><\/a><\/span><\/p>\n<p>&nbsp;<\/p>\n<h2><span style=\"font-family: arial, helvetica, sans-serif\"><strong>P\u00f3s-Gradua\u00e7\u00e3o:<\/strong><\/span><\/h2>\n<p style=\"padding-left: 30px\"><a href=\"https:\/\/portal.uab.pt\/alv\/cursos_alv\/ciencias-da-informacao\/\"><strong>Ci\u00eancias da Informa\u00e7\u00e3o<\/strong><\/a><\/p>\n<p>&nbsp;<\/p>\n<h2><span style=\"font-family: arial\"><strong>MESTRADOS (2.\u00ba Ciclo):<\/strong><\/span><\/h2>\n<p style=\"padding-left: 30px\"><a href=\"https:\/\/guiadoscursos.uab.pt\/cursos\/mestrado-em-didatica-do-ingles\/\" target=\"_blank\" rel=\"noopener noreferrer\"><strong>Did\u00e1tica do Ingl\u00eas<\/strong><\/a> (Curso online em parceria com a Faculdade de Ci\u00eancias Sociais e Humanas da Universidade Nova de Lisboa)<\/p>\n<p style=\"padding-left: 30px\"><a href=\"https:\/\/guiadoscursos.uab.pt\/cursos\/mestrado-em-estudos-comparados-literatura-e-outras-artes\/\" target=\"_blank\" rel=\"noopener noreferrer\"><strong>Estudos Comparados &#8211; Literatura e Outras Artes<\/strong><\/a><\/p>\n<p style=\"padding-left: 30px\"><a href=\"https:\/\/guiadoscursos.uab.pt\/cursos\/mestrado-em-estudos-portugueses-multidisciplinares\/\" target=\"_blank\" rel=\"noopener noreferrer\"><strong>Estudos Portugueses Multidisciplinares<\/strong><\/a><\/p>\n<p style=\"padding-left: 30px\"><a href=\"https:\/\/guiadoscursos.uab.pt\/cursos\/mestrado-em-portugues-lingua-nao-materna\/\" target=\"_blank\" rel=\"noopener noreferrer\"><strong>Portugu\u00eas L\u00edngua N\u00e3o-Materna<\/strong><\/a><\/p>\n<p style=\"padding-left: 30px\"><a href=\"https:\/\/guiadoscursos.uab.pt\/cursos\/mestrado-em-estudos-sobre-a-europa\/\" target=\"_blank\" rel=\"noopener noreferrer\"><strong>Estudos sobre a Europa<\/strong><\/a><\/p>\n<p style=\"padding-left: 30px\"><a href=\"https:\/\/guiadoscursos.uab.pt\/cursos\/mestrado-em-estudos-de-lingua-portuguesa\/\" target=\"_blank\" rel=\"noopener noreferrer\"><strong>Estudos de L\u00edngua Portuguesa <\/strong><\/a><\/p>\n<p>&nbsp;<\/p>\n<h2><span style=\"font-family: arial, helvetica, sans-serif\"><strong>DOUTORAMENTOS <\/strong>(3.\u00ba Ciclo):<\/span><\/h2>\n<p style=\"padding-left: 30px\"><a href=\"https:\/\/guiadoscursos.uab.pt\/cursos\/doutoramento-em-didatica-das-linguas\/\"><strong>Did\u00e1tica das L\u00ednguas <\/strong><\/a>(Curso em regime de b-learning em parceria com a Faculdade de Ci\u00eancias Sociais e Humanas da Universidade Nova de Lisboa)<\/p>\n<p style=\"padding-left: 30px\"><a href=\"https:\/\/guiadoscursos.uab.pt\/cursos\/doutoramento-em-estudos-portugueses\/\" target=\"_blank\" rel=\"noopener noreferrer\"><strong>Estudos Portugueses<\/strong><\/a><\/p>\n<p><strong>\u00a0 \u00a0 \u00a0 \u00a0<a href=\"https:\/\/guiadoscursos.uab.pt\/cursos\/doutoramento-em-estudos-medievais\/\">Estudos Medievais<\/a><\/strong><\/p>\n<p>&nbsp;<\/p>\n<p><strong><a href=\"https:\/\/portal.uab.pt\/alv\" target=\"_blank\" rel=\"noopener noreferrer\">APRENDIZAGEM AO LONGO DA VIDA<\/a><\/strong><\/p>\n<p>&nbsp;<\/p>","protected":false},"excerpt":{"rendered":"<p>&nbsp; LICENCIATURAS (1.\u00ba Ciclo): Estudos Europeus\u00a0 Humanidades L\u00ednguas Aplicadas &nbsp; P\u00f3s-Gradua\u00e7\u00e3o: Ci\u00eancias da Informa\u00e7\u00e3o &nbsp; MESTRADOS (2.\u00ba Ciclo): Did\u00e1tica do Ingl\u00eas (Curso online em parceria com a Faculdade de Ci\u00eancias Sociais e Humanas da Universidade Nova de Lisboa) Estudos Comparados &#8211; Literatura e Outras Artes Estudos Portugueses Multidisciplinares Portugu\u00eas L\u00edngua N\u00e3o-Materna Estudos sobre a Europa&#x2026; <a class=\"\" href=\"https:\/\/portal.uab.pt\/dh\/\">Ler +<\/a><\/p>\n","protected":false},"author":1,"featured_media":0,"parent":0,"menu_order":0,"comment_status":"closed","ping_status":"closed","template":"","meta":{"footnotes":""},"class_list":["post-20","page","type-page","status-publish","hentry"],"_links":{"self":[{"href":"https:\/\/portal.uab.pt\/dh\/wp-json\/wp\/v2\/pages\/20","targetHints":{"allow":["GET"]}}],"collection":[{"href":"https:\/\/portal.uab.pt\/dh\/wp-json\/wp\/v2\/pages"}],"about":[{"href":"https:\/\/portal.uab.pt\/dh\/wp-json\/wp\/v2\/types\/page"}],"author":[{"embeddable":true,"href":"https:\/\/portal.uab.pt\/dh\/wp-json\/wp\/v2\/users\/1"}],"replies":[{"embeddable":true,"href":"https:\/\/portal.uab.pt\/dh\/wp-json\/wp\/v2\/comments?post=20"}],"version-history":[{"count":56,"href":"https:\/\/portal.uab.pt\/dh\/wp-json\/wp\/v2\/pages\/20\/revisions"}],"predecessor-version":[{"id":762,"href":"https:\/\/portal.uab.pt\/dh\/wp-json\/wp\/v2\/pages\/20\/revisions\/762"}],"wp:attachment":[{"href":"https:\/\/portal.uab.pt\/dh\/wp-json\/wp\/v2\/media?parent=20"}],"curies":[{"name":"wp","href":"https:\/\/api.w.org\/{rel}","templated":true}]}}