{"id":34,"date":"2017-11-27T11:10:18","date_gmt":"2017-11-27T11:10:18","guid":{"rendered":"http:\/\/portal.uab.pt\/dh\/?page_id=34"},"modified":"2026-03-05T13:31:35","modified_gmt":"2026-03-05T13:31:35","slug":"estrutura","status":"publish","type":"page","link":"https:\/\/portal.uab.pt\/dh\/estrutura\/","title":{"rendered":"Estrutura"},"content":{"rendered":"<p><span style=\"font-size: 12pt;font-family: arial, helvetica, sans-serif\">O Departamento de Humanidades apresenta a seguinte estrutura:\u00a0<\/span><\/p>\n<ul>\n<li><span style=\"font-size: 12pt;font-family: arial, helvetica, sans-serif\">Diretor<\/span><span style=\"font-size: 12pt;font-family: arial, helvetica, sans-serif\">\u00a0<\/span><\/li>\n<li><span style=\"font-size: 12pt;font-family: arial, helvetica, sans-serif\">Conselho Coordenador\u00a0<\/span><\/li>\n<li><span style=\"font-size: 12pt;font-family: arial, helvetica, sans-serif\">Plen\u00e1rio<\/span><\/li>\n<\/ul>\n<p><span style=\"font-size: 12pt;font-family: arial, helvetica, sans-serif\">Um conjunto de outras estruturas integra, ainda, o Departamento: Coordena\u00e7\u00f5es de Curso, Comiss\u00f5es de Apoio \u00e0 Gest\u00e3o e Secretariado Administrativo.<\/span><\/p>\n<p>&nbsp;<\/p>\n<h4><span style=\"font-family: arial, helvetica, sans-serif\"><strong>Diretor<\/strong><\/span><\/h4>\n<p><a href=\"https:\/\/paginapessoal.uab.pt\/posorio\">Paulo Os\u00f3rio<\/a><\/p>\n<p>&nbsp;<\/p>\n<h4><span style=\"font-family: arial, helvetica, sans-serif\"><strong>Conselho Coordenador<\/strong><\/span><\/h4>\n<p><span style=\"font-size: 12pt;font-family: arial, helvetica, sans-serif\">O Conselho Coordenador \u00e9 um \u00f3rg\u00e3o que auxilia o Diretor, detendo poderes consultivos e executivos.\u00a0<\/span><\/p>\n<p>Membros<\/p>\n<p>&#8211; Andr\u00e9 Pereira Matos<\/p>\n<p>&#8211; Carla Aur\u00e9lia Rodrigues de Almeida<\/p>\n<p>&#8211; Filipe Alves Moreira<\/p>\n<p>&#8211; Jeffrey Scott Childs<\/p>\n<p>&#8211; Maria do Ros\u00e1rio Sampaio Soares de Sousa Leit\u00e3o Lupi Bello<\/p>\n<p>&#8211; Maria Manuela Costa da Silva<\/p>\n<p>&nbsp;<\/p>\n<h4><span style=\"font-family: arial, helvetica, sans-serif\"><strong>Plen\u00e1rio<\/strong><\/span><\/h4>\n<p><span style=\"font-size: 12pt;font-family: arial, helvetica, sans-serif\">O Plen\u00e1rio \u00e9 composto por todos os docentes do Departamento e por dois estudantes designados pela Associa\u00e7\u00e3o de Estudantes da Universidade.\u00a0<\/span><\/p>\n<p>&nbsp;<\/p>\n<h4><span style=\"font-family: arial, helvetica, sans-serif\">Conselho Cient\u00edfico<\/span><\/h4>\n<p>Representantes eleitos para o Conselho Cient\u00edfico<\/p>\n<p>Membros efetivos<\/p>\n<p>&#8211; Doutora Maria Adelina Ferreira Castelo<\/p>\n<p>&#8211; Doutora Isabel Maria Loureiro de Roboredo Seara<\/p>\n<p>Membros suplentes<\/p>\n<p>&#8211; Doutor Paulo Alexandre Magalh\u00e3es Nunes da Silva<\/p>\n<p>&#8211; Doutora Maria do Ros\u00e1rio Sampaio Soares de Sousa Leit\u00e3o Lupi Bello<\/p>\n<p>&nbsp;<\/p>\n<h4><span style=\"font-family: arial, helvetica, sans-serif\"><strong>Conselho Pedag\u00f3gico<\/strong><\/span><\/h4>\n<p>Representantes eleitos para o Conselho Pedag\u00f3gico<\/p>\n<p>Membros efetivos<\/p>\n<p>&#8211; Doutora Susana Paula de Magalh\u00e3es Oliveira<\/p>\n<p>&#8211; Doutor Filipe Alves Moreira<\/p>\n<p>Membros Suplentes<\/p>\n<p>&#8211; Maria do Ros\u00e1rio Sampaio Soares de Sousa Leit\u00e3o Lupi Bello<\/p>\n<p>&#8211; Ant\u00f3nio Chenoll Mora<\/p>\n<p>&nbsp;<\/p>\n<div id=\"regulamento\"><a href=\"\/dh\/wp-content\/uploads\/sites\/16\/2017\/11\/regulamento_dh.pdf\" target=\"_blank\" rel=\"noopener noreferrer\">Regulamento<\/a><\/div>\n<p><\/p>","protected":false},"excerpt":{"rendered":"<p>O Departamento de Humanidades apresenta a seguinte estrutura:\u00a0 Diretor\u00a0 Conselho Coordenador\u00a0 Plen\u00e1rio Um conjunto de outras estruturas integra, ainda, o Departamento: Coordena\u00e7\u00f5es de Curso, Comiss\u00f5es de Apoio \u00e0 Gest\u00e3o e Secretariado Administrativo. &nbsp; Diretor Paulo Os\u00f3rio &nbsp; Conselho Coordenador O Conselho Coordenador \u00e9 um \u00f3rg\u00e3o que auxilia o Diretor, detendo poderes consultivos e executivos.\u00a0 Membros&#x2026; <a class=\"\" href=\"https:\/\/portal.uab.pt\/dh\/estrutura\/\">Ler +<\/a><\/p>\n","protected":false},"author":1,"featured_media":0,"parent":0,"menu_order":0,"comment_status":"closed","ping_status":"closed","template":"","meta":{"footnotes":""},"class_list":["post-34","page","type-page","status-publish","hentry"],"_links":{"self":[{"href":"https:\/\/portal.uab.pt\/dh\/wp-json\/wp\/v2\/pages\/34","targetHints":{"allow":["GET"]}}],"collection":[{"href":"https:\/\/portal.uab.pt\/dh\/wp-json\/wp\/v2\/pages"}],"about":[{"href":"https:\/\/portal.uab.pt\/dh\/wp-json\/wp\/v2\/types\/page"}],"author":[{"embeddable":true,"href":"https:\/\/portal.uab.pt\/dh\/wp-json\/wp\/v2\/users\/1"}],"replies":[{"embeddable":true,"href":"https:\/\/portal.uab.pt\/dh\/wp-json\/wp\/v2\/comments?post=34"}],"version-history":[{"count":42,"href":"https:\/\/portal.uab.pt\/dh\/wp-json\/wp\/v2\/pages\/34\/revisions"}],"predecessor-version":[{"id":759,"href":"https:\/\/portal.uab.pt\/dh\/wp-json\/wp\/v2\/pages\/34\/revisions\/759"}],"wp:attachment":[{"href":"https:\/\/portal.uab.pt\/dh\/wp-json\/wp\/v2\/media?parent=34"}],"curies":[{"name":"wp","href":"https:\/\/api.w.org\/{rel}","templated":true}]}}