{"id":98,"date":"2018-01-04T09:32:41","date_gmt":"2018-01-04T09:32:41","guid":{"rendered":"https:\/\/portal.uab.pt\/dh\/?page_id=98"},"modified":"2026-01-13T16:03:48","modified_gmt":"2026-01-13T16:03:48","slug":"docentes","status":"publish","type":"page","link":"https:\/\/portal.uab.pt\/dh\/docentes\/","title":{"rendered":"Docentes"},"content":{"rendered":"<p><span style=\"font-family: 'arial black', sans-serif;background-color: #ffffff;color: #000000\">DOCENTES<\/span><\/p>\n<p><span style=\"background-color: #ffffff;color: #333399;font-family: arial, helvetica, sans-serif\">Professor Catedr\u00e1tico<\/span><\/p>\n<ul>\n<li><a href=\"https:\/\/paginapessoal.uab.pt\/dionisio\" target=\"_blank\" rel=\"noopener noreferrer\">Dion\u00edsio Dagoberto Meneses Vila Maior<\/a><\/li>\n<li><a href=\"https:\/\/paginapessoal.uab.pt\/posorio\" target=\"blank\" rel=\"noopener\">Paulo Jos\u00e9 Tente da Rocha Santos Os\u00f3rio<\/a><\/li>\n<\/ul>\n<p><span style=\"color: #333399;font-family: arial, helvetica, sans-serif\">Professor Associado<\/span><\/p>\n<ul>\n<li><a href=\"https:\/\/paginapessoal.uab.pt\/calmeida\" target=\"_blank\" rel=\"noopener noreferrer\">Carla Aur\u00e9lia Rodrigues de Almeida (<span style=\"font-size: 10pt\">com Agrega\u00e7\u00e3o<\/span>)<\/a><\/li>\n<li><a href=\"https:\/\/paginapessoal.uab.pt\/isabelbd\" target=\"_blank\" rel=\"noopener noreferrer\">Isabel Maria de Barros Dias<\/a><\/li>\n<li><a href=\"https:\/\/paginapessoal.uab.pt\/imsfale\" target=\"_blank\" rel=\"noopener noreferrer\">Isabel Maria dos Santos Fal\u00e9<\/a><\/li>\n<li><a href=\"https:\/\/paginapessoal.uab.pt\/jchilds\" target=\"_blank\" rel=\"noopener noreferrer\">Jeffrey Scott Childs<\/a><\/li>\n<li><a href=\"https:\/\/paginapessoal.uab.pt\/luispg\" target=\"_blank\" rel=\"noopener noreferrer\">Lu\u00eds Carlos Pimenta Gon\u00e7alves<\/a><\/li>\n<li><a href=\"https:\/\/paginapessoal.uab.pt\/rosario\" target=\"_blank\" rel=\"noopener noreferrer\">Maria do Ros\u00e1rio Sampaio Soares de Sousa Leit\u00e3o Lupi Bello<\/a><\/li>\n<li style=\"list-style-type: none\"><\/li>\n<\/ul>\n<p><span style=\"color: #333399;font-family: arial, helvetica, sans-serif\">Professor Auxiliar<\/span><\/p>\n<ul>\n<li id=\"aui_3_2_0_1142\"><a href=\"https:\/\/paginapessoal.uab.pt\/anovo\" target=\"_blank\" rel=\"noopener noreferrer\">Ana Isabel Alves Vieira Novo Guimar\u00e3es<\/a><\/li>\n<li><a href=\"https:\/\/paginapessoal.uab.pt\/apmatos\">Andr\u00e9 Pereira Matos<\/a><\/li>\n<li><a href=\"https:\/\/paginapessoal.uab.pt\/cvr\" target=\"_blank\" rel=\"noopener noreferrer\">Cristiana Maria Santos Gra\u00e7a de Vasconcelos Rodrigues<\/a><\/li>\n<li><a href=\"https:\/\/paginapessoal.uab.pt\/famoreira\">Filipe Alves Moreira<\/a><\/li>\n<li><a href=\"https:\/\/paginapessoal.uab.pt\/gbar\" target=\"_blank\" rel=\"noopener noreferrer\">Gerald B\u00e4r<\/a><\/li>\n<li><a href=\"https:\/\/paginapessoal.uab.pt\/imarques\" target=\"_blank\" rel=\"noopener noreferrer\">Isabelle Duarte Sim\u00f5es Marques<\/a><\/li>\n<li><a href=\"https:\/\/paginapessoal.uab.pt\/irseara\" target=\"_blank\" rel=\"noopener noreferrer\">Isabel Maria Loureiro de Roboredo Seara<\/a><\/li>\n<li><a href=\"http:\/\/paginapessoal.uab.pt\/jmneves\">Jos\u00e9lia Maria Santos Jos\u00e9 Neves<\/a><\/li>\n<li><a href=\"https:\/\/paginapessoal.uab.pt\/mcastelo\" target=\"_blank\" rel=\"noopener noreferrer\">Maria Adelina Ferreira Castelo<\/a><\/li>\n<li><a href=\"https:\/\/paginapessoal.uab.pt\/mmcdsilva\" target=\"_blank\" rel=\"noopener noreferrer\">Maria Manuela Costa da Silva<\/a><\/li>\n<li><a href=\"https:\/\/paginapessoal.uab.pt\/pnsilva\" target=\"_blank\" rel=\"noopener noreferrer\">Paulo Alexandre Magalh\u00e3es Nunes da Silva<\/a><\/li>\n<li><a href=\"https:\/\/paginapessoal.uab.pt\/sgrunhagen\" target=\"_blank\" rel=\"noopener noreferrer\">Sara Grunhagen<\/a><\/li>\n<li><a href=\"https:\/\/paginapessoal.uab.pt\/sdix\" target=\"_blank\" rel=\"noopener noreferrer\">Steffen Dix<\/a><\/li>\n<li><a href=\"https:\/\/paginapessoal.uab.pt\/spoliveira\" target=\"_blank\" rel=\"noopener noreferrer\">Susana Paula de Magalh\u00e3es Oliveira<\/a><\/li>\n<\/ul>\n<p>&nbsp;<\/p>\n<p><span style=\"font-family: 'arial black', sans-serif\">DOCENTES CONVIDADOS<\/span><\/p>\n<ul>\n<li><a href=\"https:\/\/paginapessoal.uab.pt\/abraz\" target=\"_blank\" rel=\"noopener noreferrer\">Ana Cristina Pereira Braz<\/a><\/li>\n<li><a href=\"https:\/\/paginapessoal.uab.pt\/armsilva\" target=\"_blank\" rel=\"noopener noreferrer\">Ana Rita Martins Capela Silva<\/a><\/li>\n<li><a href=\"https:\/\/paginapessoal.uab.pt\/alaranjinha\" target=\"_blank\" rel=\"noopener noreferrer\">Ana Sofia Figueiras Henriques Laranjinha<\/a><\/li>\n<li><a href=\"https:\/\/paginapessoal.uab.pt\/achenoll\">Ant\u00f3nio Chenoll Mora<\/a><\/li>\n<li><a href=\"https:\/\/paginapessoal.uab.pt\/jflores\">Jania Salazar Flores<\/a><\/li>\n<li><a href=\"https:\/\/paginapessoal.uab.pt\/malpalhao\">Margarida Maria de Jesus Santos Alpalh\u00e3o<\/a><\/li>\n<li><a href=\"https:\/\/paginapessoal.uab.pt\/mbarbas\" target=\"_blank\" rel=\"noopener noreferrer\">Maria da Costa Potes Franco Barroso Santa-Clara Barbas<\/a><\/li>\n<li><a href=\"http:\/\/paginapessoal.uab.pt\/mariahantunes\">Maria Helena Marques Antunes<\/a><\/li>\n<li><a href=\"https:\/\/paginapessoal.uab.pt\/pvfaria\">Paulo V\u00edtor Feytor Pinto Sampaio de Faria<\/a><\/li>\n<li><a href=\"https:\/\/paginapessoal.uab.pt\/ssgaio\">Sandra Sofia da Nora Gaio<\/a><\/li>\n<\/ul>\n<p><span style=\"color: #333399;font-family: arial, helvetica, sans-serif\">Leitor<\/span><\/p>\n<ul>\n<li><a href=\"https:\/\/paginapessoal.uab.pt\/cweber\">Cl\u00e1udia Alexandra dos Santos Branco Paulino Weber<\/a><\/li>\n<\/ul>\n<p><span style=\"color: #333399;font-family: arial, helvetica, sans-serif\">Assistente<\/span><\/p>\n<ul>\n<li><a href=\"https:\/\/paginapessoal.uab.pt\/kgottsch\" target=\"_blank\" rel=\"noopener noreferrer\">Katja G\u00f6ttsche Esperan\u00e7a Clara<\/a><\/li>\n<\/ul>\n<p>&nbsp;<\/p>\n<p><span style=\"font-family: 'arial black', sans-serif\">DOCENTES APOSENTADOS<\/span><\/p>\n<ul>\n<li>Ana Isabel Pereira Teixeira Vasconcelos<\/li>\n<li>Ana Maria de Sousa Nascimento Piedade (Jubilada)<\/li>\n<li>Ana Paula da Silva Machado<\/li>\n<li>Ana Rita de S\u00e1 Soveral Padeira<\/li>\n<li>Carlos Castilho Pais<\/li>\n<li>Domingos Lucas Dias<\/li>\n<li>Hanna Krystyna Jakubowicz Bator\u00e9o (Jubilada)<\/li>\n<li>Helena B\u00e1rbara de Sousa Montes Rodrigues Marques Dias<\/li>\n<li>Landeg Ernest White<\/li>\n<li>Maria de Jesus Crespo Candeias Velez Relvas<\/li>\n<li>Maria do C\u00e9u Martins Monteiro Marques<\/li>\n<li>Maria do Ros\u00e1rio da Cunha Duarte<\/li>\n<li>Maria Filipa Palma dos Reis<\/li>\n<li>Maria Paula da Silva Mendes Coelho<\/li>\n<li>Maria Teresa de Noronha Cardoso Rocha<\/li>\n<li>M\u00e1rio Jos\u00e9 Filipe da Silva<\/li>\n<li>Ricardo Severino Salom\u00e3o Lopes<\/li>\n<li>Rosa Maria Sequeira<\/li>\n<li>Rui Joaquim de Azevedo Teixeira<\/li>\n<li style=\"list-style-type: none\"><\/li>\n<\/ul>\n<p>&nbsp;<\/p>\n<p><!--more--><\/p>","protected":false},"excerpt":{"rendered":"<p>DOCENTES Professor Catedr\u00e1tico Dion\u00edsio Dagoberto Meneses Vila Maior Paulo Jos\u00e9 Tente da Rocha Santos Os\u00f3rio Professor Associado Carla Aur\u00e9lia Rodrigues de Almeida (com Agrega\u00e7\u00e3o) Isabel Maria de Barros Dias Isabel Maria dos Santos Fal\u00e9 Jeffrey Scott Childs Lu\u00eds Carlos Pimenta Gon\u00e7alves Maria do Ros\u00e1rio Sampaio Soares de Sousa Leit\u00e3o Lupi Bello Professor Auxiliar Ana Isabel&#x2026; <a class=\"\" href=\"https:\/\/portal.uab.pt\/dh\/docentes\/\">Ler +<\/a><\/p>\n","protected":false},"author":1,"featured_media":0,"parent":0,"menu_order":0,"comment_status":"closed","ping_status":"closed","template":"","meta":{"footnotes":""},"class_list":["post-98","page","type-page","status-publish","hentry"],"_links":{"self":[{"href":"https:\/\/portal.uab.pt\/dh\/wp-json\/wp\/v2\/pages\/98","targetHints":{"allow":["GET"]}}],"collection":[{"href":"https:\/\/portal.uab.pt\/dh\/wp-json\/wp\/v2\/pages"}],"about":[{"href":"https:\/\/portal.uab.pt\/dh\/wp-json\/wp\/v2\/types\/page"}],"author":[{"embeddable":true,"href":"https:\/\/portal.uab.pt\/dh\/wp-json\/wp\/v2\/users\/1"}],"replies":[{"embeddable":true,"href":"https:\/\/portal.uab.pt\/dh\/wp-json\/wp\/v2\/comments?post=98"}],"version-history":[{"count":85,"href":"https:\/\/portal.uab.pt\/dh\/wp-json\/wp\/v2\/pages\/98\/revisions"}],"predecessor-version":[{"id":746,"href":"https:\/\/portal.uab.pt\/dh\/wp-json\/wp\/v2\/pages\/98\/revisions\/746"}],"wp:attachment":[{"href":"https:\/\/portal.uab.pt\/dh\/wp-json\/wp\/v2\/media?parent=98"}],"curies":[{"name":"wp","href":"https:\/\/api.w.org\/{rel}","templated":true}]}}