{"id":1095,"date":"2018-05-15T13:46:56","date_gmt":"2018-05-15T13:46:56","guid":{"rendered":"http:\/\/portal.uab.pt\/dsd\/?page_id=1095"},"modified":"2026-04-01T14:13:46","modified_gmt":"2026-04-01T14:13:46","slug":"recursos-2","status":"publish","type":"page","link":"https:\/\/portal.uab.pt\/dsd\/recursos-2\/","title":{"rendered":"Recursos"},"content":{"rendered":"<p>Alguns dos recursos de informa\u00e7\u00e3o aqui disponibilizados s\u00e3o de acesso restrito \u00e0 Comunidade UAb.<\/p>\n<p>Em caso de utiliza\u00e7\u00e3o fora do <span style=\"color: #000000\"><a style=\"color: #000000\" href=\"https:\/\/portal.uab.pt\/dsd\/bibliotecas\/\" target=\"_blank\" rel=\"noopener\"><strong><span style=\"color: #808080\">espa\u00e7o UAb<\/span><\/strong><\/a><\/span>, recomenda-se o<span style=\"color: #000000\"><span style=\"color: #808080\"> <strong><a style=\"color: #808080\" href=\"https:\/\/portal.uab.pt\/si\/ligacao-vpn\/\" target=\"_blank\" rel=\"noopener\">acesso remoto ao Campus Virtual<\/a><\/strong><\/span>.<\/span><\/p>\n<p><a href=\"https:\/\/portal.uab.pt\/dsd\/acesso-experimental-de-recursos-para-a-uab\/\" target=\"_blank\" rel=\"noopener\"><span style=\"color: #3366ff\"><strong>RECURSOS EM ACESSO EXPERIMENTAL NA UAb<\/strong><\/span><\/a><\/p>\n<p><strong><a href=\"https:\/\/www.b-on.pt\/\" target=\"_blank\" rel=\"noopener\">B-ON<\/a><\/strong><\/p>\n<p><strong><a href=\"https:\/\/portal.uab.pt\/dsd\/bases-de-dados-a-d\/\" target=\"_blank\" rel=\"noopener\">BASES DE DADOS<\/a><\/strong><\/p>\n<p><strong><a href=\"https:\/\/catalogo.biblioteca.uab.pt\/cgi-bin\/koha\/opac-search.pl?idx=callnum&amp;q=Biblioteca+Antiga\" target=\"_blank\" rel=\"noopener\">BIBLIOTECA ANTIGA<\/a><\/strong><\/p>\n<p><strong><a href=\"https:\/\/portal.uab.pt\/dsd\/biblioteca-antiga-digital\/\" target=\"_blank\" rel=\"noopener\">BIBLIOTECA ANTIGA DIGITAL<\/a><\/strong><\/p>\n<p><strong><a href=\"https:\/\/bibliotecacomum.pt\/projeto\/\" target=\"_blank\" rel=\"noopener\">BIBLIOTECA COMUM<\/a><\/strong><\/p>\n<p><strong><a href=\"https:\/\/catalogo.biblioteca.uab.pt\/cgi-bin\/koha\/opac-search.pl?idx=su&amp;q=FAO\" target=\"_blank\" rel=\"noopener\">BIBLIOTECAS DEPOSIT\u00c1RIAS FAO | ACERVO UAb<\/a><\/strong><\/p>\n<p><strong><a href=\"https:\/\/catalogo.biblioteca.uab.pt\/\" target=\"_blank\" rel=\"noopener\">CAT\u00c1LOGO ONLINE<\/a><\/strong><\/p>\n<p><a href=\"https:\/\/dados.gov.pt\/pt\/\" target=\"_blank\" rel=\"noopener\"><strong>DADOS.GOV &#8211; Portal de dados abertos da Administra\u00e7\u00e3o P\u00fablica portuguesa<\/strong><\/a><\/p>\n<p><strong><a href=\"https:\/\/www.doabooks.org\/\" target=\"_blank\" rel=\"noopener\">DIRECTORY OF OPEN ACCESS BOOKS<\/a><\/strong><\/p>\n<p><strong><a href=\"https:\/\/diretorio.bad.pt\/\" target=\"_blank\" rel=\"noopener\">DIRET\u00d3RIO BAD \u2013 Associa\u00e7\u00e3o Portuguesa de Bibliotec\u00e1rios, Arquivistas, Profissionais da Informa\u00e7\u00e3o e Documenta\u00e7\u00e3o<\/a><\/strong><\/p>\n<p><strong>EBSCO:<\/strong><\/p>\n<ul>\n<li><strong><a href=\"https:\/\/search.ebscohost.com\/login.aspx?authtype=ip,uid&amp;groupid=main&amp;profile=ehost&amp;defaultdb=cms\" target=\"_blank\" rel=\"noopener\">Communication Source<\/a><\/strong><\/li>\n<li><a href=\"https:\/\/search.ebscohost.com\/login.aspx?authtype=ip,uid&amp;groupid=main&amp;profile=ehost&amp;defaultdb=e095mww\" target=\"_blank\" rel=\"noopener\"><strong>Ebook Education Collection<\/strong><\/a><\/li>\n<li><strong><a href=\"https:\/\/search.ebscohost.com\/login.aspx?authtype=ip,uid&amp;groupid=main&amp;profile=ehost&amp;defaultdb=e250xww\" target=\"_blank\" rel=\"noopener\">Ebook ITCore<\/a><\/strong><\/li>\n<li><strong><a href=\"https:\/\/search.ebscohost.com\/login.aspx?authtype=ip,uid&amp;groupid=main&amp;profile=ehost&amp;defaultdb=sur\" target=\"_blank\" rel=\"noopener\">Sustainability Reference Center<\/a><\/strong><\/li>\n<\/ul>\n<p><a href=\"https:\/\/research.ebsco.com\/c\/fatutm\/search\" target=\"_blank\" rel=\"noopener\"><strong>EBSCO DISCOVERY SERVICE<\/strong><\/a><\/p>\n<p><a href=\"https:\/\/search.ebscohost.com\/login.aspx?authtype=ip,uid&amp;groupid=main&amp;profile=ehost\" target=\"_blank\" rel=\"noopener\"><strong>EBSCOHOST<\/strong><\/a><\/p>\n<p><strong><a href=\"https:\/\/scholar.google.com.br\/schhp?hl=pt-PT\" target=\"_blank\" rel=\"noopener\">GOOGLE ACAD\u00c9MICO<\/a><\/strong><\/p>\n<p><strong><a href=\"https:\/\/www.indexar.pt\/#\/home\" target=\"_blank\" rel=\"noopener\">INDEXAR &#8211; Reposit\u00f3rios digitais do conhecimento<\/a><\/strong><\/p>\n<p><a href=\"https:\/\/portal.uab.pt\/dsd\/journal-checker-tool\/\" target=\"_blank\" rel=\"noopener\"><strong>JOURNAL CHECKER TOOL<\/strong><\/a><\/p>\n<p><a href=\"https:\/\/www.jstor.org\/\" target=\"_blank\" rel=\"noopener\"><strong>JSTOR &#8211; Multi-discipline archive collections<\/strong><\/a><\/p>\n<p><strong><a href=\"https:\/\/portal.uab.pt\/dsd\/livros-electronicos\/\" target=\"_blank\" rel=\"noopener\">LIVROS ELETR\u00d3NICOS<\/a><\/strong><\/p>\n<p><a href=\"https:\/\/opendoar.ac.uk\/\" target=\"_blank\" rel=\"noopener\"><strong>OpenDOAR<\/strong><\/a><\/p>\n<p><a href=\"https:\/\/openpolicyfinder.jisc.ac.uk\/\" target=\"_blank\" rel=\"noopener\"><strong>OPEN POLICY FINDER\u00a0<\/strong><\/a><\/p>\n<p><strong><a href=\"https:\/\/openplato.eu\/\" target=\"_blank\" rel=\"noopener\">OPENPLATO<\/a><\/strong><\/p>\n<p><strong><a href=\"https:\/\/portal.uab.pt\/dsd\/periodicos-eletronicos\/\" target=\"_blank\" rel=\"noopener\">PERI\u00d3DICOS ELETR\u00d3NICOS<\/a><\/strong><\/p>\n<p><a href=\"https:\/\/polen.fccn.pt\/\" target=\"_blank\" rel=\"noopener\"><b data-fusion-font=\"true\">POLEN &#8211; Gest\u00e3o de Dados de Investiga\u00e7\u00e3o (GDI)<\/b><\/a><\/p>\n<p><strong><a href=\"https:\/\/portal.uab.pt\/dsd\/portal-ine\/\" target=\"_blank\" rel=\"noopener\">PORTAL DO INE<\/a><\/strong><\/p>\n<p><strong><a href=\"https:\/\/ec.europa.eu\/eurostat\" target=\"_blank\" rel=\"noopener\">PORTAL EUROSTAT<\/a><\/strong><\/p>\n<p><strong><a href=\"https:\/\/www.proquest.com\/?accountid=26140\">PROQUEST<\/a><\/strong><\/p>\n<p><strong><a href=\"https:\/\/publications.ebsco.com\/?custId=ns000545&amp;groupId=main&amp;profileId=pfui\" target=\"_blank\" rel=\"noopener\">PUBLICATION FINDER &#8211; FULL TEXT FINDER<\/a><\/strong><\/p>\n<p><strong><a href=\"https:\/\/www.rcaap.pt\/\" target=\"_blank\" rel=\"noopener\">RCAAP &#8211; REPOSIT\u00d3RIOS CIENT\u00cdFICOS DE ACESSO ABERTO DE PORTUGAL<\/a><\/strong><\/p>\n<p><strong><a href=\"https:\/\/repositorioaberto.uab.pt\/handle\/10400.2\/4664\" target=\"_blank\" rel=\"noopener\">REA &#8211; RECURSOS EDUCACIONAIS ABERTOS<\/a><\/strong><\/p>\n<p><strong><a href=\"https:\/\/rnod.bnportugal.gov.pt\/rnod\/\" target=\"_blank\" rel=\"noopener\">REGISTO NACIONAL DE OBJETOS DIGITAIS<\/a><\/strong><\/p>\n<p><strong><a href=\"https:\/\/repositorioaberto.uab.pt\/\" target=\"_blank\" rel=\"noopener\">REPOSIT\u00d3RIO ABERTO<\/a><\/strong><\/p>\n<p><strong><a href=\"https:\/\/portal.uab.pt\/dsd\/repositorios-cientificos\/\" target=\"_blank\" rel=\"noopener\">REPOSIT\u00d3RIOS CIENT\u00cdFICOS<\/a><\/strong><\/p>\n<p><a href=\"https:\/\/www.scopus.com\/search\/form.uri?display=basic#basic\" target=\"_blank\" rel=\"noopener\"><strong>SCOPUS<\/strong><\/a><\/p>\n<p><a href=\"https:\/\/www.scopus.com\/search\/form.uri?display=basic#scopus-ai\" target=\"_blank\" rel=\"noopener\"><strong>SCOPUS AI<\/strong><\/a><\/p>\n<p><span style=\"color: #000000\"><strong>SPRINGER:<\/strong><\/span><\/p>\n<ul>\n<li><a href=\"https:\/\/link.springer.com\/search?package=43712&amp;query=&amp;content-type=Book&amp;date=custom&amp;dateFrom=2022&amp;dateTo=2025&amp;sortBy=relevance\" target=\"_blank\" rel=\"noopener\"><strong>Engineering<\/strong><\/a><\/li>\n<li><a href=\"https:\/\/link.springer.com\/search?package=43728&amp;query=&amp;content-type=Book&amp;date=custom&amp;dateFrom=2022&amp;dateTo=2025&amp;sortBy=relevance\" target=\"_blank\" rel=\"noopener\"><strong>Intelligent Technologies &amp; Robotics<\/strong><\/a><\/li>\n<li><a href=\"https:\/\/link.springer.com\/search?package=43723&amp;query=&amp;content-type=Book&amp;date=custom&amp;dateFrom=2022&amp;dateTo=2025&amp;sortBy=relevance\" target=\"_blank\" rel=\"noopener\"><strong>Literature, Cultural &amp; Media Studies<\/strong><\/a><\/li>\n<\/ul>\n<p><strong><a href=\"https:\/\/www.webofscience.com\/wos\/woscc\/basic-search\" target=\"_blank\" rel=\"noopener\">WEB OF SCIENCE<\/a><\/strong><\/p>\n<p><strong><a href=\"https:\/\/www.wiley.com\/en-us\/journal-finder\/\" target=\"_blank\" rel=\"noopener\">WILEY&#8217;S JOURNAL FINDER<\/a><\/strong><\/p>\n<p><a href=\"https:\/\/zenodo.org\/communities\/doutoramento\/records?q=&amp;l=list&amp;p=1&amp;s=10&amp;sort=newest\" target=\"_blank\" rel=\"noopener\"><strong>ZENODO<\/strong><\/a><\/p>","protected":false},"excerpt":{"rendered":"<p>Alguns dos recursos de informa\u00e7\u00e3o aqui disponibilizados s\u00e3o de acesso restrito \u00e0 Comunidade UAb.<\/p>\n<p>Em caso de utiliza\u00e7\u00e3o fora do <span style=\"color: #000000\"><a style=\"color: #000000\" href=\"https:\/\/portal.uab.pt\/dsd\/bibliotecas\/\" target=\"_blank\" rel=\"noopener\"><strong><span style=\"color: #808080\">espa\u00e7o UAb<\/span><\/strong><\/a><\/span>, recomenda-se o<span style=\"color: #000000\"><span style=\"color: #808080\"> <strong><a style=\"color: #808080\" href=\"https:\/\/portal.uab.pt\/si\/ligacao-vpn\/\" target=\"_blank\" rel=\"noopener\">acesso remoto ao Campus Virtual<\/a><\/strong><\/span>.<\/span><\/p>\n<p><a href=\"https:\/\/portal.uab.pt\/dsd\/acesso-experimental-de-recursos-para-a-uab\/\" target=\"_blank\" rel=\"noopener\"><span style=\"color: #3366ff\"><strong>RECURSOS EM ACESSO EXPERIMENTAL NA UAb<\/strong><\/span><\/a><\/p>\n<p><strong><a href=\"https:\/\/www.b-on.pt\/\" target=\"_blank\" rel=\"noopener\">B-ON<\/a><\/strong><\/p>\n<p><strong><a href=\"https:\/\/portal.uab.pt\/dsd\/bases-de-dados-a-d\/\" target=\"_blank\" rel=\"noop<a class=\"more-link\" href=\"https:\/\/portal.uab.pt\/dsd\/recursos-2\/\">Ler +<\/a><\/p>\n","protected":false},"author":153,"featured_media":0,"parent":0,"menu_order":0,"comment_status":"closed","ping_status":"closed","template":"","meta":{"footnotes":""},"class_list":["post-1095","page","type-page","status-publish","hentry"],"_links":{"self":[{"href":"https:\/\/portal.uab.pt\/dsd\/wp-json\/wp\/v2\/pages\/1095","targetHints":{"allow":["GET"]}}],"collection":[{"href":"https:\/\/portal.uab.pt\/dsd\/wp-json\/wp\/v2\/pages"}],"about":[{"href":"https:\/\/portal.uab.pt\/dsd\/wp-json\/wp\/v2\/types\/page"}],"author":[{"embeddable":true,"href":"https:\/\/portal.uab.pt\/dsd\/wp-json\/wp\/v2\/users\/153"}],"replies":[{"embeddable":true,"href":"https:\/\/portal.uab.pt\/dsd\/wp-json\/wp\/v2\/comments?post=1095"}],"version-history":[{"count":371,"href":"https:\/\/portal.uab.pt\/dsd\/wp-json\/wp\/v2\/pages\/1095\/revisions"}],"predecessor-version":[{"id":13466,"href":"https:\/\/portal.uab.pt\/dsd\/wp-json\/wp\/v2\/pages\/1095\/revisions\/13466"}],"wp:attachment":[{"href":"https:\/\/portal.uab.pt\/dsd\/wp-json\/wp\/v2\/media?parent=1095"}],"curies":[{"name":"wp","href":"https:\/\/api.w.org\/{rel}","templated":true}]}}