{"id":730,"date":"2018-04-09T14:19:18","date_gmt":"2018-04-09T14:19:18","guid":{"rendered":"http:\/\/portal.uab.pt\/dsd\/?page_id=730"},"modified":"2026-01-02T13:28:38","modified_gmt":"2026-01-02T13:28:38","slug":"bibliotecas","status":"publish","type":"page","link":"https:\/\/portal.uab.pt\/dsd\/bibliotecas\/","title":{"rendered":"Bibliotecas"},"content":{"rendered":"<p>&nbsp;<\/p>\n<hr \/>\n<p>&nbsp;<\/p>\n<div><strong>Biblioteca Central<\/strong><br \/>\nRua da Escola Polit\u00e9cnica, n\u00ba 147<br \/>\n1269-001 Lisboa<br \/>\n<strong>Telefone:<\/strong> (+351) 300 002 932 | 300 002 968<br \/>\n<strong>Correio eletr\u00f3nico:<\/strong> <strong><a href=\"mailto:DSDI.Lisboa@uab.pt\">DSDI.Lisboa@uab.pt<\/a><\/strong><br \/>\n<strong>Hor\u00e1rio de atendimento:<\/strong> <em>Segunda a sexta, 9:00h-17:00h<\/em><br \/>\n<a href=\"https:\/\/www.google.pt\/maps\/place\/Rua+da+Escola+Polit%C3%A9cnica+147,+1250-096+Lisboa\/@38.7181916,-9.1545241,17z\/data=!3m1!4b1!4m5!3m4!1s0xd19337bed86c4a5:0xa2b91bf56bf8ed17!8m2!3d38.7181874!4d-9.1523354\" target=\"_blank\" rel=\"noopener\"><strong>Mapa de Localiza\u00e7\u00e3o<\/strong><\/a><\/div>\n<p>&nbsp;<\/p>\n<div><strong>Delega\u00e7\u00e3o de Coimbra<\/strong><br \/>\nRua Alexandre Herculano, n\u00ba 52<br \/>\n3000-019 Coimbra<br \/>\n<strong>Telefone:<\/strong> (+351) 300 001 590 | 300 001 593<br \/>\n<strong>Correio eletr\u00f3nico: <a href=\"mailto:DSDI.Coimbra@uab.pt\">DSDI.Coimbra@uab.pt<\/a><\/strong><br \/>\n<strong>Hor\u00e1rio de atendimento: <\/strong><em>Segunda a sexta, 9:00h-12:00h | 14:00h-17:00h<\/em><br \/>\n<a href=\"https:\/\/www.google.com\/maps\/search\/?api=1&amp;query=Rua+Alexandre+Herculano,+n\u00ba+52+3000-019+Coimbra\" target=\"_blank\" rel=\"noopener\"><strong>Mapa de Localiza\u00e7\u00e3o<\/strong><\/a><\/div>\n<p>&nbsp;<\/p>\n<div><strong>Delega\u00e7\u00e3o do Porto<\/strong><br \/>\nRua do Amial, n\u00ba 752-762<br \/>\n4200-055 Porto<br \/>\n<strong>Telefone:<\/strong> (+351) 300 001 700 | 300 001 718<br \/>\n<strong>Correio eletr\u00f3nico:<\/strong> <strong><a href=\"mailto:DSDI.Porto@uab.pt\">DSDI.Porto@uab.pt<\/a><\/strong><br \/>\n<strong>Hor\u00e1rio de atendimento:<\/strong> <em>Segunda a sexta, 9:30h-16:30h<\/em><br \/>\n<a href=\"https:\/\/www.google.com\/maps\/search\/?api=1&amp;query=Rua+do+Amial,+n\u00ba+752-762+4200-055+Porto\" target=\"_blank\" rel=\"noopener\"><strong>Mapa de Localiza\u00e7\u00e3o<\/strong><\/a><\/div>\n<p>&nbsp;<\/p>\n<p><b>Pol\u00edtica de Admiss\u00e3o de Utilizadores &#8211; <a href=\"https:\/\/portal.uab.pt\/dsd\/wp-content\/uploads\/sites\/19\/2022\/08\/D127-R-2022-_-Homologacao-do-Regulamento-das-Bibliotecas-da-UAb-_-29jul2022-2.pdf\" target=\"_blank\" rel=\"noopener\">Regulamento das Bibliotecas da UAb<\/a>:<\/b><br \/>\nAs bibliotecas est\u00e3o abertas ao p\u00fablico em geral, podendo qualquer pessoa, independentemente da sua origem ou nacionalidade, aceder \u00e0s mesmas e consultar presencialmente os recursos existentes.<br \/>\nS\u00e3o utilizadores das bibliotecas:<br \/>\na) Estudantes, docentes, trabalhadores n\u00e3o docentes e investigadores da UAb;<br \/>\nb) Utilizadores externos autorizados;<br \/>\nc) Entidades cong\u00e9neres, arquivos, bibliotecas e outros servi\u00e7os de documenta\u00e7\u00e3o e ou informa\u00e7\u00e3o nacionais e internacionais;<br \/>\nd) P\u00fablico em geral.<\/p>\n<p>&nbsp;<\/p>\n<hr \/>\n<h4><b>Novos recursos no acervo<\/b><\/h4>\n<p><iframe style=\"width: 100%; height: 600px; border: none;\" title=\"Novidades Biblioteca\" src=\"https:\/\/catalogo.biblioteca.uab.pt\/plugin\/Koha\/Plugin\/Pt\/KEEPS\/OpacLastDocuments\/opac-lastdocuments.pl\"><br \/>\n<\/iframe><\/p>","protected":false},"excerpt":{"rendered":"<p>&nbsp;<\/p>\n<hr \/>\n<p>&nbsp;<\/p>\n<div><strong>Biblioteca Central<\/strong><br \/>\nRua da Escola Polit\u00e9cnica, n\u00ba 147<br \/>\n1269-001 Lisboa<br \/>\n<strong>Telefone:<\/strong> (+351) 300 002 932 | 300 002 968<br \/>\n<strong>Correio eletr\u00f3nico:<\/strong> <strong><a href=\"mailto:DSDI.Lisboa@uab.pt\">DSDI.Lisboa@uab.pt<\/a><\/strong><br \/>\n<strong>Hor\u00e1rio de atendimento:<\/strong> <em>Segunda a sexta, 9:00h-17:00h<\/em><br \/>\n<a href=\"https:\/\/www.google.pt\/maps\/place\/Rua+da+Escola+Polit%C3%A9cnica+147,+1250-096+Lisboa\/@38.7181916,-9.1545241,17z\/data=!3m1!4b1!4m5!3m4!1s0xd19337bed86c4a5:0xa2b91bf56bf8ed17!8m2!3d38.7181874!4d-9.1523354\" target=\"_blank\" rel=\"noopener\"><strong>Mapa de Localiza\u00e7\u00e3o<\/strong><\/a><\/div>\n<p>&nbsp;<\/p>\n<div><strong>Delega\u00e7\u00e3o de Coimbra<\/strong><br \/>\nRua Alexandre Herculano, n\u00ba 52<br \/>\n3000-019 Coimbra<br \/>\n<strong>Telefone:<\/strong> (+351) 300 001 590 | 300 001 593<br \/>\n<strong>Correio eletr\u00f3nico: <a href=\"mailto:DSDI.Coimbra@uab.pt\">DSDI.Coimbra@uab.pt<\/a><\/stron<a class=\"more-link\" href=\"https:\/\/portal.uab.pt\/dsd\/bibliotecas\/\">Ler +<\/a><\/p>\n","protected":false},"author":1,"featured_media":0,"parent":0,"menu_order":0,"comment_status":"closed","ping_status":"closed","template":"","meta":{"footnotes":""},"class_list":["post-730","page","type-page","status-publish","hentry"],"_links":{"self":[{"href":"https:\/\/portal.uab.pt\/dsd\/wp-json\/wp\/v2\/pages\/730","targetHints":{"allow":["GET"]}}],"collection":[{"href":"https:\/\/portal.uab.pt\/dsd\/wp-json\/wp\/v2\/pages"}],"about":[{"href":"https:\/\/portal.uab.pt\/dsd\/wp-json\/wp\/v2\/types\/page"}],"author":[{"embeddable":true,"href":"https:\/\/portal.uab.pt\/dsd\/wp-json\/wp\/v2\/users\/1"}],"replies":[{"embeddable":true,"href":"https:\/\/portal.uab.pt\/dsd\/wp-json\/wp\/v2\/comments?post=730"}],"version-history":[{"count":81,"href":"https:\/\/portal.uab.pt\/dsd\/wp-json\/wp\/v2\/pages\/730\/revisions"}],"predecessor-version":[{"id":13197,"href":"https:\/\/portal.uab.pt\/dsd\/wp-json\/wp\/v2\/pages\/730\/revisions\/13197"}],"wp:attachment":[{"href":"https:\/\/portal.uab.pt\/dsd\/wp-json\/wp\/v2\/media?parent=730"}],"curies":[{"name":"wp","href":"https:\/\/api.w.org\/{rel}","templated":true}]}}