{"id":489,"date":"2017-07-04T14:24:07","date_gmt":"2017-07-04T14:24:07","guid":{"rendered":"http:\/\/portal.uab.pt\/gestaoacademica\/?page_id=489"},"modified":"2022-06-28T14:51:47","modified_gmt":"2022-06-28T14:51:47","slug":"glossario-academico-da-uab","status":"publish","type":"page","link":"https:\/\/portal.uab.pt\/gestaoacademica\/en\/glossario-academico-da-uab\/","title":{"rendered":"(Portugu\u00eas) Gloss\u00e1rio Acad\u00e9mico da UAb"},"content":{"rendered":"<p class=\"qtranxs-available-languages-message qtranxs-available-languages-message-en\">Sorry, this entry is only available in <a href=\"https:\/\/portal.uab.pt\/gestaoacademica\/pt\/wp-json\/wp\/v2\/pages\/489\" class=\"qtranxs-available-language-link qtranxs-available-language-link-pt\" title=\"Portugu\u00eas\">Portugu\u00eas<\/a>.<\/p>","protected":false},"excerpt":{"rendered":"","protected":false},"author":1,"featured_media":174,"parent":0,"menu_order":3,"comment_status":"closed","ping_status":"closed","template":"","meta":{"footnotes":""},"class_list":["post-489","page","type-page","status-publish","has-post-thumbnail","hentry"],"_links":{"self":[{"href":"https:\/\/portal.uab.pt\/gestaoacademica\/en\/wp-json\/wp\/v2\/pages\/489","targetHints":{"allow":["GET"]}}],"collection":[{"href":"https:\/\/portal.uab.pt\/gestaoacademica\/en\/wp-json\/wp\/v2\/pages"}],"about":[{"href":"https:\/\/portal.uab.pt\/gestaoacademica\/en\/wp-json\/wp\/v2\/types\/page"}],"author":[{"embeddable":true,"href":"https:\/\/portal.uab.pt\/gestaoacademica\/en\/wp-json\/wp\/v2\/users\/1"}],"replies":[{"embeddable":true,"href":"https:\/\/portal.uab.pt\/gestaoacademica\/en\/wp-json\/wp\/v2\/comments?post=489"}],"version-history":[{"count":4,"href":"https:\/\/portal.uab.pt\/gestaoacademica\/en\/wp-json\/wp\/v2\/pages\/489\/revisions"}],"predecessor-version":[{"id":933,"href":"https:\/\/portal.uab.pt\/gestaoacademica\/en\/wp-json\/wp\/v2\/pages\/489\/revisions\/933"}],"wp:featuredmedia":[{"embeddable":true,"href":"https:\/\/portal.uab.pt\/gestaoacademica\/en\/wp-json\/wp\/v2\/media\/174"}],"wp:attachment":[{"href":"https:\/\/portal.uab.pt\/gestaoacademica\/en\/wp-json\/wp\/v2\/media?parent=489"}],"curies":[{"name":"wp","href":"https:\/\/api.w.org\/{rel}","templated":true}]}}