{"id":926,"date":"2018-04-11T08:49:44","date_gmt":"2018-04-11T08:49:44","guid":{"rendered":"http:\/\/portal.uab.pt\/gestaoacademica\/?page_id=926"},"modified":"2025-05-30T11:53:41","modified_gmt":"2025-05-30T11:53:41","slug":"relatorios-e-estatisticas","status":"publish","type":"page","link":"https:\/\/portal.uab.pt\/gestaoacademica\/en\/relatorios-e-estatisticas\/","title":{"rendered":"(Portugu\u00eas) Relat\u00f3rios e Estat\u00edsticas"},"content":{"rendered":"<p class=\"qtranxs-available-languages-message qtranxs-available-languages-message-en\">Sorry, this entry is only available in <a href=\"https:\/\/portal.uab.pt\/gestaoacademica\/pt\/wp-json\/wp\/v2\/pages\/926\" class=\"qtranxs-available-language-link qtranxs-available-language-link-pt\" title=\"Portugu\u00eas\">Portugu\u00eas<\/a>.<\/p>","protected":false},"excerpt":{"rendered":"<p>Sorry, this entry is only available in Portugu\u00eas.<\/p>\n","protected":false},"author":1,"featured_media":925,"parent":0,"menu_order":2,"comment_status":"closed","ping_status":"closed","template":"","meta":{"footnotes":""},"class_list":["post-926","page","type-page","status-publish","has-post-thumbnail","hentry","post-thumb"],"_links":{"self":[{"href":"https:\/\/portal.uab.pt\/gestaoacademica\/en\/wp-json\/wp\/v2\/pages\/926","targetHints":{"allow":["GET"]}}],"collection":[{"href":"https:\/\/portal.uab.pt\/gestaoacademica\/en\/wp-json\/wp\/v2\/pages"}],"about":[{"href":"https:\/\/portal.uab.pt\/gestaoacademica\/en\/wp-json\/wp\/v2\/types\/page"}],"author":[{"embeddable":true,"href":"https:\/\/portal.uab.pt\/gestaoacademica\/en\/wp-json\/wp\/v2\/users\/1"}],"replies":[{"embeddable":true,"href":"https:\/\/portal.uab.pt\/gestaoacademica\/en\/wp-json\/wp\/v2\/comments?post=926"}],"version-history":[{"count":90,"href":"https:\/\/portal.uab.pt\/gestaoacademica\/en\/wp-json\/wp\/v2\/pages\/926\/revisions"}],"predecessor-version":[{"id":1466,"href":"https:\/\/portal.uab.pt\/gestaoacademica\/en\/wp-json\/wp\/v2\/pages\/926\/revisions\/1466"}],"wp:featuredmedia":[{"embeddable":true,"href":"https:\/\/portal.uab.pt\/gestaoacademica\/en\/wp-json\/wp\/v2\/media\/925"}],"wp:attachment":[{"href":"https:\/\/portal.uab.pt\/gestaoacademica\/en\/wp-json\/wp\/v2\/media?parent=926"}],"curies":[{"name":"wp","href":"https:\/\/api.w.org\/{rel}","templated":true}]}}