{"id":114,"date":"2017-06-08T11:41:19","date_gmt":"2017-06-08T11:41:19","guid":{"rendered":"http:\/\/portal.uab.pt\/gestaoacademica\/?page_id=114"},"modified":"2021-02-15T12:19:04","modified_gmt":"2021-02-15T12:19:04","slug":"empregabilidade","status":"publish","type":"page","link":"https:\/\/portal.uab.pt\/gestaoacademica\/empregabilidade\/","title":{"rendered":"Empregabilidade"},"content":{"rendered":"<p><\/p>\n<h2><span style=\"color: #000000\"><strong>OPORTUNIDADES DE EMPREGO<\/strong><\/span><\/h2>\n<div id=\"show2Text\">\n<div id=\"textShow\">\n<p style=\"text-align: left\"><span style=\"color: #333333\"><span style=\"color: #000000\">No \u00e2mb<\/span>ito da pol\u00edtica ativa de promo\u00e7\u00e3o da empregabilidade dos nossos estudantes, e numa vis\u00e3o de responsabilidade social, a Universidade Aberta (UAb) celebrou um Protocolo com a RHmais &#8211; Organiza\u00e7\u00e3o e Gest\u00e3o de Recursos Humanos, SA, empresa l\u00edder na \u00e1rea, com o objetivo de potenciar a todos os estudantes e formandos da UAb o acesso a melhores condi\u00e7\u00f5es no mercado de trabalho.<\/span><\/p>\n<p style=\"text-align: left\"><span style=\"color: #333333\">No quadro deste protocolo os estudantes poder\u00e3o consultar as oportunidades de emprego na p\u00e1gina web da RHmais e fazer a sua candidatura online. Especificamente para os estudantes da UAb, o processo de candidatura passa por enviar o <em>Curriculum Vitae<\/em> para o endere\u00e7o eletr\u00f3nico <a style=\"color: #333333\" href=\"mailto:Emprego_uab@rhmais.pt\">Emprego_uab@rhmais.pt<\/a>, indicando a fun\u00e7\u00e3o, refer\u00eancia e local a que se candidata.<\/span><\/p>\n<p style=\"text-align: left\"><span style=\"color: #333333\">Consulte as oportunidades de emprego <span style=\"color: #000000\">mais recentes em<\/span>:\u00a0 <a href=\"http:\/\/www.gruporhmais.pt\/pt\/ofertas-de-emprego\" target=\"_blank\" rel=\"noopener\"><img loading=\"lazy\" decoding=\"async\" class=\"alignnone wp-image-290\" src=\"https:\/\/portal.uab.pt\/gestaoacademica\/wp-content\/uploads\/sites\/10\/2017\/06\/logotipo-rhmais-30anos-hover.gif\" alt=\"\" width=\"179\" height=\"101\" \/><\/a><\/span><\/p>\n<p>&nbsp;<\/p>\n<\/div>\n<\/div>\n<hr \/>\n<h2 style=\"text-align: left\"><strong>EMPREGABILIDADE NA UAb<\/strong><\/h2>\n<p style=\"text-align: left\"><span style=\"color: #333333\">O Modelo Pedag\u00f3gico Virtual da Universidade Aberta vai ao encontro dos desafios atualmente lan\u00e7ados ao Ensino Superior, no dom\u00ednio da empregabilidade. \u00c9 nosso entendimento que o ensino superior pode conduzir os estudantes a desenvolver a sua empregabilidade, orientando-os na reflex\u00e3o das suas aprendizagens e valorizando a experi\u00eancia do trabalho.<\/span><\/p>\n<p style=\"text-align: left\"><span style=\"color: #333333\">A empregabilidade \u00e9 o potencial que o diplomado det\u00e9m quando finaliza o curso e que se traduz num conjunto de compet\u00eancias, de compreens\u00f5es e de atributos pessoais, que tornam mais prov\u00e1vel que consiga emprego e que seja bem-sucedido na ocupa\u00e7\u00e3o escolhida. Este conceito \u00e9 bem diferente da taxa de emprego, onde interferem outros fatores, tais como a \u00e1rea de forma\u00e7\u00e3o, o mercado do trabalho, entre outros. No caso da UAb, cerca de 90% dos nossos estudantes s\u00e3o trabalhadores. A experi\u00eancia profissional do estudante \u00e9 essencial no processo de aprendizagem, mas dever\u00e1 ser objeto de reflex\u00e3o para que possa ser integrada na aprendizagem.<\/span><\/p>\n<p style=\"text-align: left\"><strong>Compet\u00eancias para a Empregabilidade<\/strong><\/p>\n<p><iframe loading=\"lazy\" title=\"Excerto empregabilidade\" src=\"https:\/\/player.vimeo.com\/video\/224061441?dnt=1&amp;app_id=122963\" width=\"620\" height=\"349\" frameborder=\"0\" allow=\"autoplay; fullscreen; picture-in-picture; clipboard-write\"><\/iframe><\/p>\n<h6><\/h6>\n<p>Compet\u00eancias para a empregabilidade \u2013 uma vis\u00e3o da UAb, do estudante e do empregador (cerca de 17 minutos &#8211; 2017)<\/p>\n<p>&nbsp;<\/p>\n<p style=\"text-align: left\"><span style=\"color: #333333\">A aprendizagem da UAb visa desenvolver o sentido cr\u00edtico do aluno, reclamando um estudante informado, aut\u00f3nomo e ativo no seu processo de aprendizagem e que pode tornar-se num agente transformador no meio e no contexto onde interage.<\/span><\/p>\n<p style=\"text-align: left\"><span style=\"color: #333333\">N\u00e3o obstante, e ao n\u00edvel da gest\u00e3o estrat\u00e9gica da UAb, \u00e9 reconhecida a import\u00e2ncia da liga\u00e7\u00e3o da universidade ao mercado de trabalho, bem como o percurso socioprofissional dos nossos diplomados. Deste modo, a universidade orienta e promove iniciativas entre os Centros Locais de Aprendizagem e as entidades da sociedade Civil (p\u00fablicas e privadas) designadamente em zonas descentralizadas.<\/span><\/p>\n<p style=\"text-align: left\"><span style=\"color: #333333\">A par a Universidade Aberta realiza ainda estudos, aplicando inqu\u00e9ritos aos estudantes, para conhecer e acompanhar a sua situa\u00e7\u00e3o socioprofissional e para auscultar, de uma forma mais abrangente, se as condi\u00e7\u00f5es de vida melhoraram, ap\u00f3s terem conclu\u00eddos os seus cursos.<\/span><\/p>\n<p>&nbsp;<\/p>\n<p><strong>A Qualifica\u00e7\u00e3o Profissional, Mobilidade dos Estudante da UAb<br \/>\n<\/strong><\/p>\n<p><iframe loading=\"lazy\" title=\"Qualificac\u0327a\u0303o Profissional - Mobilidade estudantes na UAb\" src=\"https:\/\/player.vimeo.com\/video\/285261366?dnt=1&amp;app_id=122963\" width=\"620\" height=\"349\" frameborder=\"0\" allow=\"autoplay; fullscreen; picture-in-picture; clipboard-write\"><\/iframe><\/p>\n<p>A Qualifica\u00e7\u00e3o Profissional, Mobilidade dos Estudantes \u2013 baseado na 2\u00aa edi\u00e7\u00e3o \u00a0do Relat\u00f3rio Percursos Profissionais (cerca de 14 minutos \u2013 2018)<\/p>\n<p>&nbsp;<\/p>\n<p>&nbsp;<\/p>\n<p style=\"text-align: left\"><span style=\"color: #333333\">Por \u00faltimo divulga e disponibiliza informa\u00e7\u00e3o neste \u00e2mbito, designadamente Ofertas de Emprego, que poder\u00e3o ser \u00fateis a quem procura emprego.<\/span><\/p>\n<p><strong>Tend\u00eancias e Novas Oportunidades de Emprego para Portugal<\/strong><\/p>\n<p><iframe loading=\"lazy\" src=\"https:\/\/player.vimeo.com\/video\/237384160?dnt=1&amp;app_id=122963\" width=\"620\" height=\"349\" frameborder=\"0\" allow=\"autoplay; fullscreen; picture-in-picture; clipboard-write\"><\/iframe><\/p>\n<p>Tend\u00eancias e Novas Oportunidades de Emprego para Portugal \u00a0\u00a0(cerca de 4 minutos \u2013 2017)<\/p>\n<p>&nbsp;<\/p>\n<hr \/>\n<p><\/p>","protected":false},"excerpt":{"rendered":"<p>OPORTUNIDADES DE EMPREGO No \u00e2mbito da pol\u00edtica ativa de promo\u00e7\u00e3o da empregabilidade dos nossos estudantes, e numa vis\u00e3o de responsabilidade social, a Universidade Aberta (UAb) celebrou um Protocolo com a RHmais &#8211; Organiza\u00e7\u00e3o e Gest\u00e3o de Recursos Humanos, SA, empresa l\u00edder na \u00e1rea, com o objetivo de potenciar a todos os estudantes e formandos da&#x2026; <a class=\"more-link\" href=\"https:\/\/portal.uab.pt\/gestaoacademica\/empregabilidade\/\">Ler +<\/a><\/p>\n","protected":false},"author":27,"featured_media":173,"parent":0,"menu_order":1,"comment_status":"closed","ping_status":"closed","template":"","meta":{"footnotes":""},"class_list":["post-114","page","type-page","status-publish","has-post-thumbnail","hentry","post-thumb"],"_links":{"self":[{"href":"https:\/\/portal.uab.pt\/gestaoacademica\/wp-json\/wp\/v2\/pages\/114","targetHints":{"allow":["GET"]}}],"collection":[{"href":"https:\/\/portal.uab.pt\/gestaoacademica\/wp-json\/wp\/v2\/pages"}],"about":[{"href":"https:\/\/portal.uab.pt\/gestaoacademica\/wp-json\/wp\/v2\/types\/page"}],"author":[{"embeddable":true,"href":"https:\/\/portal.uab.pt\/gestaoacademica\/wp-json\/wp\/v2\/users\/27"}],"replies":[{"embeddable":true,"href":"https:\/\/portal.uab.pt\/gestaoacademica\/wp-json\/wp\/v2\/comments?post=114"}],"version-history":[{"count":65,"href":"https:\/\/portal.uab.pt\/gestaoacademica\/wp-json\/wp\/v2\/pages\/114\/revisions"}],"predecessor-version":[{"id":1151,"href":"https:\/\/portal.uab.pt\/gestaoacademica\/wp-json\/wp\/v2\/pages\/114\/revisions\/1151"}],"wp:featuredmedia":[{"embeddable":true,"href":"https:\/\/portal.uab.pt\/gestaoacademica\/wp-json\/wp\/v2\/media\/173"}],"wp:attachment":[{"href":"https:\/\/portal.uab.pt\/gestaoacademica\/wp-json\/wp\/v2\/media?parent=114"}],"curies":[{"name":"wp","href":"https:\/\/api.w.org\/{rel}","templated":true}]}}