{"id":76,"date":"2017-06-07T14:51:11","date_gmt":"2017-06-07T14:51:11","guid":{"rendered":"http:\/\/portal.uab.pt\/gestaoacademica\/?page_id=76"},"modified":"2024-07-10T10:33:39","modified_gmt":"2024-07-10T10:33:39","slug":"legislacao-geral","status":"publish","type":"page","link":"https:\/\/portal.uab.pt\/gestaoacademica\/legislacao-geral\/","title":{"rendered":"Legisla\u00e7\u00e3o"},"content":{"rendered":"<p><\/p>\n<div class=\"entry-content\">\n<h2>REGIME JUR\u00cdDICO DO ENSINO SUPERIOR MINISTRADO A DIST\u00c2NCIA<\/h2>\n<p>Aprova o regime jur\u00eddico do ensino superior ministrado a dist\u00e2ncia em Portugal:<\/p>\n<p style=\"padding-left: 40px\"><a href=\"https:\/\/portal.uab.pt\/gestaoacademica\/wp-content\/uploads\/sites\/10\/2019\/09\/DL_133_2019_Regime_Juridico_Ensino_Superior_Ministrado_Dist\u00e2ncia.pdf\">Decreto-lei n.\u00ba 133\/2019<\/a>, de 3 de Setembro.<\/p>\n<h2><\/h2>\n<\/div>\n<div class=\"entry-content\">\n<h2 style=\"text-align: left\"><span style=\"color: #000000\">DIPLOMAS <\/span>ESTRUTURANTES DO ENSINO SUPERIOR<\/h2>\n<h3 class=\"textBlue\" style=\"text-align: left;padding-left: 30px\"><span style=\"color: #ff6600\"><strong><span style=\"color: #333333\">Lei de Bases do Sistema Educativo<\/span><\/strong><\/span><\/h3>\n<p style=\"padding-left: 60px;text-align: left\"><span style=\"color: #333333\">Lei n.\u00ba 46\/86, de 14 de Outubro, alterada pela <a href=\"https:\/\/portal.uab.pt\/gestaoacademica\/wp-content\/uploads\/sites\/10\/2017\/06\/01-Lei-nr-115-97-alterada-19-set.pdf\">Lei n.\u00ba 115\/97<\/a>, de 19 de Setembro, pela <a href=\"https:\/\/portal.uab.pt\/gestaoacademica\/wp-content\/uploads\/sites\/10\/2017\/06\/02-Lei-nr-49-2005-alterada-30-ago.pdf\">Lei n.\u00ba 49\/2005<\/a>, de 30 de Agosto e pela <a href=\"https:\/\/portal.uab.pt\/gestaoacademica\/wp-content\/uploads\/sites\/10\/2018\/10\/03-Lei-nr-85-2009-alterada-27-ago.pdf\">Lei n.\u00ba 85\/2009<\/a>, de 27 de agosto.<br \/>\n<\/span><\/p>\n<h3 class=\"greyBlue\" style=\"padding-left: 30px;text-align: left\"><span style=\"color: #ff6600\"><strong><span style=\"color: #333333\">Regime Jur\u00eddico das Institui\u00e7\u00f5es de Ensino Superior<\/span><\/strong><\/span><\/h3>\n<p style=\"padding-left: 60px;text-align: left\"><span style=\"color: #333333\"><span style=\"color: #ff0000\"><a href=\"https:\/\/portal.uab.pt\/gestaoacademica\/wp-content\/uploads\/sites\/10\/2017\/06\/00-Lei-n.\u00ba-62-2007-10-set.pdf\">Lei n.\u00ba 62\/2007<\/a><\/span>, de 10 de Setembro.<\/span><\/p>\n<h3 class=\"greyBlue\" style=\"padding-left: 30px;text-align: left\"><span style=\"color: #333333\"><strong>Graus e Diplomas do Ensino Superior<\/strong><\/span><\/h3>\n<p style=\"padding-left: 60px;text-align: left\"><span style=\"color: #333333\">Decreto-Lei n.\u00ba 74\/2006, de 24 de mar\u00e7o, alterado pelo Decreto-Lei n.\u00ba 107\/2008, de 25 de junho, pelo Decreto-Lei n.\u00ba 230\/2009, de 14 de setembro, pelo <a href=\"https:\/\/portal.uab.pt\/gestaoacademica\/wp-content\/uploads\/sites\/10\/2017\/06\/01-Lei-nr-115-97-alterada-19-set.pdf\">Decreto-Lei n.\u00ba 115\/2013<\/a>, de 7 de agosto, pelo <a href=\"https:\/\/portal.uab.pt\/gestaoacademica\/wp-content\/uploads\/sites\/10\/2017\/06\/04-Decreto-Lei-nr-63-2016-de-13-de-setembro.pdf\">Decreto-Lei n.\u00ba 63\/2016<\/a>, de 13 de setembro e pelo <a href=\"https:\/\/portal.uab.pt\/gestaoacademica\/wp-content\/uploads\/sites\/10\/2020\/02\/05-Decreto-Lei-nr-65-2018-alterado-a-16-de-agosto-1.pdf\">Decreto-Lei n.\u00ba 65\/2018<\/a>, de 16 de agosto.<br \/>\n<\/span><\/p>\n<h3 class=\"greyBlue\" style=\"padding-left: 30px;text-align: left\"><span style=\"color: #333333\"><strong>Princ\u00edpios reguladores de instrumentos para a cria\u00e7\u00e3o do Espa\u00e7o Europeu de Ensino Superior &#8211; ECTS<\/strong><\/span><\/h3>\n<p style=\"padding-left: 60px;text-align: left\"><span style=\"color: #333333\"><a href=\"https:\/\/portal.uab.pt\/gestaoacademica\/wp-content\/uploads\/sites\/10\/2017\/06\/00-Decreto-Lei-nr-42-2005-22-fev.pdf\">Decreto-Lei n.\u00ba 42\/2005<\/a>, de 22 de Fevereiro, com as altera\u00e7\u00f5es que lhe foram introduzidas pelo <a href=\"https:\/\/portal.uab.pt\/gestaoacademica\/wp-content\/uploads\/sites\/10\/2017\/06\/01-Decreto-Lei-nr-107-2008-25-jun.pdf\">Decreto-Lei n.\u00ba 107\/2008<\/a>, de 25 de Junho.<\/span><\/p>\n<h3 class=\"greyBlue\" style=\"padding-left: 30px;text-align: left\"><span style=\"color: #333333\"><strong>Avalia\u00e7\u00e3o do Ensino Superior<\/strong><\/span><\/h3>\n<p style=\"padding-left: 60px;text-align: left\"><span style=\"color: #333333\"><span style=\"color: #ff0000\"><a href=\"https:\/\/portal.uab.pt\/gestaoacademica\/wp-content\/uploads\/sites\/10\/2017\/06\/00-Lei-n.\u00ba-38-2007-16-ago.pdf\">Lei n.\u00ba 38\/2007<\/a><\/span>, de 16 de Agosto.<\/span><\/p>\n<h3 class=\"greyBlue\" style=\"padding-left: 30px;text-align: left\"><span style=\"color: #333333\"><strong>Financiamento do Ensino Superior<\/strong><\/span><\/h3>\n<p style=\"padding-left: 60px;text-align: left\"><span style=\"color: #333333\"><span style=\"color: #ff0000\"><a href=\"https:\/\/portal.uab.pt\/gestaoacademica\/wp-content\/uploads\/sites\/10\/2017\/06\/00-Lei-nr-37-2003-22-ago.pdf\">Lei n.\u00ba 37\/2003<\/a><\/span>, de 22 de Agosto, com as altera\u00e7\u00f5es que lhe foram introduzidas pela <a href=\"https:\/\/portal.uab.pt\/gestaoacademica\/wp-content\/uploads\/sites\/10\/2017\/06\/01-Lei-nr-49-2005-30-ago.pdf\">Lei n.\u00ba 49\/2005<\/a>, de 30 de Agosto.<\/span><\/p>\n<h3 class=\"greyBlue\" style=\"padding-left: 30px;text-align: left\"><span style=\"color: #333333\"><strong>Ag\u00eancia de Avalia\u00e7\u00e3o e Acredita\u00e7\u00e3o do Ensino Superior<\/strong><\/span><\/h3>\n<p style=\"padding-left: 60px;text-align: left\"><span style=\"color: #333333\"><a href=\"https\/\/portal.uab.pt\/gestaoacademica\/wp-content\/uploads\/sites\/10\/2017\/06\/00-Decreto-Lei-nr-369-2007-5-nov.pdf\">Decreto-Lei n.\u00ba 369\/2007<\/a>, de 5 de Novembro.<\/span><\/p>\n<h3 class=\"greyBlue\" style=\"padding-left: 30px;text-align: left\"><span style=\"color: #333333\"><strong>Conselho Coordenador do Ensino Superior<\/strong><\/span><\/h3>\n<p style=\"padding-left: 60px;text-align: left\"><span style=\"color: #333333\"><span style=\"color: #ff0000\"><a href=\"https:\/\/portal.uab.pt\/gestaoacademica\/wp-content\/uploads\/sites\/10\/2017\/06\/00-Decreto-Regulamentar-nr-15-2009-31-ago.pdf\">Decreto Regulamentar n.\u00ba 15\/2009<\/a><\/span>, de 31 de Agosto.<\/span><\/p>\n<p>&nbsp;<\/p>\n<\/div>\n<div class=\"entry-content\">\n<h2 class=\"textBlue\"><span style=\"color: #333333\"><strong>GRAUS, T\u00cdTULOS E EQUIVAL\u00caNCIAS<\/strong><\/span><\/h2>\n<h3 class=\"greyBlue\" style=\"padding-left: 30px\"><span style=\"color: #333333\"><strong>Graus e Diplomas do Ensino Superior<\/strong><\/span><\/h3>\n<p style=\"padding-left: 60px\">Decreto-Lei n.\u00ba 74\/2006, de 24 de mar\u00e7o, alterado pelo Decreto-Lei n.\u00ba 107\/2008, de 25 de junho, pelo Decreto-Lei n.\u00ba 230\/2009, de 14 de setembro, pelo <a href=\"https:\/\/portal.uab.pt\/gestaoacademica\/wp-content\/uploads\/sites\/10\/2017\/06\/03-Decreto-Lei-nr-115-2013-alterado-7-ago.pdf\">Decreto-Lei n.\u00ba 115\/2013<\/a>, de 7 de agosto, pelo <a href=\"https:\/\/portal.uab.pt\/gestaoacademica\/wp-content\/uploads\/sites\/10\/2017\/06\/04-Decreto-Lei-nr-63-2016-de-13-de-setembro.pdf\">Decreto-Lei n.\u00ba 63\/2016<\/a>, de 13 de setembro, e pelo <a href=\"https:\/\/portal.uab.pt\/gestaoacademica\/wp-content\/uploads\/sites\/10\/2018\/10\/05-Decreto-Lei-nr-65-2018-alterado-a-16-de-agosto.pdf\">Decreto-Lei n.\u00ba 65\/2018<\/a>, de 16 de agosto.<\/p>\n<h3 class=\"greyBlue\" style=\"padding-left: 30px\"><strong>Princ\u00edpios reguladores de instrumentos para a cria\u00e7\u00e3o do Espa\u00e7o Europeu de Ensino Superior &#8211; ECTS<\/strong><\/h3>\n<p style=\"padding-left: 60px\"><span style=\"color: #ff0000\"><a href=\"https:\/\/portal.uab.pt\/gestaoacademica\/wp-content\/uploads\/sites\/10\/2017\/06\/00-Decreto-Lei-nr-42-2005-22-fev.pdf\">Decreto-Lei n.\u00ba 42\/2005<\/a><\/span>, de 22 de Fevereiro, com as altera\u00e7\u00f5es que lhe foram introduzidas pelo <a href=\"https:\/\/portal.uab.pt\/gestaoacademica\/wp-content\/uploads\/sites\/10\/2017\/06\/01-Decreto-Lei-nr-107-2008-25-jun.pdf\">Decreto-Lei n.\u00ba 107\/2008<\/a>, de 25 de Junho. <span style=\"color: #333333\"> <a href=\"https:\/\/portal.uab.pt\/gestaoacademica\/wp-content\/uploads\/sites\/10\/2017\/06\/02-Portaria-nr-30-2008-10-jan-Regula-Emiss\u00e3o-Supl-ao-Diploma-1.pdf\">Portaria n.\u00ba 30\/2008<\/a><\/span>, de 10 de janeiro, que regula a emiss\u00e3o do suplemento ao diploma.<\/p>\n<h3 class=\"greyBlue\" style=\"padding-left: 30px\"><strong>Reconhecimento de graus estrangeiros<\/strong><\/h3>\n<p style=\"padding-left: 60px\"><span style=\"color: #ff0000\"><a href=\"https:\/\/portal.uab.pt\/gestaoacademica\/wp-content\/uploads\/sites\/10\/2017\/06\/00-Decreto-Lei-nr-341-2007-12-out.pdf\">Decreto-Lei n.\u00ba 341\/2007<\/a><\/span>, de 12 de outubro, institui um novo regime de reconhecimento dos graus acad\u00e9micos estrangeiros de n\u00edvel, objetivos e natureza id\u00eanticos aos dos graus de licenciado, mestre e doutor atribu\u00eddos por institui\u00e7\u00f5es de ensino superior portuguesas.<a href=\"https:\/\/www.uab.pt\/documents\/10136\/f1e05773-f5e3-4e24-b699-5e46d8e0f7a1\"><br \/>\n<\/a><a href=\"https:\/\/portal.uab.pt\/gestaoacademica\/wp-content\/uploads\/sites\/10\/2020\/02\/01-Portaria-nr-29-2008-10-jan.pdf\">Portaria n.\u00ba 29\/2008<\/a>, de 10 de janeiro, regula o processo de registo de graus acad\u00e9micos superiores estrangeiros estabelecido pelo Decreto-Lei n.\u00ba 341\/2007.<\/p>\n<h3 class=\"greyBlue\" style=\"padding-left: 30px\"><span style=\"color: #333333\"><strong>Equival\u00eancia de graus estrangeiros<\/strong><\/span><\/h3>\n<p style=\"padding-left: 60px\"><span style=\"color: #ff0000\"><a href=\"https:\/\/portal.uab.pt\/gestaoacademica\/wp-content\/uploads\/sites\/10\/2017\/06\/00-Decreto-Lei-nr-283-83-21-jun-1.pdf\">Decreto-Lei n.\u00ba 283\/83<\/a><\/span>, de 21 de junho, estabelece um sistema de equival\u00eancia e reconhecimento de graus acad\u00e9micos estrangeiros com base numa reavalia\u00e7\u00e3o cient\u00edfica do trabalho realizado com vista \u00e0 obten\u00e7\u00e3o do grau.<\/p>\n<h3 class=\"greyBlue\" style=\"padding-left: 30px\"><span style=\"color: #333333\"><strong>T\u00edtulo de agregado<\/strong><\/span><\/h3>\n<p style=\"padding-left: 60px\"><span style=\"color: #ff0000\"><a href=\"https:\/\/portal.uab.pt\/gestaoacademica\/wp-content\/uploads\/sites\/10\/2017\/06\/00-Decreto-Lei-nr-239-2007-19-jun-1.pdf\">Decreto-Lei n.\u00ba 239\/2007<\/a><\/span>, de 19 de junho, regula a atribui\u00e7\u00e3o do t\u00edtulo acad\u00e9mico de agregado.<\/p>\n<h3 class=\"greyBlue\" style=\"padding-left: 30px\"><span style=\"color: #333333\"><strong>T\u00edtulo de especialista<\/strong><\/span><\/h3>\n<p style=\"padding-left: 60px\"><span style=\"color: #ff0000\"><a href=\"https:\/\/portal.uab.pt\/gestaoacademica\/wp-content\/uploads\/sites\/10\/2017\/06\/00-Decreto-Lei-nr-206-2009-31-ago-1.pdf\">Decreto-Lei n.\u00ba 206\/2009<\/a><\/span>, de 31 de agosto, cria o t\u00edtulo acad\u00e9mico de especialista e regula a sua atribui\u00e7\u00e3o.<\/p>\n<\/div>\n<p><\/p>","protected":false},"excerpt":{"rendered":"<p>REGIME JUR\u00cdDICO DO ENSINO SUPERIOR MINISTRADO A DIST\u00c2NCIA Aprova o regime jur\u00eddico do ensino superior ministrado a dist\u00e2ncia em Portugal: Decreto-lei n.\u00ba 133\/2019, de 3 de Setembro. DIPLOMAS ESTRUTURANTES DO ENSINO SUPERIOR Lei de Bases do Sistema Educativo Lei n.\u00ba 46\/86, de 14 de Outubro, alterada pela Lei n.\u00ba 115\/97, de 19 de Setembro, pela&#x2026; <a class=\"more-link\" href=\"https:\/\/portal.uab.pt\/gestaoacademica\/legislacao-geral\/\">Ler +<\/a><\/p>\n","protected":false},"author":27,"featured_media":176,"parent":0,"menu_order":4,"comment_status":"closed","ping_status":"closed","template":"","meta":{"footnotes":""},"class_list":["post-76","page","type-page","status-publish","has-post-thumbnail","hentry","post-thumb"],"_links":{"self":[{"href":"https:\/\/portal.uab.pt\/gestaoacademica\/wp-json\/wp\/v2\/pages\/76","targetHints":{"allow":["GET"]}}],"collection":[{"href":"https:\/\/portal.uab.pt\/gestaoacademica\/wp-json\/wp\/v2\/pages"}],"about":[{"href":"https:\/\/portal.uab.pt\/gestaoacademica\/wp-json\/wp\/v2\/types\/page"}],"author":[{"embeddable":true,"href":"https:\/\/portal.uab.pt\/gestaoacademica\/wp-json\/wp\/v2\/users\/27"}],"replies":[{"embeddable":true,"href":"https:\/\/portal.uab.pt\/gestaoacademica\/wp-json\/wp\/v2\/comments?post=76"}],"version-history":[{"count":69,"href":"https:\/\/portal.uab.pt\/gestaoacademica\/wp-json\/wp\/v2\/pages\/76\/revisions"}],"predecessor-version":[{"id":1445,"href":"https:\/\/portal.uab.pt\/gestaoacademica\/wp-json\/wp\/v2\/pages\/76\/revisions\/1445"}],"wp:featuredmedia":[{"embeddable":true,"href":"https:\/\/portal.uab.pt\/gestaoacademica\/wp-json\/wp\/v2\/media\/176"}],"wp:attachment":[{"href":"https:\/\/portal.uab.pt\/gestaoacademica\/wp-json\/wp\/v2\/media?parent=76"}],"curies":[{"name":"wp","href":"https:\/\/api.w.org\/{rel}","templated":true}]}}