{"id":10,"date":"2017-04-20T14:31:38","date_gmt":"2017-04-20T14:31:38","guid":{"rendered":"https:\/\/portal.uab.pt\/investigacao\/?page_id=10"},"modified":"2025-10-31T16:18:56","modified_gmt":"2025-10-31T16:18:56","slug":"ligacoes-uteis","status":"publish","type":"page","link":"https:\/\/portal.uab.pt\/investigacao\/ligacoes-uteis\/","title":{"rendered":"Liga\u00e7\u00f5es \u00dateis"},"content":{"rendered":"<p><\/p>\n<h4><img loading=\"lazy\" decoding=\"async\" class=\"alignnone wp-image-1797\" src=\"https:\/\/portal.uab.pt\/investiga\/wp-content\/uploads\/sites\/22\/2022\/07\/icone-LigacoesUteis2.png\" alt=\"\" width=\"123\" height=\"122\" \/><\/h4>\n<p>&nbsp;<\/p>\n<h4><strong>PORTUGAL<\/strong><\/h4>\n<p><a href=\"http:\/\/www.acad-ciencias.pt\/\" target=\"_blank\" rel=\"noopener\">ACADEMIA DAS CI\u00caNCIAS DE LISBOA<\/a><\/p>\n<p><a href=\"https:\/\/www.ani.pt\/\" target=\"_blank\" rel=\"noopener\">AG\u00caNCIA NACIONAL DE INOVA\u00c7\u00c3O<\/a><\/p>\n<p><a href=\"https:\/\/www.ciencia-id.pt\/CienciaID\/HomePage.aspx\" target=\"_blank\" rel=\"noopener\" data-auth=\"NotApplicable\" data-linkindex=\"3\">CI\u00caNCIA ID<\/a><\/p>\n<p><a href=\"https:\/\/www.cienciavitae.pt\/\" target=\"_blank\" rel=\"noopener\" data-auth=\"NotApplicable\" data-linkindex=\"4\">CI\u00caNCIA VITAE<\/a><\/p>\n<p><a href=\"https:\/\/www.cienciaviva.pt\/\" target=\"_blank\" rel=\"noopener\">CI\u00caNCIA VIVA<\/a><\/p>\n<p><a href=\"https:\/\/www.dgartes.gov.pt\/\" target=\"_blank\" rel=\"noopener\">DGARTES<\/a><\/p>\n<p><a href=\"https:\/\/gulbenkian.pt\/apoios-lista\/\" target=\"_blank\" rel=\"noopener\">FUNDA\u00c7\u00c3O CALOUSTE GULBENKIAN &#8211; APOIOS<\/a><\/p>\n<p><a href=\"https:\/\/fundacaolacaixa.pt\/pt\/\" target=\"_blank\" rel=\"noopener\" data-auth=\"NotApplicable\" data-linkindex=\"6\">FUNDA\u00c7\u00c3O \u201cLA CAIXA\u201d<\/a><\/p>\n<p><a href=\"https:\/\/www.fct.pt\/\" target=\"_blank\" rel=\"noopener\">FUNDA\u00c7\u00c3O PARA A CI\u00caNCIA E A TECNOLOGIA<\/a><\/p>\n<p><a href=\"https:\/\/www.fundoambiental.pt\/\" target=\"_blank\" rel=\"noopener\">FUNDO AMBIENTAL<\/a><\/p>\n<p><a href=\"https:\/\/www.instituto-camoes.pt\/\" target=\"_blank\" rel=\"noopener\">INSTITUTO CAM\u00d5ES<\/a><\/p>\n<p><a href=\"https:\/\/plataforma9.com\/\" target=\"_blank\" rel=\"noopener\" data-auth=\"NotApplicable\" data-linkindex=\"10\">PLATAFORMA 9<\/a><\/p>\n<p><a href=\"https:\/\/pct.fct.pt\/PortalCT\/\" target=\"_blank\" rel=\"noopener\" data-auth=\"NotApplicable\" data-linkindex=\"5\">PORTAL DE CI\u00caNCIA E TECNOLOGIA<\/a><\/p>\n<p><a href=\"https:\/\/www.portugal2020.pt\/\" target=\"_blank\" rel=\"noopener\">PORTUGAL 2020<\/a><\/p>\n<p><a href=\"https:\/\/portugal2030.pt\/\" target=\"_blank\" rel=\"noopener\">PORTUGAL 2030<\/a><\/p>\n<p><a href=\"https:\/\/www.portugalventures.pt\/\" target=\"_blank\" rel=\"noopener\">PORTUGAL VENTURES<\/a><\/p>\n<p><a href=\"https:\/\/recuperarportugal.gov.pt\/\" target=\"_blank\" rel=\"noopener\">RECUPERAR PORTUGAL &#8211; PRR<\/a><\/p>\n<p><a href=\"https:\/\/perin.pt\/\" target=\"_blank\" rel=\"noopener\">REDE PERIN<\/a><\/p>\n<p><span style=\"font-style: inherit;font-weight: inherit\">\u00a0<\/span><\/p>\n<h4><strong>UNI\u00c3O EUROPEIA<\/strong><\/h4>\n<p><a href=\"https:\/\/marie-sklodowska-curie-actions.ec.europa.eu\/actions\/choose-europe-for-science\" target=\"_blank\" rel=\"noopener\">\u2018CHOOSE EUROPE\u2019 INITIATIVE<\/a><\/p>\n<p><a href=\"https:\/\/employment-social-affairs.ec.europa.eu\/policies-and-activities\/skills-and-qualifications\/skills-jobs\/centres-vocational-excellence_en\" target=\"_blank\" rel=\"noopener\">CENTRES OF VOCATIONAL EXCELLENCE<\/a><\/p>\n<p><a href=\"https:\/\/commission.europa.eu\/topics\/eu-competitiveness\/clean-industrial-deal_en\" target=\"_blank\" rel=\"noopener\">CLEAN INDUSTRIAL DEAL<\/a><\/p>\n<p><a href=\"https:\/\/commission.europa.eu\/topics\/eu-competitiveness\/competitiveness-compass_en\" target=\"_blank\" rel=\"noopener\">COMPETITIVENESS COMPASS<\/a><\/p>\n<p><a href=\"https:\/\/cordis.europa.eu\/\" target=\"_blank\" rel=\"noopener\" data-auth=\"NotApplicable\" data-linkindex=\"7\">CORDIS &#8211; COMMUNITY RESEARCH &amp; DEVELOPMENT INFORMATION SERVICE<\/a><\/p>\n<p><a href=\"https:\/\/www.cost.eu\/\" target=\"_blank\" rel=\"noopener\">COST &#8211; EUROPEAN COOPERATION IN SCIENCE AND TECHNOLOGY<\/a><\/p>\n<p><a href=\"http:\/\/www.earto.eu\/\" target=\"_blank\" rel=\"noopener\">EARTO &#8211; EUROPEAN ASSOCIATION OF RESEARCH &amp; TECHNOLOGY ORGANIZATIONS<\/a><\/p>\n<p><a href=\"https:\/\/www.eeagrants.gov.pt\/pt\/\" target=\"_blank\" rel=\"noopener\" data-auth=\"NotApplicable\" data-linkindex=\"9\">EEA GRANTS PORTUGAL<\/a><\/p>\n<p><a href=\"http:\/\/eit.europa.eu\/\" target=\"_blank\" rel=\"noopener\">EIT &#8211; EUROPEAN INSTITUTE OF INNOVATION AND TECHNOLOGY<\/a><\/p>\n<p><a href=\"https:\/\/www.era-learn.eu\/\" target=\"_blank\" rel=\"noopener\">ERA-LEARN<\/a><\/p>\n<p><a href=\"https:\/\/erasmus-plus.ec.europa.eu\/\" target=\"_blank\" rel=\"noopener\">ERASMUS+<\/a><\/p>\n<p><a href=\"https:\/\/erasmusmais.pt\/an-erasmus-ef\/\" target=\"_blank\" rel=\"noopener\">ERASMUS+ PORTUGAL<\/a><\/p>\n<p><a href=\"https:\/\/euraxess.ec.europa.eu\/\" target=\"_blank\" rel=\"noopener\">EURAXESS<\/a><\/p>\n<p><a href=\"https:\/\/www.euraxess.pt\/\" target=\"_blank\" rel=\"noopener\">EURAXESS PORTUGAL<\/a><\/p>\n<p><a href=\"https:\/\/www.europacriativa.eu\/\" target=\"_blank\" rel=\"noopener\">EUROPA CRIATIVA<\/a><\/p>\n<p><a href=\"https:\/\/commission.europa.eu\/strategy-and-policy\/priorities-2019-2024\/europe-fit-digital-age\/europes-digital-decade-digital-targets-2030_en\" target=\"_blank\" rel=\"noopener\">EUROPE\u2019S DIGITAL DECADE: DIGITAL TARGETS FOR 2030<\/a><\/p>\n<p><a href=\"https:\/\/commission.europa.eu\/publications\/european-competitiveness-fund_en\" target=\"_blank\" rel=\"noopener\">EUROPEAN COMPETITIVENESS FUND<\/a><\/p>\n<p><a href=\"https:\/\/education.ec.europa.eu\/\" target=\"_blank\" rel=\"noopener\">EUROPEAN EDUCATION AREA<\/a><\/p>\n<p><a href=\"https:\/\/eic.ec.europa.eu\/index_en\" target=\"_blank\" rel=\"noopener\">EUROPEAN INNOVATION COUNCIL<\/a><\/p>\n<p><a href=\"http:\/\/erc.europa.eu\/\" target=\"_blank\" rel=\"noopener\">EUROPEAN RESEARCH COUNCIL\u00a0<\/a><\/p>\n<p><a href=\"http:\/\/www.esf.org\/\" target=\"_blank\" rel=\"noopener\">EUROPEAN SCIENCE FOUNDATION<\/a><\/p>\n<p><a href=\"https:\/\/education.ec.europa.eu\/education-levels\/higher-education\/european-universities-initiative\" target=\"_blank\" rel=\"noopener\">EUROPEAN UNIVERSITIES ALLIANCES<\/a><\/p>\n<p><a href=\"https:\/\/research-and-innovation.ec.europa.eu\/funding\/funding-opportunities\/funding-programmes-and-open-calls\/horizon-europe_en\" target=\"_blank\" rel=\"noopener\">HORIZON EUROPE 2021-2027<\/a><\/p>\n<p><a href=\"https:\/\/ec.europa.eu\/info\/funding-tenders\/find-funding\/eu-funding-programmes\/horizon-europe_pt\" target=\"_blank\" rel=\"noopener\">HORIZONTE EUROPA<\/a><\/p>\n<p><a href=\"https:\/\/commission.europa.eu\/about\/departments-and-executive-agencies\/joint-research-centre_en\" target=\"_blank\" rel=\"noopener\">JOINT RESEARCH CENTRE<\/a><\/p>\n<p><a href=\"https:\/\/www.eit.europa.eu\/global-challenges\" target=\"_blank\" rel=\"noopener\">KNOWLEDGE AND INNOVATION COMMUNITIES (KICs)<\/a><\/p>\n<p><a href=\"https:\/\/marie-sklodowska-curie-actions.ec.europa.eu\/\" target=\"_blank\" rel=\"noopener\">MARIE SK\u0141ODOWSKA-CURIE ACTIONS<\/a><\/p>\n<p><a href=\"https:\/\/commission.europa.eu\/document\/download\/26ff3426-b1db-44d5-ad9c-a646febb3222_en?filename=COM_2025_570_1_EN_ACT_part1_v6.pdf\" target=\"_blank\" rel=\"noopener\">MULTIANNUAL FINANCIAL FRAMEWORK 2028-2034<\/a> (PDF)<\/p>\n<p><a href=\"https:\/\/www.era-learn.eu\/partnerships-in-a-nutshell\/european-partnerships\/next-framework-programme-fp10\" target=\"_blank\" rel=\"noopener\">NEXT FRAMEWORK PROGRAMME (FP10)<\/a><\/p>\n<p><a href=\"https:\/\/european-union.europa.eu\/index_pt\" target=\"_blank\" rel=\"noopener\">PORTAL DA UNI\u00c3O EUROPEIA<\/a><\/p>\n<p><a href=\"https:\/\/education.ec.europa.eu\/focus-topics\/stem\" target=\"_blank\" rel=\"noopener\">STEM &#8211; EDUCATION STRATEGIC PLAN<\/a><\/p>\n<p><a href=\"https:\/\/commission.europa.eu\/strategy-and-policy\/eu-budget\/long-term-eu-budget\/eu-budget-2028-2034_en\" target=\"_blank\" rel=\"noopener\">THE 2028-2034 EU BUDGET FOR A STRONGER EUROPE<\/a><\/p>\n<p><a href=\"https:\/\/op.europa.eu\/en\/publication-detail\/-\/publication\/2f9fc221-86bb-11ef-a67d-01aa75ed71a1\/language-en\" target=\"_blank\" rel=\"noopener\">THE HEITOR REPORT<\/a><\/p>\n<p><a href=\"https:\/\/commission.europa.eu\/topics\/eu-competitiveness\/draghi-report_en\">THE\u00a0<\/a><a href=\"https:\/\/commission.europa.eu\/topics\/eu-competitiveness\/draghi-report_en\">MARIO DRAGHI<\/a><a href=\"https:\/\/commission.europa.eu\/topics\/eu-competitiveness\/draghi-report_en\" target=\"_blank\" rel=\"noopener\"> REPORT<\/a><\/p>\n<p><a href=\"http:\/\/www.ukro.ac.uk\/\" target=\"_blank\" rel=\"noopener\">UKRO &#8211; UK RESEARCH OFFICE<\/a><\/p>\n<p><a href=\"https:\/\/commission.europa.eu\/topics\/eu-competitiveness\/union-skills_en\" target=\"_blank\" rel=\"noopener\">UNION OF SKILLS<\/a><\/p>\n<p>&nbsp;<\/p>\n<h4><strong>BOLSAS<\/strong><\/h4>\n<p><a href=\"http:\/\/www.ccla.pt\/articles\/category\/bolsas\" target=\"_blank\" rel=\"noopener\">BOLSAS FULBRIGHT<\/a><\/p>\n<p><a href=\"http:\/\/ec.europa.eu\/research\/mariecurieactions\/\" target=\"_blank\" rel=\"noopener\">BOLSAS MARIE CURIE<\/a><\/p>\n<p><a href=\"https:\/\/gulbenkian.pt\/bolsas-gulbenkian\/\" target=\"_blank\" rel=\"noopener\">FUNDA\u00c7\u00c3O CALOUSTE GULBENKIAN &#8211; BOLSAS<\/a><\/p>\n<p><a href=\"http:\/\/www.flad.pt\/\" target=\"_blank\" rel=\"noopener\">FUNDA\u00c7\u00c3O LUSO-AMERICANA PARA O DESENVOLVIMENTO<\/a><\/p>\n<p>&nbsp;<\/p>\n<h4><strong>OUTRAS LIGA\u00c7\u00d5ES<\/strong><\/h4>\n<p><a href=\"http:\/\/www.unesco.org\/new\/en\/unesco\/\" target=\"_blank\" rel=\"noopener\">UNESCO &#8211; UNITED NATIONS EDUCATIONAL, SCIENTIFIC AND CULTURAL ORGANIZATION<\/a><\/p>\n<p><a href=\"https:\/\/www.un.org\/sustainabledevelopment\/\" target=\"_blank\" rel=\"noopener\">UNITED NATIONS SUSTAINABLE DEVELOPMENT GOALS<\/a><\/p>","protected":false},"excerpt":{"rendered":"<p>&nbsp; PORTUGAL ACADEMIA DAS CI\u00caNCIAS DE LISBOA AG\u00caNCIA NACIONAL DE INOVA\u00c7\u00c3O CI\u00caNCIA ID CI\u00caNCIA VITAE CI\u00caNCIA VIVA DGARTES FUNDA\u00c7\u00c3O CALOUSTE GULBENKIAN &#8211;&#x2026; <a class=\"\" href=\"https:\/\/portal.uab.pt\/investigacao\/ligacoes-uteis\/\">Ler +<\/a><\/p>\n","protected":false},"author":1,"featured_media":1091,"parent":0,"menu_order":7,"comment_status":"closed","ping_status":"closed","template":"","meta":{"footnotes":""},"class_list":["post-10","page","type-page","status-publish","has-post-thumbnail","hentry","post-thumb"],"_links":{"self":[{"href":"https:\/\/portal.uab.pt\/investigacao\/wp-json\/wp\/v2\/pages\/10","targetHints":{"allow":["GET"]}}],"collection":[{"href":"https:\/\/portal.uab.pt\/investigacao\/wp-json\/wp\/v2\/pages"}],"about":[{"href":"https:\/\/portal.uab.pt\/investigacao\/wp-json\/wp\/v2\/types\/page"}],"author":[{"embeddable":true,"href":"https:\/\/portal.uab.pt\/investigacao\/wp-json\/wp\/v2\/users\/1"}],"replies":[{"embeddable":true,"href":"https:\/\/portal.uab.pt\/investigacao\/wp-json\/wp\/v2\/comments?post=10"}],"version-history":[{"count":33,"href":"https:\/\/portal.uab.pt\/investigacao\/wp-json\/wp\/v2\/pages\/10\/revisions"}],"predecessor-version":[{"id":2853,"href":"https:\/\/portal.uab.pt\/investigacao\/wp-json\/wp\/v2\/pages\/10\/revisions\/2853"}],"wp:featuredmedia":[{"embeddable":true,"href":"https:\/\/portal.uab.pt\/investigacao\/wp-json\/wp\/v2\/media\/1091"}],"wp:attachment":[{"href":"https:\/\/portal.uab.pt\/investigacao\/wp-json\/wp\/v2\/media?parent=10"}],"curies":[{"name":"wp","href":"https:\/\/api.w.org\/{rel}","templated":true}]}}