{"id":2435,"date":"2023-12-18T17:17:41","date_gmt":"2023-12-18T17:17:41","guid":{"rendered":"https:\/\/portal.uab.pt\/investigacao\/?page_id=2435"},"modified":"2025-03-21T16:42:48","modified_gmt":"2025-03-21T16:42:48","slug":"catedras","status":"publish","type":"page","link":"https:\/\/portal.uab.pt\/investigacao\/catedras\/","title":{"rendered":""},"content":{"rendered":"<p><\/p>\n<h1><strong>C\u00e1tedras e Redes UNITWIN UNESCO<\/strong><\/h1>\n<p>As<a href=\"https:\/\/www.unesco.org\/en\/unitwin\" target=\"_blank\" rel=\"noopener\"> C\u00e1tedras e Redes UNITWIN UNESCO<\/a> comp\u00f5em o Programa da UNESCO de coopera\u00e7\u00e3o entre institui\u00e7\u00f5es de ensino superior e de investiga\u00e7\u00e3o, para o desenvolvimento de compet\u00eancias atrav\u00e9s do interc\u00e2mbio e a partilha do saber.<\/p>\n<p>Lan\u00e7ado em 1992, existem atualmente cerca de 950 C\u00e1tedras UNESCO e cerca de 40 redes UNITWIN, em 120 pa\u00edses. O Programa de C\u00e1tedras UNITWIN\/UNESCO coordena o estabelecimento destas parcerias e apoia as suas atividades, dando primazia a \u00e1reas priorit\u00e1rias estabelecidas no \u00e2mbito das compet\u00eancias da UNESCO, ou seja, educa\u00e7\u00e3o, ci\u00eancias naturais e sociais, cultura e comunica\u00e7\u00e3o.<\/p>\n<p>Estas C\u00e1tedras visam dinamizar \u00e1reas de estudo emergentes, a cria\u00e7\u00e3o de novos programas de ensino e o enriquecimento de programas universit\u00e1rios existentes, a documenta\u00e7\u00e3o e a divulga\u00e7\u00e3o do conhecimento, assente na rela\u00e7\u00e3o entre investiga\u00e7\u00e3o, ensino e sociedade, numa perspetiva interdisciplinar.<\/p>\n<hr \/>\n<p>&nbsp;<\/p>\n<h2><strong>As C\u00e1tedras e Redes <\/strong><strong>UNITWIN <\/strong><strong>UNESCO que a UAb coordena ou em que participa <\/strong><\/h2>\n<p><strong>\u00a0<\/strong><\/p>\n<h3><span style=\"color: #993300\"><strong>Coordena\u00e7\u00e3o:<\/strong><\/span><\/h3>\n<p>&nbsp;<\/p>\n<h3><strong>C\u00e1tedra de Estudos Globais<\/strong><\/h3>\n<p>&nbsp;<\/p>\n<p><img loading=\"lazy\" decoding=\"async\" class=\"alignnone wp-image-2440\" src=\"https:\/\/portal.uab.pt\/investigacao\/wp-content\/uploads\/sites\/22\/2023\/12\/Logo_CEG-300x66.jpg\" alt=\"\" width=\"418\" height=\"92\" srcset=\"https:\/\/portal.uab.pt\/investigacao\/wp-content\/uploads\/sites\/22\/2023\/12\/Logo_CEG-300x66.jpg 300w, https:\/\/portal.uab.pt\/investigacao\/wp-content\/uploads\/sites\/22\/2023\/12\/Logo_CEG-768x169.jpg 768w, https:\/\/portal.uab.pt\/investigacao\/wp-content\/uploads\/sites\/22\/2023\/12\/Logo_CEG.jpg 976w\" sizes=\"auto, (max-width: 418px) 100vw, 418px\" \/><\/p>\n<p>&nbsp;<\/p>\n<p>A C\u00e1tedra UNESCO de Estudos Globais, foi criada em 2023, pelo Centro de Estudos Globais da Universidade Aberta (UAb), assente na rela\u00e7\u00e3o entre investiga\u00e7\u00e3o e ensino.<\/p>\n<p>A C\u00e1tedra de Estudos Globais visa a compreens\u00e3o dos processos e din\u00e2micas da globaliza\u00e7\u00e3o, privilegiando abordagens sobre o papel das diversidades locais, sociais e culturais. Assim, a C\u00e1tedra dinamiza uma \u00e1rea de estudos emergente em Portugal e nos pa\u00edses de l\u00edngua portuguesa, tomando como refer\u00eancia os \u201cestudos globais\u201d de acordo com as recomenda\u00e7\u00f5es de institui\u00e7\u00f5es globais, nomeadamente da UNESCO.<\/p>\n<p>A <a href=\"https:\/\/portal.uab.pt\/noticias\/inauguracao-da-catedra-unesco-de-estudos-globais\/\" target=\"_blank\" rel=\"noopener\">sess\u00e3o de inaugura\u00e7\u00e3o<\/a> da C\u00e1tedra de Estudos Globais, realizou-se a 26 de setembro de 2023.<\/p>\n<p>&nbsp;<\/p>\n<p><strong>Link:<\/strong> <a href=\"https:\/\/unesco.uab.pt\/\" target=\"_blank\" rel=\"noopener\">https:\/\/unesco.uab.pt\/<\/a><\/p>\n<p><strong>Coordenador:<\/strong> <a href=\"https:\/\/paginapessoal.uab.pt\/jefranco\" target=\"_blank\" rel=\"noopener\">Jos\u00e9 Eduardo Franco<\/a><\/p>\n<p><strong>Email:<\/strong> <a href=\"mailto:catedraestudosglobais.ceg.uab@gmail.com\">catedraestudosglobais.ceg.uab@gmail.com<\/a><\/p>\n<p>&nbsp;<\/p>\n<hr \/>\n<h3><span style=\"color: #993300\"><strong>Parceira:<\/strong><\/span><\/h3>\n<p>&nbsp;<\/p>\n<h3><strong>C\u00e1tedra UNITWIN UNESCO, A Cidade que Educa e Transforma<\/strong><\/h3>\n<p>&nbsp;<\/p>\n<p><img loading=\"lazy\" decoding=\"async\" class=\"alignnone wp-image-2441\" src=\"https:\/\/portal.uab.pt\/investigacao\/wp-content\/uploads\/sites\/22\/2023\/12\/Logo_Cidade-que-Educa-e-Transf-300x72.jpg\" alt=\"\" width=\"400\" height=\"96\" srcset=\"https:\/\/portal.uab.pt\/investigacao\/wp-content\/uploads\/sites\/22\/2023\/12\/Logo_Cidade-que-Educa-e-Transf-300x72.jpg 300w, https:\/\/portal.uab.pt\/investigacao\/wp-content\/uploads\/sites\/22\/2023\/12\/Logo_Cidade-que-Educa-e-Transf-768x184.jpg 768w, https:\/\/portal.uab.pt\/investigacao\/wp-content\/uploads\/sites\/22\/2023\/12\/Logo_Cidade-que-Educa-e-Transf.jpg 844w\" sizes=\"auto, (max-width: 400px) 100vw, 400px\" \/><\/p>\n<p>&nbsp;<\/p>\n<p>A C\u00e1tedra UNITWIN UNESCO, A Cidade que Educa e Transforma, da RICET \u2013 Rede Internacional Cidade que Educa e Transforma, \u00e9 liderada pelo ISEC Lisboa e foi criada em 2023.<\/p>\n<p>Esta C\u00e1tegra visa cumprir os seguintes objetivos:<\/p>\n<p>A promo\u00e7\u00e3o de um sistema integrado de atividades de investiga\u00e7\u00e3o, forma\u00e7\u00e3o e documenta\u00e7\u00e3o na \u00e1rea das Cidades Educadoras e a divulga\u00e7\u00e3o de conhecimentos sobre o conceito de uma cidade educadora, a fim de permitir modelos de governa\u00e7\u00e3o em linha com os ODS;<\/p>\n<p>A Investiga\u00e7\u00e3o e reflex\u00e3o sobre as pr\u00e1ticas baseadas em modelos de governa\u00e7\u00e3o inspirados no conceito de Cidades Educadoras e suas respostas aos problemas emergentes das sociedades, especialmente na perspetiva da consolida\u00e7\u00e3o de democracias;<\/p>\n<p>A cria\u00e7\u00e3o de uma Rede de conhecimento que permita aos governos locais oferecer uma oferta diversificada de respostas equitativas e justas para os problemas da sociedade contempor\u00e2nea;<\/p>\n<p>A coopera\u00e7\u00e3o e colabora\u00e7\u00e3o na constru\u00e7\u00e3o de sociedades do conhecimento atrav\u00e9s de diferentes estrat\u00e9gias de cidades educadoras.<\/p>\n<p>&nbsp;<\/p>\n<p>A Universidade Aberta<a href=\"https:\/\/portal.uab.pt\/noticias\/adesao-a-catedra-unesco-cidade-que-educa-e-transforma\/\" target=\"_blank\" rel=\"noopener\"> aderiu oficialmente<\/a> \u00e0 C\u00e1tedra UNITWIN UNESCO, A Cidade que Educa e Transforma, a 19 de dezembro de 2023.<\/p>\n<p>&nbsp;<\/p>\n<p><strong>Link: <\/strong><a href=\"https:\/\/unitwin.iseclisboa.pt\/\" target=\"_blank\" rel=\"noopener\">https:\/\/unitwin.iseclisboa.pt\/<\/a><\/p>\n<p><strong>Coordenador geral:<\/strong> <a href=\"https:\/\/orcid.org\/0000-0002-2464-8886\" target=\"_blank\" rel=\"noopener\">Isabel Cristina Ferreira Neves Baltazar<\/a><\/p>\n<p><strong>Coordenador UAb:<\/strong> <a href=\"https:\/\/paginapessoal.uab.pt\/apalmeida\" target=\"_blank\" rel=\"noopener\">Ana Patr\u00edcia Almeida<\/a><\/p>\n<p><strong>Email:<\/strong> <a href=\"mailto:catedra.unesco@iseclisboa.pt\">catedra.unesco@iseclisboa.pt<\/a><\/p>\n<p>&nbsp;<\/p>\n<hr \/>\n<h3><strong>C\u00e1tedra UNESCO em Educa\u00e7\u00e3o e Ci\u00eancia para o Desenvolvimento e Bem-estar Humano (EDUWELL)<\/strong><\/h3>\n<p>&nbsp;<\/p>\n<p><img loading=\"lazy\" decoding=\"async\" class=\"alignnone size-medium wp-image-2443\" src=\"https:\/\/portal.uab.pt\/investigacao\/wp-content\/uploads\/sites\/22\/2023\/12\/Logo_Eduwell_2-300x45.png\" alt=\"\" width=\"300\" height=\"45\" srcset=\"https:\/\/portal.uab.pt\/investigacao\/wp-content\/uploads\/sites\/22\/2023\/12\/Logo_Eduwell_2-300x45.png 300w, https:\/\/portal.uab.pt\/investigacao\/wp-content\/uploads\/sites\/22\/2023\/12\/Logo_Eduwell_2.png 597w\" sizes=\"auto, (max-width: 300px) 100vw, 300px\" \/><\/p>\n<p>&nbsp;<\/p>\n<p>A C\u00e1tedra UNESCO em Educa\u00e7\u00e3o e Ci\u00eancia para o Desenvolvimento e Bem-estar Humano (EDUWELL), da Universidade de \u00c9vora, criada em 2021, tem como objetivo fazer face \u00e0s desigualdades tecnol\u00f3gicas, de educa\u00e7\u00e3o e de conhecimento cient\u00edfico, que se constituem como alguns dos maiores desafios do s\u00e9culo XXI.<\/p>\n<p>Atrav\u00e9s de uma abordagem multidisciplinar assente nas \u00e1reas da Educa\u00e7\u00e3o e da Ci\u00eancia, visa preparar as novas gera\u00e7\u00f5es para enfrentarem os desafios futuros de um mundo global altamente competitivo, apostando na cria\u00e7\u00e3o de bolsas de estudo, programas de p\u00f3s-gradua\u00e7\u00e3o, forma\u00e7\u00f5es de curta dura\u00e7\u00e3o e incentivos \u00e0 investiga\u00e7\u00e3o e ao desenvolvimento das suas institui\u00e7\u00f5es, como formas de, em rede, promover a aprendizagem, a transfer\u00eancia de conhecimento, a cria\u00e7\u00e3o de oportunidades e o debate cient\u00edfico entre as v\u00e1rias entidades parceiras.<\/p>\n<p>&nbsp;<\/p>\n<p><strong>Link:<\/strong> <a href=\"https:\/\/www.uevora.pt\/investigar\/catedras\/catedra-unesco-eduwell\" target=\"_blank\" rel=\"noopener\">https:\/\/www.uevora.pt\/investigar\/catedras\/catedra-unesco-eduwell<\/a><\/p>\n<p><strong>Coordenador geral:<\/strong> <a href=\"https:\/\/www.uevora.pt\/pessoas?id=5125\" target=\"_blank\" rel=\"noopener\">Maria Manuela Morais<\/a><\/p>\n<p><strong>Coordenador UAb:<\/strong> <a href=\"https:\/\/paginapessoal.uab.pt\/sales\" target=\"_blank\" rel=\"noopener\">Jos\u00e9 Sales<\/a><\/p>\n<p><strong>Email:<\/strong> <a href=\"mailto:catedraeduwell@acad-ciencias.pt\">catedraeduwell@acad-ciencias.pt<\/a><\/p>\n<p>&nbsp;<\/p>","protected":false},"excerpt":{"rendered":"<p>C\u00e1tedras e Redes UNITWIN UNESCO As C\u00e1tedras e Redes UNITWIN UNESCO comp\u00f5em o Programa da UNESCO de coopera\u00e7\u00e3o entre institui\u00e7\u00f5es de ensino&#x2026; <a class=\"\" href=\"https:\/\/portal.uab.pt\/investigacao\/catedras\/\">Ler +<\/a><\/p>\n","protected":false},"author":202,"featured_media":0,"parent":0,"menu_order":0,"comment_status":"closed","ping_status":"closed","template":"","meta":{"footnotes":""},"class_list":["post-2435","page","type-page","status-publish","hentry"],"_links":{"self":[{"href":"https:\/\/portal.uab.pt\/investigacao\/wp-json\/wp\/v2\/pages\/2435","targetHints":{"allow":["GET"]}}],"collection":[{"href":"https:\/\/portal.uab.pt\/investigacao\/wp-json\/wp\/v2\/pages"}],"about":[{"href":"https:\/\/portal.uab.pt\/investigacao\/wp-json\/wp\/v2\/types\/page"}],"author":[{"embeddable":true,"href":"https:\/\/portal.uab.pt\/investigacao\/wp-json\/wp\/v2\/users\/202"}],"replies":[{"embeddable":true,"href":"https:\/\/portal.uab.pt\/investigacao\/wp-json\/wp\/v2\/comments?post=2435"}],"version-history":[{"count":13,"href":"https:\/\/portal.uab.pt\/investigacao\/wp-json\/wp\/v2\/pages\/2435\/revisions"}],"predecessor-version":[{"id":2658,"href":"https:\/\/portal.uab.pt\/investigacao\/wp-json\/wp\/v2\/pages\/2435\/revisions\/2658"}],"wp:attachment":[{"href":"https:\/\/portal.uab.pt\/investigacao\/wp-json\/wp\/v2\/media?parent=2435"}],"curies":[{"name":"wp","href":"https:\/\/api.w.org\/{rel}","templated":true}]}}