{"id":778,"date":"2022-05-24T15:16:06","date_gmt":"2022-05-24T15:16:06","guid":{"rendered":"https:\/\/portal.uab.pt\/investiga\/?page_id=778"},"modified":"2025-11-25T09:36:33","modified_gmt":"2025-11-25T09:36:33","slug":"unidades-de-investigacao","status":"publish","type":"page","link":"https:\/\/portal.uab.pt\/investigacao\/unidades-de-investigacao\/","title":{"rendered":""},"content":{"rendered":"<p>As <strong>Unidade de Investiga\u00e7\u00e3o<\/strong> acolhidas pela UAb s\u00e3o estruturas destinadas \u00e0 realiza\u00e7\u00e3o de atividades de investiga\u00e7\u00e3o, transfer\u00eancia de conhecimento, difus\u00e3o da cultura e presta\u00e7\u00e3o de servi\u00e7os especializados encontram-se definidas nos Estatutos da UAb (artigo 52.\u00ba), onde, para al\u00e9m dos <strong>Centros de Investiga\u00e7\u00e3o<\/strong>, \u00e9 igualmente referida a exist\u00eancia de <strong>N\u00facleos, Polos ou Extens\u00f5es<\/strong>.<\/p>\n<p>Estas estruturas abrangem as diferentes \u00e1reas cient\u00edficas da Universidade e constituem um contributo muito significativo para a produ\u00e7\u00e3o, desenvolvimento e divulga\u00e7\u00e3o do conhecimento cient\u00edfico.<\/p>\n<p>Acresce que a utiliza\u00e7\u00e3o das diferentes designa\u00e7\u00f5es respeita os estatutos e regulamentos internos de cada institui\u00e7\u00e3o que acolhe os Centros de Investiga\u00e7\u00e3o que integram estas estruturas, mantendo-se, independentemente da terminologia adotada, a mesma finalidade cient\u00edfica e estrat\u00e9gica.<\/p>\n<p>Os docentes, investigadores e estudantes de p\u00f3s-gradua\u00e7\u00e3o da Institui\u00e7\u00e3o trabalham em articula\u00e7\u00e3o com investigadores de outras universidades e institutos, encontrando-se integrados em redes estrat\u00e9gicas que impulsionam projetos inovadores com impacto a n\u00edvel regional, nacional e internacional.<\/p>\n<p>&nbsp;<\/p>\n<hr \/>\n<p><\/p>","protected":false},"excerpt":{"rendered":"<p>As Unidade de Investiga\u00e7\u00e3o acolhidas pela UAb s\u00e3o estruturas destinadas \u00e0 realiza\u00e7\u00e3o de atividades de investiga\u00e7\u00e3o, transfer\u00eancia de conhecimento, difus\u00e3o da cultura&#x2026; <a class=\"\" href=\"https:\/\/portal.uab.pt\/investigacao\/unidades-de-investigacao\/\">Ler +<\/a><\/p>\n","protected":false},"author":1,"featured_media":0,"parent":0,"menu_order":3,"comment_status":"closed","ping_status":"closed","template":"T-centros.php","meta":{"footnotes":""},"class_list":["post-778","page","type-page","status-publish","hentry"],"_links":{"self":[{"href":"https:\/\/portal.uab.pt\/investigacao\/wp-json\/wp\/v2\/pages\/778","targetHints":{"allow":["GET"]}}],"collection":[{"href":"https:\/\/portal.uab.pt\/investigacao\/wp-json\/wp\/v2\/pages"}],"about":[{"href":"https:\/\/portal.uab.pt\/investigacao\/wp-json\/wp\/v2\/types\/page"}],"author":[{"embeddable":true,"href":"https:\/\/portal.uab.pt\/investigacao\/wp-json\/wp\/v2\/users\/1"}],"replies":[{"embeddable":true,"href":"https:\/\/portal.uab.pt\/investigacao\/wp-json\/wp\/v2\/comments?post=778"}],"version-history":[{"count":17,"href":"https:\/\/portal.uab.pt\/investigacao\/wp-json\/wp\/v2\/pages\/778\/revisions"}],"predecessor-version":[{"id":2911,"href":"https:\/\/portal.uab.pt\/investigacao\/wp-json\/wp\/v2\/pages\/778\/revisions\/2911"}],"wp:attachment":[{"href":"https:\/\/portal.uab.pt\/investigacao\/wp-json\/wp\/v2\/media?parent=778"}],"curies":[{"name":"wp","href":"https:\/\/api.w.org\/{rel}","templated":true}]}}