{"id":1137,"date":"2019-01-16T14:42:42","date_gmt":"2019-01-16T14:42:42","guid":{"rendered":"https:\/\/portal.uab.pt\/si\/?page_id=1137"},"modified":"2020-11-13T17:24:20","modified_gmt":"2020-11-13T17:24:20","slug":"copia-e-impressao-2","status":"publish","type":"page","link":"https:\/\/portal.uab.pt\/si\/en\/copia-e-impressao-2\/","title":{"rendered":"(Portugu\u00eas) C\u00f3pia e Impress\u00e3o"},"content":{"rendered":"<p class=\"qtranxs-available-languages-message qtranxs-available-languages-message-en\">Sorry, this entry is only available in <a href=\"https:\/\/portal.uab.pt\/si\/pt\/wp-json\/wp\/v2\/pages\/1137\" class=\"qtranxs-available-language-link qtranxs-available-language-link-pt\" title=\"Portugu\u00eas\">Portugu\u00eas<\/a>.<\/p>","protected":false},"excerpt":{"rendered":"<p>Sorry, this entry is only available in Portugu\u00eas.<\/p>\n","protected":false},"author":1,"featured_media":1132,"parent":0,"menu_order":2,"comment_status":"closed","ping_status":"closed","template":"","meta":{"footnotes":""},"class_list":["post-1137","page","type-page","status-publish","has-post-thumbnail","hentry","post-thumb"],"_links":{"self":[{"href":"https:\/\/portal.uab.pt\/si\/en\/wp-json\/wp\/v2\/pages\/1137","targetHints":{"allow":["GET"]}}],"collection":[{"href":"https:\/\/portal.uab.pt\/si\/en\/wp-json\/wp\/v2\/pages"}],"about":[{"href":"https:\/\/portal.uab.pt\/si\/en\/wp-json\/wp\/v2\/types\/page"}],"author":[{"embeddable":true,"href":"https:\/\/portal.uab.pt\/si\/en\/wp-json\/wp\/v2\/users\/1"}],"replies":[{"embeddable":true,"href":"https:\/\/portal.uab.pt\/si\/en\/wp-json\/wp\/v2\/comments?post=1137"}],"version-history":[{"count":27,"href":"https:\/\/portal.uab.pt\/si\/en\/wp-json\/wp\/v2\/pages\/1137\/revisions"}],"predecessor-version":[{"id":1691,"href":"https:\/\/portal.uab.pt\/si\/en\/wp-json\/wp\/v2\/pages\/1137\/revisions\/1691"}],"wp:featuredmedia":[{"embeddable":true,"href":"https:\/\/portal.uab.pt\/si\/en\/wp-json\/wp\/v2\/media\/1132"}],"wp:attachment":[{"href":"https:\/\/portal.uab.pt\/si\/en\/wp-json\/wp\/v2\/media?parent=1137"}],"curies":[{"name":"wp","href":"https:\/\/api.w.org\/{rel}","templated":true}]}}