{"id":1173,"date":"2019-01-16T16:17:12","date_gmt":"2019-01-16T16:17:12","guid":{"rendered":"https:\/\/portal.uab.pt\/si\/?page_id=1173"},"modified":"2019-09-11T15:20:46","modified_gmt":"2019-09-11T15:20:46","slug":"redes-e-comunicacoes","status":"publish","type":"page","link":"https:\/\/portal.uab.pt\/si\/en\/redes-e-comunicacoes\/","title":{"rendered":"(Portugu\u00eas) Redes e Comunica\u00e7\u00f5es"},"content":{"rendered":"<p class=\"qtranxs-available-languages-message qtranxs-available-languages-message-en\">Sorry, this entry is only available in <a href=\"https:\/\/portal.uab.pt\/si\/pt\/wp-json\/wp\/v2\/pages\/1173\" class=\"qtranxs-available-language-link qtranxs-available-language-link-pt\" title=\"Portugu\u00eas\">Portugu\u00eas<\/a>.<\/p>","protected":false},"excerpt":{"rendered":"<p>Sorry, this entry is only available in Portugu\u00eas.<\/p>\n","protected":false},"author":1,"featured_media":1128,"parent":0,"menu_order":2,"comment_status":"closed","ping_status":"closed","template":"T-category.php","meta":{"footnotes":""},"class_list":["post-1173","page","type-page","status-publish","has-post-thumbnail","hentry","post-thumb"],"_links":{"self":[{"href":"https:\/\/portal.uab.pt\/si\/en\/wp-json\/wp\/v2\/pages\/1173","targetHints":{"allow":["GET"]}}],"collection":[{"href":"https:\/\/portal.uab.pt\/si\/en\/wp-json\/wp\/v2\/pages"}],"about":[{"href":"https:\/\/portal.uab.pt\/si\/en\/wp-json\/wp\/v2\/types\/page"}],"author":[{"embeddable":true,"href":"https:\/\/portal.uab.pt\/si\/en\/wp-json\/wp\/v2\/users\/1"}],"replies":[{"embeddable":true,"href":"https:\/\/portal.uab.pt\/si\/en\/wp-json\/wp\/v2\/comments?post=1173"}],"version-history":[{"count":17,"href":"https:\/\/portal.uab.pt\/si\/en\/wp-json\/wp\/v2\/pages\/1173\/revisions"}],"predecessor-version":[{"id":1426,"href":"https:\/\/portal.uab.pt\/si\/en\/wp-json\/wp\/v2\/pages\/1173\/revisions\/1426"}],"wp:featuredmedia":[{"embeddable":true,"href":"https:\/\/portal.uab.pt\/si\/en\/wp-json\/wp\/v2\/media\/1128"}],"wp:attachment":[{"href":"https:\/\/portal.uab.pt\/si\/en\/wp-json\/wp\/v2\/media?parent=1173"}],"curies":[{"name":"wp","href":"https:\/\/api.w.org\/{rel}","templated":true}]}}