{"id":1156,"date":"2019-01-16T15:32:43","date_gmt":"2019-01-16T15:32:43","guid":{"rendered":"https:\/\/portal.uab.pt\/si\/?page_id=1156"},"modified":"2019-09-19T08:03:03","modified_gmt":"2019-09-19T08:03:03","slug":"apoio-ao-utilizador","status":"publish","type":"page","link":"https:\/\/portal.uab.pt\/si\/apoio-ao-utilizador\/","title":{"rendered":"Apoio ao Utilizador"},"content":{"rendered":"<p><\/p>\n<div>\n<p>A Universidade Aberta disponibiliza \u00e0 comunidade acad\u00e9mica um conjunto de servi\u00e7os de apoio diferenciado. Para obter ajuda escolha a op\u00e7\u00e3o mais indicada<\/p>\n<\/div>\n<hr \/>\n<p>&nbsp;<\/p>","protected":false},"excerpt":{"rendered":"<p>A Universidade Aberta disponibiliza \u00e0 comunidade acad\u00e9mica um conjunto de servi\u00e7os de apoio diferenciado. Para obter ajuda escolha a op\u00e7\u00e3o mais indicada &nbsp;<\/p>\n","protected":false},"author":1,"featured_media":1130,"parent":0,"menu_order":1,"comment_status":"closed","ping_status":"closed","template":"T-category.php","meta":{"footnotes":""},"class_list":["post-1156","page","type-page","status-publish","has-post-thumbnail","hentry","post-thumb"],"_links":{"self":[{"href":"https:\/\/portal.uab.pt\/si\/wp-json\/wp\/v2\/pages\/1156","targetHints":{"allow":["GET"]}}],"collection":[{"href":"https:\/\/portal.uab.pt\/si\/wp-json\/wp\/v2\/pages"}],"about":[{"href":"https:\/\/portal.uab.pt\/si\/wp-json\/wp\/v2\/types\/page"}],"author":[{"embeddable":true,"href":"https:\/\/portal.uab.pt\/si\/wp-json\/wp\/v2\/users\/1"}],"replies":[{"embeddable":true,"href":"https:\/\/portal.uab.pt\/si\/wp-json\/wp\/v2\/comments?post=1156"}],"version-history":[{"count":26,"href":"https:\/\/portal.uab.pt\/si\/wp-json\/wp\/v2\/pages\/1156\/revisions"}],"predecessor-version":[{"id":1582,"href":"https:\/\/portal.uab.pt\/si\/wp-json\/wp\/v2\/pages\/1156\/revisions\/1582"}],"wp:featuredmedia":[{"embeddable":true,"href":"https:\/\/portal.uab.pt\/si\/wp-json\/wp\/v2\/media\/1130"}],"wp:attachment":[{"href":"https:\/\/portal.uab.pt\/si\/wp-json\/wp\/v2\/media?parent=1156"}],"curies":[{"name":"wp","href":"https:\/\/api.w.org\/{rel}","templated":true}]}}