{"id":1173,"date":"2019-01-16T16:17:12","date_gmt":"2019-01-16T16:17:12","guid":{"rendered":"https:\/\/portal.uab.pt\/si\/?page_id=1173"},"modified":"2019-09-11T15:20:46","modified_gmt":"2019-09-11T15:20:46","slug":"redes-e-comunicacoes","status":"publish","type":"page","link":"https:\/\/portal.uab.pt\/si\/redes-e-comunicacoes\/","title":{"rendered":"Redes e Comunica\u00e7\u00f5es"},"content":{"rendered":"<p>A Universidade Aberta possui uma infraestrutura de comunica\u00e7\u00e3o ao servi\u00e7o\u00a0da comunidade acad\u00e9mica, dispon\u00edvel nas diferentes localiza\u00e7\u00f5es da representa\u00e7\u00e3o da UAb, nomeadamente na Rua da Escola Polit\u00e9cnica (Sede), na Rua Almirante Barroso em Lisboa, e nas Delega\u00e7\u00f5es Norte e Centro.<\/p>\n<p>A rede pode ser utilizada por todos os docentes, estudantes e funcion\u00e1rios da Universidade Aberta, bem como por visitantes de qualquer outra institui\u00e7\u00e3o que se encontrem nas instala\u00e7\u00f5es da UAb.<\/p>\n<p>Esta rede \u00e9 gerida e mantida pelos Servi\u00e7os de Inform\u00e1tica da UAb, que simultaneamente garante a toda a comunidade UAb a conetividade IP.<\/p>\n<p>No conjunto da sua infraestrutura, a Universidade Aberta disponibiliza rede cablada, rede sem fios, rede virtual privada (VPN), comunica\u00e7\u00f5es SIP e comunica\u00e7\u00f5es m\u00f3veis.<\/p>\n<p>&nbsp;<\/p>\n<hr \/>\n<p>&nbsp;<\/p>","protected":false},"excerpt":{"rendered":"<p>A Universidade Aberta possui uma infraestrutura de comunica\u00e7\u00e3o ao servi\u00e7o\u00a0da comunidade acad\u00e9mica, dispon\u00edvel nas diferentes localiza\u00e7\u00f5es da representa\u00e7\u00e3o da UAb, nomeadamente na Rua da Escola Polit\u00e9cnica (Sede), na Rua Almirante Barroso em Lisboa, e nas Delega\u00e7\u00f5es Norte e Centro. A rede pode ser utilizada por todos os docentes, estudantes e funcion\u00e1rios da Universidade Aberta, bem<a class=\"more-link\" href=\"https:\/\/portal.uab.pt\/si\/redes-e-comunicacoes\/\">Ler +<\/a><\/p>\n","protected":false},"author":1,"featured_media":1128,"parent":0,"menu_order":2,"comment_status":"closed","ping_status":"closed","template":"T-category.php","meta":{"footnotes":""},"class_list":["post-1173","page","type-page","status-publish","has-post-thumbnail","hentry","post-thumb"],"_links":{"self":[{"href":"https:\/\/portal.uab.pt\/si\/wp-json\/wp\/v2\/pages\/1173","targetHints":{"allow":["GET"]}}],"collection":[{"href":"https:\/\/portal.uab.pt\/si\/wp-json\/wp\/v2\/pages"}],"about":[{"href":"https:\/\/portal.uab.pt\/si\/wp-json\/wp\/v2\/types\/page"}],"author":[{"embeddable":true,"href":"https:\/\/portal.uab.pt\/si\/wp-json\/wp\/v2\/users\/1"}],"replies":[{"embeddable":true,"href":"https:\/\/portal.uab.pt\/si\/wp-json\/wp\/v2\/comments?post=1173"}],"version-history":[{"count":17,"href":"https:\/\/portal.uab.pt\/si\/wp-json\/wp\/v2\/pages\/1173\/revisions"}],"predecessor-version":[{"id":1426,"href":"https:\/\/portal.uab.pt\/si\/wp-json\/wp\/v2\/pages\/1173\/revisions\/1426"}],"wp:featuredmedia":[{"embeddable":true,"href":"https:\/\/portal.uab.pt\/si\/wp-json\/wp\/v2\/media\/1128"}],"wp:attachment":[{"href":"https:\/\/portal.uab.pt\/si\/wp-json\/wp\/v2\/media?parent=1173"}],"curies":[{"name":"wp","href":"https:\/\/api.w.org\/{rel}","templated":true}]}}