{"id":1721,"date":"2021-01-12T16:28:53","date_gmt":"2021-01-12T16:28:53","guid":{"rendered":"https:\/\/portal.uab.pt\/si\/?page_id=1721"},"modified":"2022-06-17T09:54:05","modified_gmt":"2022-06-17T09:54:05","slug":"correio-eletronico-2","status":"publish","type":"page","link":"https:\/\/portal.uab.pt\/si\/correio-eletronico-2\/","title":{"rendered":"Correio Eletr\u00f3nico"},"content":{"rendered":"<p><\/p>\n<div>\n<p>O servi\u00e7o de correio eletr\u00f3nico encontra-se dispon\u00edvel para docentes e funcion\u00e1rios da Universidade Aberta no endere\u00e7o <a href=\"https:\/\/office.com\">office.com<\/a><\/p>\n<p>Para aceder utilize as suas credenciais no formato <strong>nomedeutilizador@uab.pt<\/strong>, seguido da sua palavra-passe.<\/p>\n<p>Para obter mais informa\u00e7\u00f5es sobre como configurar o equipamento inform\u00e1tico clique numa das op\u00e7\u00f5es seguintes.<\/p>\n<\/div>\n<hr \/>\n<p><\/p>","protected":false},"excerpt":{"rendered":"<p>O servi\u00e7o de correio eletr\u00f3nico encontra-se dispon\u00edvel para docentes e funcion\u00e1rios da Universidade Aberta no endere\u00e7o office.com Para aceder utilize as suas credenciais no formato nomedeutilizador@uab.pt, seguido da sua palavra-passe. Para obter mais informa\u00e7\u00f5es sobre como configurar o equipamento inform\u00e1tico clique numa das op\u00e7\u00f5es seguintes.<\/p>\n","protected":false},"author":1,"featured_media":1133,"parent":0,"menu_order":3,"comment_status":"closed","ping_status":"closed","template":"T-category.php","meta":{"footnotes":""},"class_list":["post-1721","page","type-page","status-publish","has-post-thumbnail","hentry","post-thumb"],"_links":{"self":[{"href":"https:\/\/portal.uab.pt\/si\/wp-json\/wp\/v2\/pages\/1721","targetHints":{"allow":["GET"]}}],"collection":[{"href":"https:\/\/portal.uab.pt\/si\/wp-json\/wp\/v2\/pages"}],"about":[{"href":"https:\/\/portal.uab.pt\/si\/wp-json\/wp\/v2\/types\/page"}],"author":[{"embeddable":true,"href":"https:\/\/portal.uab.pt\/si\/wp-json\/wp\/v2\/users\/1"}],"replies":[{"embeddable":true,"href":"https:\/\/portal.uab.pt\/si\/wp-json\/wp\/v2\/comments?post=1721"}],"version-history":[{"count":4,"href":"https:\/\/portal.uab.pt\/si\/wp-json\/wp\/v2\/pages\/1721\/revisions"}],"predecessor-version":[{"id":1963,"href":"https:\/\/portal.uab.pt\/si\/wp-json\/wp\/v2\/pages\/1721\/revisions\/1963"}],"wp:featuredmedia":[{"embeddable":true,"href":"https:\/\/portal.uab.pt\/si\/wp-json\/wp\/v2\/media\/1133"}],"wp:attachment":[{"href":"https:\/\/portal.uab.pt\/si\/wp-json\/wp\/v2\/media?parent=1721"}],"curies":[{"name":"wp","href":"https:\/\/api.w.org\/{rel}","templated":true}]}}