{"id":1559,"date":"2022-12-05T09:41:48","date_gmt":"2022-12-05T09:41:48","guid":{"rendered":"https:\/\/portal.uab.pt\/umcla\/?page_id=1559"},"modified":"2026-03-25T12:15:56","modified_gmt":"2026-03-25T12:15:56","slug":"agenda","status":"publish","type":"page","link":"https:\/\/portal.uab.pt\/uct\/agenda\/","title":{"rendered":"Agenda"},"content":{"rendered":"<p><\/p>\n<p class=\"xmsonormal\">No cumprimento da sua miss\u00e3o, os Centros locais (CLA) de Aprendizagem da Universidade Aberta procuram refor\u00e7ar o papel da Universidade na transfer\u00eancia do conhecimento, em prol do desenvolvimento da sociedade. \u00c9 sob este desiderato que os CLA organizam in\u00fameros eventos abertos ao p\u00fablico em geral ou destinados a p\u00fablicos espec\u00edficos.<\/p>\n<p class=\"xmsonormal\">Neste espa\u00e7o fique a conhecer os pr\u00f3ximos eventos desta rede. Se quiser, pode receber esta informa\u00e7\u00e3o mensalmente subscrevendo <a href=\"https:\/\/newsletter.uab.pt\/phplist\/?p=subscribe&amp;id=3\">AQUI<\/a> a nossa Agenda de Eventos dos CLA.<\/p>\n<p><span style=\"font-size: 11.0pt;\">\u00a0<\/span><\/p>","protected":false},"excerpt":{"rendered":"<p>No cumprimento da sua miss\u00e3o, os Centros locais (CLA) de Aprendizagem da Universidade Aberta procuram refor\u00e7ar o papel da Universidade na transfer\u00eancia do conhecimento, em prol do desenvolvimento da sociedade. \u00c9 sob este desiderato que os CLA organizam in\u00fameros eventos abertos ao p\u00fablico em geral ou destinados a p\u00fablicos espec\u00edficos. Neste espa\u00e7o fique a conhecer<a class=\"more-link\" href=\"https:\/\/portal.uab.pt\/uct\/agenda\/\">Ler +<\/a><\/p>\n","protected":false},"author":219,"featured_media":0,"parent":0,"menu_order":0,"comment_status":"closed","ping_status":"closed","template":"T-agenda.php","meta":{"footnotes":""},"class_list":["post-1559","page","type-page","status-publish","hentry"],"_links":{"self":[{"href":"https:\/\/portal.uab.pt\/uct\/wp-json\/wp\/v2\/pages\/1559","targetHints":{"allow":["GET"]}}],"collection":[{"href":"https:\/\/portal.uab.pt\/uct\/wp-json\/wp\/v2\/pages"}],"about":[{"href":"https:\/\/portal.uab.pt\/uct\/wp-json\/wp\/v2\/types\/page"}],"author":[{"embeddable":true,"href":"https:\/\/portal.uab.pt\/uct\/wp-json\/wp\/v2\/users\/219"}],"replies":[{"embeddable":true,"href":"https:\/\/portal.uab.pt\/uct\/wp-json\/wp\/v2\/comments?post=1559"}],"version-history":[{"count":24,"href":"https:\/\/portal.uab.pt\/uct\/wp-json\/wp\/v2\/pages\/1559\/revisions"}],"predecessor-version":[{"id":4866,"href":"https:\/\/portal.uab.pt\/uct\/wp-json\/wp\/v2\/pages\/1559\/revisions\/4866"}],"wp:attachment":[{"href":"https:\/\/portal.uab.pt\/uct\/wp-json\/wp\/v2\/media?parent=1559"}],"curies":[{"name":"wp","href":"https:\/\/api.w.org\/{rel}","templated":true}]}}