{"id":465,"date":"2022-04-19T15:26:24","date_gmt":"2022-04-19T15:26:24","guid":{"rendered":"https:\/\/portal.uab.pt\/umcla\/?page_id=465"},"modified":"2023-07-11T14:38:36","modified_gmt":"2023-07-11T14:38:36","slug":"aconteceu-no-local","status":"publish","type":"page","link":"https:\/\/portal.uab.pt\/uct\/aconteceu-no-local\/","title":{"rendered":"Aconteceu no Local"},"content":{"rendered":"<p>No \u00e2mbito da sua miss\u00e3o e do seu enquadramento territorial, os Centros Locais de Aprendizagem procuram desenvolver uma interven\u00e7\u00e3o, em termos culturais e educativos, alinhada com as din\u00e2micas locais e de acordo com as especificidades da respetiva \u00e1rea de influ\u00eancia. Desta interven\u00e7\u00e3o resultam in\u00fameras atividades organizadas pelos CLA e em parceria com entidades locais.<\/p>\n<p>Damos-lhe a conhecer um pouco mais sobre algumas das atividades\u00a0 que aconteceram na rede de CLA.<\/p>\n<p>Se quiser aprofundar algumas das mat\u00e9rias abordadas nestes eventos, consulte <span style=\"color: #993300\"><a style=\"color: #993300\" href=\"https:\/\/www.youtube.com\/playlist?list=PLKwvz9avawn9K2MvWafGDfVSu6SZ763LE\" target=\"_blank\" rel=\"noopener\"><strong>aqui <\/strong><\/a><\/span>as nossas grava\u00e7\u00f5es do Aconteceu no Local.<\/p>","protected":false},"excerpt":{"rendered":"<p>No \u00e2mbito da sua miss\u00e3o e do seu enquadramento territorial, os Centros Locais de Aprendizagem procuram desenvolver uma interven\u00e7\u00e3o, em termos culturais e educativos, alinhada com as din\u00e2micas locais e de acordo com as especificidades da respetiva \u00e1rea de influ\u00eancia. Desta interven\u00e7\u00e3o resultam in\u00fameras atividades organizadas pelos CLA e em parceria com entidades locais. Damos-lhe<a class=\"more-link\" href=\"https:\/\/portal.uab.pt\/uct\/aconteceu-no-local\/\">Ler +<\/a><\/p>\n","protected":false},"author":25,"featured_media":0,"parent":0,"menu_order":0,"comment_status":"closed","ping_status":"closed","template":"T-noticias.php","meta":{"footnotes":""},"class_list":["post-465","page","type-page","status-publish","hentry"],"_links":{"self":[{"href":"https:\/\/portal.uab.pt\/uct\/wp-json\/wp\/v2\/pages\/465","targetHints":{"allow":["GET"]}}],"collection":[{"href":"https:\/\/portal.uab.pt\/uct\/wp-json\/wp\/v2\/pages"}],"about":[{"href":"https:\/\/portal.uab.pt\/uct\/wp-json\/wp\/v2\/types\/page"}],"author":[{"embeddable":true,"href":"https:\/\/portal.uab.pt\/uct\/wp-json\/wp\/v2\/users\/25"}],"replies":[{"embeddable":true,"href":"https:\/\/portal.uab.pt\/uct\/wp-json\/wp\/v2\/comments?post=465"}],"version-history":[{"count":24,"href":"https:\/\/portal.uab.pt\/uct\/wp-json\/wp\/v2\/pages\/465\/revisions"}],"predecessor-version":[{"id":4868,"href":"https:\/\/portal.uab.pt\/uct\/wp-json\/wp\/v2\/pages\/465\/revisions\/4868"}],"wp:attachment":[{"href":"https:\/\/portal.uab.pt\/uct\/wp-json\/wp\/v2\/media?parent=465"}],"curies":[{"name":"wp","href":"https:\/\/api.w.org\/{rel}","templated":true}]}}