{"id":56,"date":"2022-04-06T15:48:11","date_gmt":"2022-04-06T15:48:11","guid":{"rendered":"https:\/\/portal.uab.pt\/umcla\/?page_id=56"},"modified":"2026-03-25T10:59:38","modified_gmt":"2026-03-25T10:59:38","slug":"cla","status":"publish","type":"page","link":"https:\/\/portal.uab.pt\/uct\/cla\/","title":{"rendered":"CLA"},"content":{"rendered":"<p>Os\u00a0<strong>Centros Locais de Aprendizagem<\/strong>\u00a0s\u00e3o n\u00facleos vocacionados para a promo\u00e7\u00e3o de atividades orientadas pelos princ\u00edpios da\u00a0<a href=\"http:\/\/portal.uab.pt\/alv\/\">Aprendizagem ao Longo da Vida<\/a>.<br \/>\nResultam da cria\u00e7\u00e3o de parcerias entre a Universidade Aberta e a sociedade civil, procurando desenvolver uma interven\u00e7\u00e3o, em termos culturais e educativos, enquadrada nas din\u00e2micas locais e de acordo com as especificidades da respetiva \u00e1rea de influ\u00eancia.<br \/>\nPretendendo favorecer o acesso de amplos setores populacionais \u00e0 Sociedade da Informa\u00e7\u00e3o e do Conhecimento, a sua a\u00e7\u00e3o privilegia a aquisi\u00e7\u00e3o de compet\u00eancias no uso das Tecnologias Digitais, bem como o desenvolvimento de outras compet\u00eancias \u2013 acad\u00e9micas, profissionais, culturais e c\u00edvicas \u2013 em diferentes \u00e1reas.<br \/>\nNeste sentido, dinamizam a\u00e7\u00f5es educativas de \u00e2mbito formal, n\u00e3o-formal e informal, com vista \u00e0 oferta de oportunidades de aprendizagem \u00e0s popula\u00e7\u00f5es que, por circunst\u00e2ncias geogr\u00e1ficas, s\u00e3o particularmente suscet\u00edveis de exclus\u00e3o.<br \/>\nCabe ainda aos Centros Locais de Aprendizagem facultar o suporte log\u00edstico e instrumental aos estudantes residentes na respetiva \u00e1rea de interven\u00e7\u00e3o, assim como a responsabilidade de coordena\u00e7\u00e3o e organiza\u00e7\u00e3o do processo de avalia\u00e7\u00e3o presencial.<br \/>\nA divulga\u00e7\u00e3o da oferta educativa da Universidade Aberta e da especificidade do seu sistema de ensino-aprendizagem faz parte das fun\u00e7\u00f5es atribu\u00eddas aos Centros Locais de Aprendizagem.<\/p>","protected":false},"excerpt":{"rendered":"<p>Os\u00a0Centros Locais de Aprendizagem\u00a0s\u00e3o n\u00facleos vocacionados para a promo\u00e7\u00e3o de atividades orientadas pelos princ\u00edpios da\u00a0Aprendizagem ao Longo da Vida. Resultam da cria\u00e7\u00e3o de parcerias entre a Universidade Aberta e a sociedade civil, procurando desenvolver uma interven\u00e7\u00e3o, em termos culturais e educativos, enquadrada nas din\u00e2micas locais e de acordo com as especificidades da respetiva \u00e1rea de<a class=\"more-link\" href=\"https:\/\/portal.uab.pt\/uct\/cla\/\">Ler +<\/a><\/p>\n","protected":false},"author":1,"featured_media":0,"parent":0,"menu_order":0,"comment_status":"closed","ping_status":"closed","template":"T-umcla.php","meta":{"footnotes":""},"class_list":["post-56","page","type-page","status-publish","hentry"],"_links":{"self":[{"href":"https:\/\/portal.uab.pt\/uct\/wp-json\/wp\/v2\/pages\/56","targetHints":{"allow":["GET"]}}],"collection":[{"href":"https:\/\/portal.uab.pt\/uct\/wp-json\/wp\/v2\/pages"}],"about":[{"href":"https:\/\/portal.uab.pt\/uct\/wp-json\/wp\/v2\/types\/page"}],"author":[{"embeddable":true,"href":"https:\/\/portal.uab.pt\/uct\/wp-json\/wp\/v2\/users\/1"}],"replies":[{"embeddable":true,"href":"https:\/\/portal.uab.pt\/uct\/wp-json\/wp\/v2\/comments?post=56"}],"version-history":[{"count":2,"href":"https:\/\/portal.uab.pt\/uct\/wp-json\/wp\/v2\/pages\/56\/revisions"}],"predecessor-version":[{"id":73,"href":"https:\/\/portal.uab.pt\/uct\/wp-json\/wp\/v2\/pages\/56\/revisions\/73"}],"wp:attachment":[{"href":"https:\/\/portal.uab.pt\/uct\/wp-json\/wp\/v2\/media?parent=56"}],"curies":[{"name":"wp","href":"https:\/\/api.w.org\/{rel}","templated":true}]}}