{"id":6,"date":"2022-04-06T08:25:42","date_gmt":"2022-04-06T08:25:42","guid":{"rendered":"https:\/\/portal.uab.pt\/umcla\/?page_id=2"},"modified":"2026-03-25T12:09:53","modified_gmt":"2026-03-25T12:09:53","slug":"apresentacao","status":"publish","type":"page","link":"https:\/\/portal.uab.pt\/uct\/","title":{"rendered":"Apresenta\u00e7\u00e3o"},"content":{"rendered":"<p>A <strong>Unidade de Coordena\u00e7\u00e3o Territorial (UCT)<\/strong>,\u00a0funciona na depend\u00eancia direta da Reitoria da Universidade Aberta e tem como miss\u00e3o a coordena\u00e7\u00e3o e apoio das atividades dos <a href=\"https:\/\/portal.uab.pt\/umcla\/cla\/\" rel=\"noopener\">Centros Locais de Aprendizagem<\/a> <strong>(CLA)<\/strong> da Universidade Aberta.<\/p>\n<p>No \u00e2mbito da sua miss\u00e3o a UCT tem como principais atribui\u00e7\u00f5es a defini\u00e7\u00e3o de estrat\u00e9gias de desenvolvimento dos CLA, a promo\u00e7\u00e3o de parcerias com entidades locais, a media\u00e7\u00e3o da presen\u00e7a da UAb em eventos de natureza cultural e cient\u00edfica e a participa\u00e7\u00e3o em observat\u00f3rios e conselhos consultivos locais.<\/p>\n<p>A liga\u00e7\u00e3o entre os CLA e a UCT caracteriza-se por uma permanente e ativa rela\u00e7\u00e3o de proximidade, envolvendo os respetivos membros, numa l\u00f3gica departamental e em contextos de comunica\u00e7\u00e3o online e presenciais.<\/p>\n<div style=\"display: flex; align-items: center; width: 50%; margin-bottom: 20px; padding-left: 10px;\"><a style=\"margin-right: 10px; display: block;\" href=\"https:\/\/aulaberta.uab.pt\/blocks\/catalog\/detail.php?id=49\" target=\"_blank\" rel=\"noopener\"><br \/>\n<img loading=\"lazy\" decoding=\"async\" class=\"wp-image-949 alignleft\" style=\"max-width: 100%; height: auto; display: block;\" src=\"https:\/\/portal.uab.pt\/umcla\/wp-content\/uploads\/sites\/21\/2022\/06\/ApresentacaoAulaAberta-300x118.png\" alt=\"Informa\u00e7\u00f5es sobre os CLA na plataforma Aula Aberta\" width=\"369\" height=\"145\" srcset=\"https:\/\/portal.uab.pt\/uct\/wp-content\/uploads\/sites\/21\/2022\/06\/ApresentacaoAulaAberta-300x118.png 300w, https:\/\/portal.uab.pt\/uct\/wp-content\/uploads\/sites\/21\/2022\/06\/ApresentacaoAulaAberta-1024x401.png 1024w, https:\/\/portal.uab.pt\/uct\/wp-content\/uploads\/sites\/21\/2022\/06\/ApresentacaoAulaAberta-768x301.png 768w, https:\/\/portal.uab.pt\/uct\/wp-content\/uploads\/sites\/21\/2022\/06\/ApresentacaoAulaAberta.png 1500w\" sizes=\"auto, (max-width: 369px) 100vw, 369px\" \/><br \/>\n<\/a><\/p>\n<div><strong><a href=\"https:\/\/aulaberta.uab.pt\/blocks\/catalog\/detail.php?id=49\" target=\"_blank\" rel=\"noopener\">Saiba mais sobre os CLA na Aula Aberta<\/a><\/strong><\/div>\n<\/div>\n<\/div>\n<style>\n@media (max-width: 768px) {<br \/>  .wp-block-image.alignleft.size-medium,<br \/>  .wp-image-942,<br \/>  .wp-image-949 {<br \/>    width: 100% !important;<br \/>    height: auto !important;<br \/>    margin-right: 0 !important;<br \/>    margin-bottom: 10px !important;<br \/>  }<br \/>  div[style*=\"display: flex; align-items: center; width: 50%\"] {<br \/>    width: 100% !important;<br \/>    flex-direction: column;<br \/>    align-items: flex-start !important;<br \/>    padding-left: 0 !important;<br \/>    padding-right: 0 !important;<br \/>  }<br \/>  div[style*=\"margin-right: 10px; display: block;\"] {<br \/>    margin-right: 0 !important;<br \/>    margin-bottom: 5px !important;<br \/>  }<br \/>}<br \/><\/style>\n<p><\/p>","protected":false},"excerpt":{"rendered":"<p>A Unidade de Coordena\u00e7\u00e3o Territorial (UCT),\u00a0funciona na depend\u00eancia direta da Reitoria da Universidade Aberta e tem como miss\u00e3o a coordena\u00e7\u00e3o e apoio das atividades dos Centros Locais de Aprendizagem (CLA) da Universidade Aberta. No \u00e2mbito da sua miss\u00e3o a UCT tem como principais atribui\u00e7\u00f5es a defini\u00e7\u00e3o de estrat\u00e9gias de desenvolvimento dos CLA, a promo\u00e7\u00e3o de<a class=\"more-link\" href=\"https:\/\/portal.uab.pt\/uct\/\">Ler +<\/a><\/p>\n","protected":false},"author":1,"featured_media":0,"parent":0,"menu_order":0,"comment_status":"closed","ping_status":"open","template":"","meta":{"footnotes":""},"class_list":["post-6","page","type-page","status-publish","hentry"],"_links":{"self":[{"href":"https:\/\/portal.uab.pt\/uct\/wp-json\/wp\/v2\/pages\/6","targetHints":{"allow":["GET"]}}],"collection":[{"href":"https:\/\/portal.uab.pt\/uct\/wp-json\/wp\/v2\/pages"}],"about":[{"href":"https:\/\/portal.uab.pt\/uct\/wp-json\/wp\/v2\/types\/page"}],"author":[{"embeddable":true,"href":"https:\/\/portal.uab.pt\/uct\/wp-json\/wp\/v2\/users\/1"}],"replies":[{"embeddable":true,"href":"https:\/\/portal.uab.pt\/uct\/wp-json\/wp\/v2\/comments?post=6"}],"version-history":[{"count":53,"href":"https:\/\/portal.uab.pt\/uct\/wp-json\/wp\/v2\/pages\/6\/revisions"}],"predecessor-version":[{"id":4860,"href":"https:\/\/portal.uab.pt\/uct\/wp-json\/wp\/v2\/pages\/6\/revisions\/4860"}],"wp:attachment":[{"href":"https:\/\/portal.uab.pt\/uct\/wp-json\/wp\/v2\/media?parent=6"}],"curies":[{"name":"wp","href":"https:\/\/api.w.org\/{rel}","templated":true}]}}